{"id":144,"date":"2023-07-07T01:47:28","date_gmt":"2023-07-07T01:47:28","guid":{"rendered":"http:\/\/vibrationwelding.com\/?page_id=144"},"modified":"2024-04-10T03:47:47","modified_gmt":"2024-04-10T03:47:47","slug":"vibration-welding-tool","status":"publish","type":"page","link":"https:\/\/vibrationwelding.com\/de\/vibration-welding-tool\/","title":{"rendered":"Vibrationsschwei\u00dfger\u00e4t"},"content":{"rendered":"<div data-elementor-type=\"wp-page\" data-elementor-id=\"144\" class=\"elementor elementor-144\" data-elementor-post-type=\"page\">\n\t\t\t\t\t\t<section class=\"elementor-section elementor-top-section elementor-element elementor-element-23a4ac9 elementor-section-boxed elementor-section-height-default elementor-section-height-default\" data-id=\"23a4ac9\" data-element_type=\"section\" data-e-type=\"section\">\n\t\t\t\t\t\t<div class=\"elementor-container elementor-column-gap-default\">\n\t\t\t\t\t<div class=\"elementor-column elementor-col-100 elementor-top-column elementor-element elementor-element-42133d9\" data-id=\"42133d9\" data-element_type=\"column\" data-e-type=\"column\">\n\t\t\t<div class=\"elementor-widget-wrap elementor-element-populated\">\n\t\t\t\t\t\t<div class=\"elementor-element elementor-element-da309b1 elementor-widget elementor-widget-heading\" data-id=\"da309b1\" data-element_type=\"widget\" data-e-type=\"widget\" data-widget_type=\"heading.default\">\n\t\t\t\t<div class=\"elementor-widget-container\">\n\t\t\t\t\t<h2 class=\"elementor-heading-title elementor-size-default\">Vibrationsschwei\u00dfger\u00e4t<\/h2>\t\t\t\t<\/div>\n\t\t\t\t<\/div>\n\t\t\t\t\t<\/div>\n\t\t<\/div>\n\t\t\t\t\t<\/div>\n\t\t<\/section>\n\t\t\t\t<section class=\"elementor-section elementor-top-section elementor-element elementor-element-ebe062c elementor-section-boxed elementor-section-height-default elementor-section-height-default\" data-id=\"ebe062c\" data-element_type=\"section\" data-e-type=\"section\">\n\t\t\t\t\t\t<div class=\"elementor-container elementor-column-gap-default\">\n\t\t\t\t\t<div class=\"elementor-column elementor-col-100 elementor-top-column elementor-element elementor-element-2545de8\" data-id=\"2545de8\" data-element_type=\"column\" data-e-type=\"column\">\n\t\t\t<div class=\"elementor-widget-wrap elementor-element-populated\">\n\t\t\t\t\t\t<div class=\"elementor-element elementor-element-04e1afa elementor-widget elementor-widget-text-editor\" data-id=\"04e1afa\" data-element_type=\"widget\" data-e-type=\"widget\" data-widget_type=\"text-editor.default\">\n\t\t\t\t<div class=\"elementor-widget-container\">\n\t\t\t\t\t\t\t\t\t<p>Jfortune kann verschiedene Vibrationsschwei\u00dfwerkzeuge\/Vorrichtungen\/Vorrichtungen f\u00fcr die verschiedenen Typen von Vibrationsschwei\u00dfmaschinen des Kunden herstellen. Wir sind sehr vertraut \u00fcber diese globalen Vibrationsschwei\u00dfmaschinen.<\/p>\t\t\t\t\t\t\t\t<\/div>\n\t\t\t\t<\/div>\n\t\t\t\t<div class=\"elementor-element elementor-element-9deafbf elementor-widget elementor-widget-image\" data-id=\"9deafbf\" data-element_type=\"widget\" data-e-type=\"widget\" data-widget_type=\"image.default\">\n\t\t\t\t<div class=\"elementor-widget-container\">\n\t\t\t\t\t\t\t\t\t\t\t\t\t\t\t<img fetchpriority=\"high\" decoding=\"async\" width=\"1024\" height=\"668\" src=\"https:\/\/vibrationwelding.com\/wp-content\/uploads\/2024\/04\/vibration-welding-machine-1-1024x668.jpg\" class=\"attachment-large size-large wp-image-1021\" alt=\"Vibrationsschwei\u00dfger\u00e4t\" srcset=\"https:\/\/vibrationwelding.com\/wp-content\/uploads\/2024\/04\/vibration-welding-machine-1-1024x668.jpg 1024w, https:\/\/vibrationwelding.com\/wp-content\/uploads\/2024\/04\/vibration-welding-machine-1-300x196.jpg 300w, https:\/\/vibrationwelding.com\/wp-content\/uploads\/2024\/04\/vibration-welding-machine-1-768x501.jpg 768w, https:\/\/vibrationwelding.com\/wp-content\/uploads\/2024\/04\/vibration-welding-machine-1.jpg 1440w\" sizes=\"(max-width: 1024px) 100vw, 1024px\" \/>\t\t\t\t\t\t\t\t\t\t\t\t\t\t\t<\/div>\n\t\t\t\t<\/div>\n\t\t\t\t\t<\/div>\n\t\t<\/div>\n\t\t\t\t\t<\/div>\n\t\t<\/section>\n\t\t\t\t<\/div>","protected":false},"excerpt":{"rendered":"<p>Vibration Welding Tool Jfortune can make different vibration welding tools\/jigs\/fixtures per customer\u2019s vibration welding machines different types. We are very familiar about these global vibration welding machines.<\/p>","protected":false},"author":1,"featured_media":0,"parent":0,"menu_order":0,"comment_status":"closed","ping_status":"closed","template":"","meta":{"nf_dc_page":"","site-sidebar-layout":"no-sidebar","site-content-layout":"page-builder","ast-site-content-layout":"default","site-content-style":"default","site-sidebar-style":"default","ast-global-header-display":"","ast-banner-title-visibility":"","ast-main-header-display":"","ast-hfb-above-header-display":"","ast-hfb-below-header-display":"","ast-hfb-mobile-header-display":"","site-post-title":"disabled","ast-breadcrumbs-content":"","ast-featured-img":"disabled","footer-sml-layout":"","ast-disable-related-posts":"","theme-transparent-header-meta":"","adv-header-id-meta":"","stick-header-meta":"","header-above-stick-meta":"","header-main-stick-meta":"","header-below-stick-meta":"","astra-migrate-meta-layouts":"default","ast-page-background-enabled":"default","ast-page-background-meta":{"desktop":{"background-color":"var(--ast-global-color-4)","background-image":"","background-repeat":"repeat","background-position":"center center","background-size":"auto","background-attachment":"scroll","background-type":"","background-media":"","overlay-type":"","overlay-color":"","overlay-opacity":"","overlay-gradient":""},"tablet":{"background-color":"","background-image":"","background-repeat":"repeat","background-position":"center center","background-size":"auto","background-attachment":"scroll","background-type":"","background-media":"","overlay-type":"","overlay-color":"","overlay-opacity":"","overlay-gradient":""},"mobile":{"background-color":"","background-image":"","background-repeat":"repeat","background-position":"center center","background-size":"auto","background-attachment":"scroll","background-type":"","background-media":"","overlay-type":"","overlay-color":"","overlay-opacity":"","overlay-gradient":""}},"ast-content-background-meta":{"desktop":{"background-color":"var(--ast-global-color-5)","background-image":"","background-repeat":"repeat","background-position":"center center","background-size":"auto","background-attachment":"scroll","background-type":"","background-media":"","overlay-type":"","overlay-color":"","overlay-opacity":"","overlay-gradient":""},"tablet":{"background-color":"var(--ast-global-color-5)","background-image":"","background-repeat":"repeat","background-position":"center center","background-size":"auto","background-attachment":"scroll","background-type":"","background-media":"","overlay-type":"","overlay-color":"","overlay-opacity":"","overlay-gradient":""},"mobile":{"background-color":"var(--ast-global-color-5)","background-image":"","background-repeat":"repeat","background-position":"center center","background-size":"auto","background-attachment":"scroll","background-type":"","background-media":"","overlay-type":"","overlay-color":"","overlay-opacity":"","overlay-gradient":""}},"footnotes":""},"class_list":["post-144","page","type-page","status-publish","hentry"],"yoast_head":"<!-- This site is optimized with the Yoast SEO plugin v27.5 - https:\/\/yoast.com\/product\/yoast-seo-wordpress\/ -->\n<title>Vibration Welding Tool - Chinese leading vibration welding machine manufacturer<\/title>\n<meta name=\"description\" content=\"Jfortune can make different vibration welding tools\/jigs\/fixtures per customer\u2019s vibration welding machines different types. We are very familiar about these global vibration welding machines.\" \/>\n<meta name=\"robots\" content=\"index, follow, max-snippet:-1, max-image-preview:large, max-video-preview:-1\" \/>\n<link rel=\"canonical\" href=\"http:\/\/vibrationwelding.com\/de\/vibration-welding-tool\/\" \/>\n<meta property=\"og:locale\" content=\"de_DE\" \/>\n<meta property=\"og:type\" content=\"article\" \/>\n<meta property=\"og:title\" content=\"Vibration Welding Tool - Chinese leading vibration welding machine manufacturer\" \/>\n<meta property=\"og:description\" content=\"Jfortune can make different vibration welding tools\/jigs\/fixtures per customer\u2019s vibration welding machines different types. We are very familiar about these global vibration welding machines.\" \/>\n<meta property=\"og:url\" content=\"http:\/\/vibrationwelding.com\/de\/vibration-welding-tool\/\" \/>\n<meta property=\"og:site_name\" content=\"Chinese leading vibration welding machine manufacturer\" \/>\n<meta property=\"article:modified_time\" content=\"2024-04-10T03:47:47+00:00\" \/>\n<meta property=\"og:image\" content=\"http:\/\/vibrationwelding.com\/wp-content\/uploads\/2024\/04\/vibration-welding-machine-1-1024x668.jpg\" \/>\n<meta name=\"twitter:card\" content=\"summary_large_image\" \/>\n<meta name=\"twitter:label1\" content=\"Gesch\u00e4tzte Lesezeit\" \/>\n\t<meta name=\"twitter:data1\" content=\"1\u00a0Minute\" \/>\n<script type=\"application\/ld+json\" class=\"yoast-schema-graph\">{\"@context\":\"https:\\\/\\\/schema.org\",\"@graph\":[{\"@type\":\"WebPage\",\"@id\":\"http:\\\/\\\/vibrationwelding.com\\\/ja\\\/vibration-welding-tool\\\/\",\"url\":\"http:\\\/\\\/vibrationwelding.com\\\/ja\\\/vibration-welding-tool\\\/\",\"name\":\"Vibration Welding Tool - Chinese leading vibration welding machine manufacturer\",\"isPartOf\":{\"@id\":\"http:\\\/\\\/vibrationwelding.com\\\/ar\\\/#website\"},\"primaryImageOfPage\":{\"@id\":\"http:\\\/\\\/vibrationwelding.com\\\/ja\\\/vibration-welding-tool\\\/#primaryimage\"},\"image\":{\"@id\":\"http:\\\/\\\/vibrationwelding.com\\\/ja\\\/vibration-welding-tool\\\/#primaryimage\"},\"thumbnailUrl\":\"http:\\\/\\\/vibrationwelding.com\\\/wp-content\\\/uploads\\\/2024\\\/04\\\/vibration-welding-machine-1-1024x668.jpg\",\"datePublished\":\"2023-07-07T01:47:28+00:00\",\"dateModified\":\"2024-04-10T03:47:47+00:00\",\"description\":\"Jfortune can make different vibration welding tools\\\/jigs\\\/fixtures per customer\u2019s vibration welding machines different types. We are very familiar about these global vibration welding machines.\",\"breadcrumb\":{\"@id\":\"http:\\\/\\\/vibrationwelding.com\\\/ja\\\/vibration-welding-tool\\\/#breadcrumb\"},\"inLanguage\":\"de\",\"potentialAction\":[{\"@type\":\"ReadAction\",\"target\":[\"http:\\\/\\\/vibrationwelding.com\\\/ja\\\/vibration-welding-tool\\\/\"]}]},{\"@type\":\"ImageObject\",\"inLanguage\":\"de\",\"@id\":\"http:\\\/\\\/vibrationwelding.com\\\/ja\\\/vibration-welding-tool\\\/#primaryimage\",\"url\":\"http:\\\/\\\/vibrationwelding.com\\\/wp-content\\\/uploads\\\/2024\\\/04\\\/vibration-welding-machine-1-1024x668.jpg\",\"contentUrl\":\"http:\\\/\\\/vibrationwelding.com\\\/wp-content\\\/uploads\\\/2024\\\/04\\\/vibration-welding-machine-1-1024x668.jpg\"},{\"@type\":\"BreadcrumbList\",\"@id\":\"http:\\\/\\\/vibrationwelding.com\\\/ja\\\/vibration-welding-tool\\\/#breadcrumb\",\"itemListElement\":[{\"@type\":\"ListItem\",\"position\":1,\"name\":\"Home\",\"item\":\"https:\\\/\\\/vibrationwelding.com\\\/\"},{\"@type\":\"ListItem\",\"position\":2,\"name\":\"Vibration Welding Tool\"}]},{\"@type\":\"WebSite\",\"@id\":\"http:\\\/\\\/vibrationwelding.com\\\/ar\\\/#website\",\"url\":\"http:\\\/\\\/vibrationwelding.com\\\/ar\\\/\",\"name\":\"Chinese leading vibration welding machine manufacturer\",\"description\":\"Chinese leading vibration welding machine manufacturer help customers find the best solution to reduce cost and keep quality with good after sales service.\",\"publisher\":{\"@id\":\"http:\\\/\\\/vibrationwelding.com\\\/ar\\\/#organization\"},\"potentialAction\":[{\"@type\":\"SearchAction\",\"target\":{\"@type\":\"EntryPoint\",\"urlTemplate\":\"http:\\\/\\\/vibrationwelding.com\\\/ar\\\/?s={search_term_string}\"},\"query-input\":{\"@type\":\"PropertyValueSpecification\",\"valueRequired\":true,\"valueName\":\"search_term_string\"}}],\"inLanguage\":\"de\"},{\"@type\":\"Organization\",\"@id\":\"http:\\\/\\\/vibrationwelding.com\\\/ar\\\/#organization\",\"name\":\"Chinese leading vibration welding machine manufacturer\",\"url\":\"http:\\\/\\\/vibrationwelding.com\\\/ar\\\/\",\"logo\":{\"@type\":\"ImageObject\",\"inLanguage\":\"de\",\"@id\":\"http:\\\/\\\/vibrationwelding.com\\\/ar\\\/#\\\/schema\\\/logo\\\/image\\\/\",\"url\":\"https:\\\/\\\/vibrationwelding.com\\\/wp-content\\\/uploads\\\/2023\\\/09\\\/cropped-cropped-jfortune-logo_\u526f\u672c_\u526f\u672c_\u526f111\u672c_\u526f\u672c-new.png\",\"contentUrl\":\"https:\\\/\\\/vibrationwelding.com\\\/wp-content\\\/uploads\\\/2023\\\/09\\\/cropped-cropped-jfortune-logo_\u526f\u672c_\u526f\u672c_\u526f111\u672c_\u526f\u672c-new.png\",\"width\":512,\"height\":171,\"caption\":\"Chinese leading vibration welding machine manufacturer\"},\"image\":{\"@id\":\"http:\\\/\\\/vibrationwelding.com\\\/ar\\\/#\\\/schema\\\/logo\\\/image\\\/\"}}]}<\/script>\n<!-- \/ Yoast SEO plugin. -->","yoast_head_json":{"title":"Vibration Welding Tool - f\u00fchrender chinesischer Hersteller von Vibrationsschwei\u00dfger\u00e4ten","description":"Jfortune kann verschiedene Vibrationsschwei\u00dfwerkzeuge\/Vorrichtungen\/Vorrichtungen f\u00fcr die verschiedenen Typen von Vibrationsschwei\u00dfmaschinen des Kunden herstellen. Wir sind sehr vertraut \u00fcber diese globalen Vibrationsschwei\u00dfmaschinen.","robots":{"index":"index","follow":"follow","max-snippet":"max-snippet:-1","max-image-preview":"max-image-preview:large","max-video-preview":"max-video-preview:-1"},"canonical":"http:\/\/vibrationwelding.com\/de\/vibration-welding-tool\/","og_locale":"de_DE","og_type":"article","og_title":"Vibration Welding Tool - Chinese leading vibration welding machine manufacturer","og_description":"Jfortune can make different vibration welding tools\/jigs\/fixtures per customer\u2019s vibration welding machines different types. We are very familiar about these global vibration welding machines.","og_url":"http:\/\/vibrationwelding.com\/de\/vibration-welding-tool\/","og_site_name":"Chinese leading vibration welding machine manufacturer","article_modified_time":"2024-04-10T03:47:47+00:00","og_image":[{"url":"http:\/\/vibrationwelding.com\/wp-content\/uploads\/2024\/04\/vibration-welding-machine-1-1024x668.jpg","type":"","width":"","height":""}],"twitter_card":"summary_large_image","twitter_misc":{"Gesch\u00e4tzte Lesezeit":"1\u00a0Minute"},"schema":{"@context":"https:\/\/schema.org","@graph":[{"@type":"WebPage","@id":"http:\/\/vibrationwelding.com\/ja\/vibration-welding-tool\/","url":"http:\/\/vibrationwelding.com\/ja\/vibration-welding-tool\/","name":"Vibration Welding Tool - f\u00fchrender chinesischer Hersteller von Vibrationsschwei\u00dfger\u00e4ten","isPartOf":{"@id":"http:\/\/vibrationwelding.com\/ar\/#website"},"primaryImageOfPage":{"@id":"http:\/\/vibrationwelding.com\/ja\/vibration-welding-tool\/#primaryimage"},"image":{"@id":"http:\/\/vibrationwelding.com\/ja\/vibration-welding-tool\/#primaryimage"},"thumbnailUrl":"http:\/\/vibrationwelding.com\/wp-content\/uploads\/2024\/04\/vibration-welding-machine-1-1024x668.jpg","datePublished":"2023-07-07T01:47:28+00:00","dateModified":"2024-04-10T03:47:47+00:00","description":"Jfortune kann verschiedene Vibrationsschwei\u00dfwerkzeuge\/Vorrichtungen\/Vorrichtungen f\u00fcr die verschiedenen Typen von Vibrationsschwei\u00dfmaschinen des Kunden herstellen. Wir sind sehr vertraut \u00fcber diese globalen Vibrationsschwei\u00dfmaschinen.","breadcrumb":{"@id":"http:\/\/vibrationwelding.com\/ja\/vibration-welding-tool\/#breadcrumb"},"inLanguage":"de","potentialAction":[{"@type":"ReadAction","target":["http:\/\/vibrationwelding.com\/ja\/vibration-welding-tool\/"]}]},{"@type":"ImageObject","inLanguage":"de","@id":"http:\/\/vibrationwelding.com\/ja\/vibration-welding-tool\/#primaryimage","url":"http:\/\/vibrationwelding.com\/wp-content\/uploads\/2024\/04\/vibration-welding-machine-1-1024x668.jpg","contentUrl":"http:\/\/vibrationwelding.com\/wp-content\/uploads\/2024\/04\/vibration-welding-machine-1-1024x668.jpg"},{"@type":"BreadcrumbList","@id":"http:\/\/vibrationwelding.com\/ja\/vibration-welding-tool\/#breadcrumb","itemListElement":[{"@type":"ListItem","position":1,"name":"Home","item":"https:\/\/vibrationwelding.com\/"},{"@type":"ListItem","position":2,"name":"Vibration Welding Tool"}]},{"@type":"WebSite","@id":"http:\/\/vibrationwelding.com\/ar\/#website","url":"http:\/\/vibrationwelding.com\/ar\/","name":"F\u00fchrender chinesischer Hersteller von Vibrationsschwei\u00dfger\u00e4ten","description":"Der f\u00fchrende chinesische Hersteller von Vibrationsschwei\u00dfmaschinen hilft seinen Kunden, die beste L\u00f6sung zu finden, um die Kosten zu senken und die Qualit\u00e4t mit einem guten Kundendienst zu erhalten.","publisher":{"@id":"http:\/\/vibrationwelding.com\/ar\/#organization"},"potentialAction":[{"@type":"SearchAction","target":{"@type":"EntryPoint","urlTemplate":"http:\/\/vibrationwelding.com\/ar\/?s={search_term_string}"},"query-input":{"@type":"PropertyValueSpecification","valueRequired":true,"valueName":"search_term_string"}}],"inLanguage":"de"},{"@type":"Organization","@id":"http:\/\/vibrationwelding.com\/ar\/#organization","name":"F\u00fchrender chinesischer Hersteller von Vibrationsschwei\u00dfger\u00e4ten","url":"http:\/\/vibrationwelding.com\/ar\/","logo":{"@type":"ImageObject","inLanguage":"de","@id":"http:\/\/vibrationwelding.com\/ar\/#\/schema\/logo\/image\/","url":"https:\/\/vibrationwelding.com\/wp-content\/uploads\/2023\/09\/cropped-cropped-jfortune-logo_\u526f\u672c_\u526f\u672c_\u526f111\u672c_\u526f\u672c-new.png","contentUrl":"https:\/\/vibrationwelding.com\/wp-content\/uploads\/2023\/09\/cropped-cropped-jfortune-logo_\u526f\u672c_\u526f\u672c_\u526f111\u672c_\u526f\u672c-new.png","width":512,"height":171,"caption":"Chinese leading vibration welding machine manufacturer"},"image":{"@id":"http:\/\/vibrationwelding.com\/ar\/#\/schema\/logo\/image\/"}}]}},"_links":{"self":[{"href":"https:\/\/vibrationwelding.com\/de\/wp-json\/wp\/v2\/pages\/144","targetHints":{"allow":["GET"]}}],"collection":[{"href":"https:\/\/vibrationwelding.com\/de\/wp-json\/wp\/v2\/pages"}],"about":[{"href":"https:\/\/vibrationwelding.com\/de\/wp-json\/wp\/v2\/types\/page"}],"author":[{"embeddable":true,"href":"https:\/\/vibrationwelding.com\/de\/wp-json\/wp\/v2\/users\/1"}],"replies":[{"embeddable":true,"href":"https:\/\/vibrationwelding.com\/de\/wp-json\/wp\/v2\/comments?post=144"}],"version-history":[{"count":5,"href":"https:\/\/vibrationwelding.com\/de\/wp-json\/wp\/v2\/pages\/144\/revisions"}],"predecessor-version":[{"id":1024,"href":"https:\/\/vibrationwelding.com\/de\/wp-json\/wp\/v2\/pages\/144\/revisions\/1024"}],"wp:attachment":[{"href":"https:\/\/vibrationwelding.com\/de\/wp-json\/wp\/v2\/media?parent=144"}],"curies":[{"name":"wp","href":"https:\/\/api.w.org\/{rel}","templated":true}]}}