{"id":16,"date":"2023-07-04T02:01:17","date_gmt":"2023-07-04T02:01:17","guid":{"rendered":"http:\/\/vibrationwelding.com\/?page_id=16"},"modified":"2024-04-04T06:12:18","modified_gmt":"2024-04-04T06:12:18","slug":"automotive-lighting-welding","status":"publish","type":"page","link":"https:\/\/vibrationwelding.com\/de\/automotive-lighting-welding\/","title":{"rendered":"Schwei\u00dfen von Automobilbeleuchtung"},"content":{"rendered":"<div data-elementor-type=\"wp-page\" data-elementor-id=\"16\" class=\"elementor elementor-16\" data-elementor-post-type=\"page\">\n\t\t\t\t\t\t<section class=\"elementor-section elementor-top-section elementor-element elementor-element-ed482b3 elementor-section-boxed elementor-section-height-default elementor-section-height-default\" data-id=\"ed482b3\" data-element_type=\"section\" data-e-type=\"section\">\n\t\t\t\t\t\t<div class=\"elementor-container elementor-column-gap-default\">\n\t\t\t\t\t<div class=\"elementor-column elementor-col-100 elementor-top-column elementor-element elementor-element-aa8f320\" data-id=\"aa8f320\" data-element_type=\"column\" data-e-type=\"column\">\n\t\t\t<div class=\"elementor-widget-wrap elementor-element-populated\">\n\t\t\t\t\t\t<div class=\"elementor-element elementor-element-7587919 elementor-widget elementor-widget-heading\" data-id=\"7587919\" data-element_type=\"widget\" data-e-type=\"widget\" data-widget_type=\"heading.default\">\n\t\t\t\t<div class=\"elementor-widget-container\">\n\t\t\t\t\t<h2 class=\"elementor-heading-title elementor-size-default\">Kunststoffschwei\u00dfl\u00f6sungen f\u00fcr die Automobilbeleuchtung <\/h2>\t\t\t\t<\/div>\n\t\t\t\t<\/div>\n\t\t\t\t<div class=\"elementor-element elementor-element-87e9c6e elementor-widget elementor-widget-text-editor\" data-id=\"87e9c6e\" data-element_type=\"widget\" data-e-type=\"widget\" data-widget_type=\"text-editor.default\">\n\t\t\t\t<div class=\"elementor-widget-container\">\n\t\t\t\t\t\t\t\t\t<p><img fetchpriority=\"high\" decoding=\"async\" class=\"size-medium wp-image-118 alignright\" src=\"http:\/\/vibrationwelding.com\/wp-content\/uploads\/2023\/07\/Energy-Efficient-Plastic-Vibration-Welding-Technology-300x225.jpg\" alt=\"\" width=\"300\" height=\"225\" srcset=\"https:\/\/vibrationwelding.com\/wp-content\/uploads\/2023\/07\/Energy-Efficient-Plastic-Vibration-Welding-Technology-300x225.jpg 300w, https:\/\/vibrationwelding.com\/wp-content\/uploads\/2023\/07\/Energy-Efficient-Plastic-Vibration-Welding-Technology-1024x768.jpg 1024w, https:\/\/vibrationwelding.com\/wp-content\/uploads\/2023\/07\/Energy-Efficient-Plastic-Vibration-Welding-Technology-768x576.jpg 768w, https:\/\/vibrationwelding.com\/wp-content\/uploads\/2023\/07\/Energy-Efficient-Plastic-Vibration-Welding-Technology.jpg 1440w\" sizes=\"(max-width: 300px) 100vw, 300px\" \/>Die Beleuchtungskomponenten im Automobilbereich entwickeln sich zu immer komplizierteren Konstruktionen, wie z. B. R\u00fcckleuchten, die bis zu einem Meter lang sein k\u00f6nnen und gleichzeitig empfindliche Sensoren integrieren, was die zunehmende Komplexit\u00e4t dieser Elemente verdeutlicht.Ihr Erfolg h\u00e4ngt davon ab, dass Sie die Automobilhersteller dabei unterst\u00fctzen, schlanke, elegante und auff\u00e4llige neue Designs auf den Markt zu bringen. Diese Fahrzeuge m\u00fcssen potenzielle Fahrer in ihren Bann ziehen und ihren Wunsch nach Innovation und modernster \u00c4sthetik erf\u00fcllen. Die Beleuchtung spielt eine entscheidende Rolle bei der Verwirklichung dieser Ziele in modernen Automobilen. Sie reicht von raffinierten, einteiligen R\u00fcckleuchten mit komplizierten, mehrdimensionalen Formen bis hin zu einer subtilen Stimmungsbeleuchtung im Innenraum, die das Ambiente des Cockpits aufwertet und eine einladende und komfortable Umgebung schafft.<\/p><p>Hersteller wie Sie stehen bei der Produktion dieser Baugruppen vor gewaltigen Hindernissen. Gl\u00fccklicherweise ist die Schwei\u00dftechnik von Jfortune f\u00fcr die Kfz-Beleuchtung in der Lage, diese Herausforderungen mit technologisch fortschrittlichen L\u00f6sungen zu meistern, die auf die spezifischen Anforderungen dieser Anwendungen zugeschnitten sind. Immer komplexere Kfz-Beleuchtungsanwendungen werden durch fortschrittliche Kunststoffschwei\u00dfverfahren erm\u00f6glicht.<\/p><p>Einst rein funktional, sind Kfz-Beleuchtungsanwendungen heute Elemente des Stils und des Designs und erfordern Schwei\u00dfger\u00e4te, die empfindliche Sensoren, gr\u00f6\u00dfere Komponenten mit komplexen Geometrien und abbrandfreie Schwei\u00dfn\u00e4hte erm\u00f6glichen - wie Jfortune Clean Joining Technologies.<\/p><p><img decoding=\"async\" class=\"size-medium wp-image-999 alignleft\" src=\"http:\/\/vibrationwelding.com\/wp-content\/uploads\/2024\/04\/vibration-welding-equipment-300x185.jpg\" alt=\"\" width=\"300\" height=\"185\" srcset=\"https:\/\/vibrationwelding.com\/wp-content\/uploads\/2024\/04\/vibration-welding-equipment-300x185.jpg 300w, https:\/\/vibrationwelding.com\/wp-content\/uploads\/2024\/04\/vibration-welding-equipment-768x472.jpg 768w, https:\/\/vibrationwelding.com\/wp-content\/uploads\/2024\/04\/vibration-welding-equipment.jpg 829w\" sizes=\"(max-width: 300px) 100vw, 300px\" \/><\/p><p>Sauberes Schwei\u00dfen schafft partikelfreie, hochfeste Verbindungen bei \u00e4sthetisch komplexen Baugruppen Wenn es darum geht, die Herausforderungen modernster Automobilbeleuchtung zu meistern, zeichnet sich eine Technologie - die Clean Vibration Technology - durch ihre F\u00e4higkeit aus, sch\u00f6ne Schwei\u00dfn\u00e4hte zu erzeugen, die frei von Engelshaar, Partikeln und Graten sind.<\/p><p>\u00a0<\/p><p>\u00a0<\/p><p>Dar\u00fcber hinaus erhalten Sie:<\/p><ul><li>\u00a0Hochfeste Verbindungen<\/li><li>\u00a0Hermetische Abdichtung verhindert das Eindringen von Luft und Wasser<\/li><li>Empfindliche Elektronik kann bei der Montage weniger besch\u00e4digt werden<\/li><li>F\u00e4higkeit, empfindlichere, schwierigere Polymere zu verbinden<\/li><li>Gestaltungsfreiheit f\u00fcr komplexe Formen und Konturen\u00a0<\/li><\/ul><p><img decoding=\"async\" class=\"size-medium wp-image-757 alignright\" src=\"http:\/\/vibrationwelding.com\/wp-content\/uploads\/2023\/11\/infrared-cleaning-vibration-welding-300x225.jpg\" alt=\"\" width=\"300\" height=\"225\" srcset=\"https:\/\/vibrationwelding.com\/wp-content\/uploads\/2023\/11\/infrared-cleaning-vibration-welding-300x225.jpg 300w, https:\/\/vibrationwelding.com\/wp-content\/uploads\/2023\/11\/infrared-cleaning-vibration-welding-1024x768.jpg 1024w, https:\/\/vibrationwelding.com\/wp-content\/uploads\/2023\/11\/infrared-cleaning-vibration-welding-768x576.jpg 768w, https:\/\/vibrationwelding.com\/wp-content\/uploads\/2023\/11\/infrared-cleaning-vibration-welding.jpg 1440w\" sizes=\"(max-width: 300px) 100vw, 300px\" \/>\"Clean\" hat sich als Schl\u00fcsselbegriff beim Vibrationsschwei\u00dfen herauskristallisiert, insbesondere im Bereich der anspruchsvollen Automobilbeleuchtungsanwendungen. Die Clean Vibration Technology bietet den Herstellern bemerkenswerte Vorteile. Im Gegensatz zum herk\u00f6mmlichen Vibrationsschwei\u00dfen, bei dem die W\u00e4rme durch intensive Reibung zwischen den beiden zu verschwei\u00dfenden Komponenten erzeugt wird, erfolgt das Verfahren in zwei Schritten. Zun\u00e4chst w\u00e4rmt ein Metallfolien-Infrarotstrahler die Verbindungsfl\u00e4chen vor, und dann werden die beiden Teile unter Druck und Vibration sanft zusammengef\u00fchrt, um den Schwei\u00dfvorgang abzuschlie\u00dfen. Die entstehende Schwei\u00dfnaht ist frei von Partikeln, und bei bestimmten Werkstoffen wird die Schwei\u00dfnaht weniger belastet, was zu einer h\u00f6heren Festigkeit f\u00fchrt.<\/p><p><img loading=\"lazy\" decoding=\"async\" class=\"size-medium wp-image-1000 alignleft\" src=\"http:\/\/vibrationwelding.com\/wp-content\/uploads\/2024\/04\/IR-cleaning-vibration-welding-machine-300x152.jpg\" alt=\"\" width=\"300\" height=\"152\" srcset=\"https:\/\/vibrationwelding.com\/wp-content\/uploads\/2024\/04\/IR-cleaning-vibration-welding-machine-300x152.jpg 300w, https:\/\/vibrationwelding.com\/wp-content\/uploads\/2024\/04\/IR-cleaning-vibration-welding-machine-1024x520.jpg 1024w, https:\/\/vibrationwelding.com\/wp-content\/uploads\/2024\/04\/IR-cleaning-vibration-welding-machine-768x390.jpg 768w, https:\/\/vibrationwelding.com\/wp-content\/uploads\/2024\/04\/IR-cleaning-vibration-welding-machine.jpg 1189w\" sizes=\"(max-width: 300px) 100vw, 300px\" \/>Ein umfassendes Portfolio f\u00fcr das saubere Vibrationsschwei\u00dfen von kleinen bis sehr gro\u00dfen Teilen, das sich in Beleuchtungsanwendungen bew\u00e4hrt hat, die eine hervorragende \u00c4sthetik und robuste Leistung erfordern.<\/p><ul><li>Auf die Absorptionscharakteristik des jeweiligen Materials abgestimmte Emitter-Spezifikationen f\u00fcr erh\u00f6hte Energieeffizienz<\/li><li>Kann zum Schwei\u00dfen gro\u00dfer komplexer Formen verwendet werden<\/li><\/ul>\t\t\t\t\t\t\t\t<\/div>\n\t\t\t\t<\/div>\n\t\t\t\t\t<\/div>\n\t\t<\/div>\n\t\t\t\t\t<\/div>\n\t\t<\/section>\n\t\t\t\t<\/div>","protected":false},"excerpt":{"rendered":"<p>Plastic Welding Solutions for Automotive Lighting You are required to create expansive lighting installations that are multi-dimensional and progressively intricate, seamlessly blending aesthetics, elegance, and practicality.Automotive lighting components are evolving into more intricate designs, such as tail lights that can extend up to a meter in length while seamlessly integrating delicate sensors, showcasing the growing [&hellip;]<\/p>\n","protected":false},"author":1,"featured_media":0,"parent":0,"menu_order":0,"comment_status":"closed","ping_status":"closed","template":"","meta":{"nf_dc_page":"","site-sidebar-layout":"no-sidebar","site-content-layout":"page-builder","ast-site-content-layout":"default","site-content-style":"default","site-sidebar-style":"default","ast-global-header-display":"","ast-banner-title-visibility":"","ast-main-header-display":"","ast-hfb-above-header-display":"","ast-hfb-below-header-display":"","ast-hfb-mobile-header-display":"","site-post-title":"disabled","ast-breadcrumbs-content":"","ast-featured-img":"disabled","footer-sml-layout":"","ast-disable-related-posts":"","theme-transparent-header-meta":"","adv-header-id-meta":"","stick-header-meta":"","header-above-stick-meta":"","header-main-stick-meta":"","header-below-stick-meta":"","astra-migrate-meta-layouts":"default","ast-page-background-enabled":"default","ast-page-background-meta":{"desktop":{"background-color":"var(--ast-global-color-4)","background-image":"","background-repeat":"repeat","background-position":"center center","background-size":"auto","background-attachment":"scroll","background-type":"","background-media":"","overlay-type":"","overlay-color":"","overlay-opacity":"","overlay-gradient":""},"tablet":{"background-color":"","background-image":"","background-repeat":"repeat","background-position":"center center","background-size":"auto","background-attachment":"scroll","background-type":"","background-media":"","overlay-type":"","overlay-color":"","overlay-opacity":"","overlay-gradient":""},"mobile":{"background-color":"","background-image":"","background-repeat":"repeat","background-position":"center center","background-size":"auto","background-attachment":"scroll","background-type":"","background-media":"","overlay-type":"","overlay-color":"","overlay-opacity":"","overlay-gradient":""}},"ast-content-background-meta":{"desktop":{"background-color":"var(--ast-global-color-5)","background-image":"","background-repeat":"repeat","background-position":"center center","background-size":"auto","background-attachment":"scroll","background-type":"","background-media":"","overlay-type":"","overlay-color":"","overlay-opacity":"","overlay-gradient":""},"tablet":{"background-color":"var(--ast-global-color-5)","background-image":"","background-repeat":"repeat","background-position":"center center","background-size":"auto","background-attachment":"scroll","background-type":"","background-media":"","overlay-type":"","overlay-color":"","overlay-opacity":"","overlay-gradient":""},"mobile":{"background-color":"var(--ast-global-color-5)","background-image":"","background-repeat":"repeat","background-position":"center center","background-size":"auto","background-attachment":"scroll","background-type":"","background-media":"","overlay-type":"","overlay-color":"","overlay-opacity":"","overlay-gradient":""}},"footnotes":""},"class_list":["post-16","page","type-page","status-publish","hentry"],"yoast_head":"<!-- This site is optimized with the Yoast SEO plugin v27.5 - https:\/\/yoast.com\/product\/yoast-seo-wordpress\/ -->\n<title>Automotive Lighting welding - Chinese leading vibration welding machine manufacturer<\/title>\n<meta name=\"description\" content=\"Jfortune&#039;s advanced automotive lighting welding solutions provides high-strength bonds, hermetic seals, and delicate assembly. Clean Vibration Technology offers particulate-free welds for complex shapes.\" \/>\n<meta name=\"robots\" content=\"index, follow, max-snippet:-1, max-image-preview:large, max-video-preview:-1\" \/>\n<link rel=\"canonical\" href=\"http:\/\/vibrationwelding.com\/de\/automotive-lighting-welding\/\" \/>\n<meta property=\"og:locale\" content=\"de_DE\" \/>\n<meta property=\"og:type\" content=\"article\" \/>\n<meta property=\"og:title\" content=\"Automotive Lighting welding - Chinese leading vibration welding machine manufacturer\" \/>\n<meta property=\"og:description\" content=\"Jfortune&#039;s advanced automotive lighting welding solutions provides high-strength bonds, hermetic seals, and delicate assembly. Clean Vibration Technology offers particulate-free welds for complex shapes.\" \/>\n<meta property=\"og:url\" content=\"http:\/\/vibrationwelding.com\/de\/automotive-lighting-welding\/\" \/>\n<meta property=\"og:site_name\" content=\"Chinese leading vibration welding machine manufacturer\" \/>\n<meta property=\"article:modified_time\" content=\"2024-04-04T06:12:18+00:00\" \/>\n<meta property=\"og:image\" content=\"http:\/\/vibrationwelding.com\/wp-content\/uploads\/2023\/07\/Energy-Efficient-Plastic-Vibration-Welding-Technology-300x225.jpg\" \/>\n<meta name=\"twitter:card\" content=\"summary_large_image\" \/>\n<meta name=\"twitter:label1\" content=\"Gesch\u00e4tzte Lesezeit\" \/>\n\t<meta name=\"twitter:data1\" content=\"3\u00a0Minuten\" \/>\n<script type=\"application\/ld+json\" class=\"yoast-schema-graph\">{\"@context\":\"https:\\\/\\\/schema.org\",\"@graph\":[{\"@type\":\"WebPage\",\"@id\":\"http:\\\/\\\/vibrationwelding.com\\\/ar\\\/automotive-lighting-welding\\\/\",\"url\":\"http:\\\/\\\/vibrationwelding.com\\\/ar\\\/automotive-lighting-welding\\\/\",\"name\":\"Automotive Lighting welding - Chinese leading vibration welding machine manufacturer\",\"isPartOf\":{\"@id\":\"http:\\\/\\\/vibrationwelding.com\\\/ar\\\/#website\"},\"primaryImageOfPage\":{\"@id\":\"http:\\\/\\\/vibrationwelding.com\\\/ar\\\/automotive-lighting-welding\\\/#primaryimage\"},\"image\":{\"@id\":\"http:\\\/\\\/vibrationwelding.com\\\/ar\\\/automotive-lighting-welding\\\/#primaryimage\"},\"thumbnailUrl\":\"http:\\\/\\\/vibrationwelding.com\\\/wp-content\\\/uploads\\\/2023\\\/07\\\/Energy-Efficient-Plastic-Vibration-Welding-Technology-300x225.jpg\",\"datePublished\":\"2023-07-04T02:01:17+00:00\",\"dateModified\":\"2024-04-04T06:12:18+00:00\",\"description\":\"Jfortune's advanced automotive lighting welding solutions provides high-strength bonds, hermetic seals, and delicate assembly. Clean Vibration Technology offers particulate-free welds for complex shapes.\",\"breadcrumb\":{\"@id\":\"http:\\\/\\\/vibrationwelding.com\\\/ar\\\/automotive-lighting-welding\\\/#breadcrumb\"},\"inLanguage\":\"de\",\"potentialAction\":[{\"@type\":\"ReadAction\",\"target\":[\"http:\\\/\\\/vibrationwelding.com\\\/ar\\\/automotive-lighting-welding\\\/\"]}]},{\"@type\":\"ImageObject\",\"inLanguage\":\"de\",\"@id\":\"http:\\\/\\\/vibrationwelding.com\\\/ar\\\/automotive-lighting-welding\\\/#primaryimage\",\"url\":\"http:\\\/\\\/vibrationwelding.com\\\/wp-content\\\/uploads\\\/2023\\\/07\\\/Energy-Efficient-Plastic-Vibration-Welding-Technology-300x225.jpg\",\"contentUrl\":\"http:\\\/\\\/vibrationwelding.com\\\/wp-content\\\/uploads\\\/2023\\\/07\\\/Energy-Efficient-Plastic-Vibration-Welding-Technology-300x225.jpg\"},{\"@type\":\"BreadcrumbList\",\"@id\":\"http:\\\/\\\/vibrationwelding.com\\\/ar\\\/automotive-lighting-welding\\\/#breadcrumb\",\"itemListElement\":[{\"@type\":\"ListItem\",\"position\":1,\"name\":\"Home\",\"item\":\"https:\\\/\\\/vibrationwelding.com\\\/\"},{\"@type\":\"ListItem\",\"position\":2,\"name\":\"Automotive Lighting welding\"}]},{\"@type\":\"WebSite\",\"@id\":\"http:\\\/\\\/vibrationwelding.com\\\/ar\\\/#website\",\"url\":\"http:\\\/\\\/vibrationwelding.com\\\/ar\\\/\",\"name\":\"Chinese leading vibration welding machine manufacturer\",\"description\":\"Chinese leading vibration welding machine manufacturer help customers find the best solution to reduce cost and keep quality with good after sales service.\",\"publisher\":{\"@id\":\"http:\\\/\\\/vibrationwelding.com\\\/ar\\\/#organization\"},\"potentialAction\":[{\"@type\":\"SearchAction\",\"target\":{\"@type\":\"EntryPoint\",\"urlTemplate\":\"http:\\\/\\\/vibrationwelding.com\\\/ar\\\/?s={search_term_string}\"},\"query-input\":{\"@type\":\"PropertyValueSpecification\",\"valueRequired\":true,\"valueName\":\"search_term_string\"}}],\"inLanguage\":\"de\"},{\"@type\":\"Organization\",\"@id\":\"http:\\\/\\\/vibrationwelding.com\\\/ar\\\/#organization\",\"name\":\"Chinese leading vibration welding machine manufacturer\",\"url\":\"http:\\\/\\\/vibrationwelding.com\\\/ar\\\/\",\"logo\":{\"@type\":\"ImageObject\",\"inLanguage\":\"de\",\"@id\":\"http:\\\/\\\/vibrationwelding.com\\\/ar\\\/#\\\/schema\\\/logo\\\/image\\\/\",\"url\":\"https:\\\/\\\/vibrationwelding.com\\\/wp-content\\\/uploads\\\/2023\\\/09\\\/cropped-cropped-jfortune-logo_\u526f\u672c_\u526f\u672c_\u526f111\u672c_\u526f\u672c-new.png\",\"contentUrl\":\"https:\\\/\\\/vibrationwelding.com\\\/wp-content\\\/uploads\\\/2023\\\/09\\\/cropped-cropped-jfortune-logo_\u526f\u672c_\u526f\u672c_\u526f111\u672c_\u526f\u672c-new.png\",\"width\":512,\"height\":171,\"caption\":\"Chinese leading vibration welding machine manufacturer\"},\"image\":{\"@id\":\"http:\\\/\\\/vibrationwelding.com\\\/ar\\\/#\\\/schema\\\/logo\\\/image\\\/\"}}]}<\/script>\n<!-- \/ Yoast SEO plugin. -->","yoast_head_json":{"title":"Automotive Lighting welding - f\u00fchrender chinesischer Hersteller von Vibrationsschwei\u00dfger\u00e4ten","description":"Die fortschrittlichen Schwei\u00dfl\u00f6sungen von Jfortune f\u00fcr die Kfz-Beleuchtung erm\u00f6glichen hochfeste Verbindungen, hermetische Abdichtungen und eine empfindliche Montage. Die Clean Vibration Technology bietet partikelfreie Schwei\u00dfn\u00e4hte f\u00fcr komplexe Formen.","robots":{"index":"index","follow":"follow","max-snippet":"max-snippet:-1","max-image-preview":"max-image-preview:large","max-video-preview":"max-video-preview:-1"},"canonical":"http:\/\/vibrationwelding.com\/de\/automotive-lighting-welding\/","og_locale":"de_DE","og_type":"article","og_title":"Automotive Lighting welding - Chinese leading vibration welding machine manufacturer","og_description":"Jfortune's advanced automotive lighting welding solutions provides high-strength bonds, hermetic seals, and delicate assembly. Clean Vibration Technology offers particulate-free welds for complex shapes.","og_url":"http:\/\/vibrationwelding.com\/de\/automotive-lighting-welding\/","og_site_name":"Chinese leading vibration welding machine manufacturer","article_modified_time":"2024-04-04T06:12:18+00:00","og_image":[{"url":"http:\/\/vibrationwelding.com\/wp-content\/uploads\/2023\/07\/Energy-Efficient-Plastic-Vibration-Welding-Technology-300x225.jpg","type":"","width":"","height":""}],"twitter_card":"summary_large_image","twitter_misc":{"Gesch\u00e4tzte Lesezeit":"3\u00a0Minuten"},"schema":{"@context":"https:\/\/schema.org","@graph":[{"@type":"WebPage","@id":"http:\/\/vibrationwelding.com\/ar\/automotive-lighting-welding\/","url":"http:\/\/vibrationwelding.com\/ar\/automotive-lighting-welding\/","name":"Automotive Lighting welding - f\u00fchrender chinesischer Hersteller von Vibrationsschwei\u00dfger\u00e4ten","isPartOf":{"@id":"http:\/\/vibrationwelding.com\/ar\/#website"},"primaryImageOfPage":{"@id":"http:\/\/vibrationwelding.com\/ar\/automotive-lighting-welding\/#primaryimage"},"image":{"@id":"http:\/\/vibrationwelding.com\/ar\/automotive-lighting-welding\/#primaryimage"},"thumbnailUrl":"http:\/\/vibrationwelding.com\/wp-content\/uploads\/2023\/07\/Energy-Efficient-Plastic-Vibration-Welding-Technology-300x225.jpg","datePublished":"2023-07-04T02:01:17+00:00","dateModified":"2024-04-04T06:12:18+00:00","description":"Die fortschrittlichen Schwei\u00dfl\u00f6sungen von Jfortune f\u00fcr die Kfz-Beleuchtung erm\u00f6glichen hochfeste Verbindungen, hermetische Abdichtungen und eine empfindliche Montage. Die Clean Vibration Technology bietet partikelfreie Schwei\u00dfn\u00e4hte f\u00fcr komplexe Formen.","breadcrumb":{"@id":"http:\/\/vibrationwelding.com\/ar\/automotive-lighting-welding\/#breadcrumb"},"inLanguage":"de","potentialAction":[{"@type":"ReadAction","target":["http:\/\/vibrationwelding.com\/ar\/automotive-lighting-welding\/"]}]},{"@type":"ImageObject","inLanguage":"de","@id":"http:\/\/vibrationwelding.com\/ar\/automotive-lighting-welding\/#primaryimage","url":"http:\/\/vibrationwelding.com\/wp-content\/uploads\/2023\/07\/Energy-Efficient-Plastic-Vibration-Welding-Technology-300x225.jpg","contentUrl":"http:\/\/vibrationwelding.com\/wp-content\/uploads\/2023\/07\/Energy-Efficient-Plastic-Vibration-Welding-Technology-300x225.jpg"},{"@type":"BreadcrumbList","@id":"http:\/\/vibrationwelding.com\/ar\/automotive-lighting-welding\/#breadcrumb","itemListElement":[{"@type":"ListItem","position":1,"name":"Home","item":"https:\/\/vibrationwelding.com\/"},{"@type":"ListItem","position":2,"name":"Automotive Lighting welding"}]},{"@type":"WebSite","@id":"http:\/\/vibrationwelding.com\/ar\/#website","url":"http:\/\/vibrationwelding.com\/ar\/","name":"F\u00fchrender chinesischer Hersteller von Vibrationsschwei\u00dfger\u00e4ten","description":"Der f\u00fchrende chinesische Hersteller von Vibrationsschwei\u00dfmaschinen hilft seinen Kunden, die beste L\u00f6sung zu finden, um die Kosten zu senken und die Qualit\u00e4t mit einem guten Kundendienst zu erhalten.","publisher":{"@id":"http:\/\/vibrationwelding.com\/ar\/#organization"},"potentialAction":[{"@type":"SearchAction","target":{"@type":"EntryPoint","urlTemplate":"http:\/\/vibrationwelding.com\/ar\/?s={search_term_string}"},"query-input":{"@type":"PropertyValueSpecification","valueRequired":true,"valueName":"search_term_string"}}],"inLanguage":"de"},{"@type":"Organization","@id":"http:\/\/vibrationwelding.com\/ar\/#organization","name":"F\u00fchrender chinesischer Hersteller von Vibrationsschwei\u00dfger\u00e4ten","url":"http:\/\/vibrationwelding.com\/ar\/","logo":{"@type":"ImageObject","inLanguage":"de","@id":"http:\/\/vibrationwelding.com\/ar\/#\/schema\/logo\/image\/","url":"https:\/\/vibrationwelding.com\/wp-content\/uploads\/2023\/09\/cropped-cropped-jfortune-logo_\u526f\u672c_\u526f\u672c_\u526f111\u672c_\u526f\u672c-new.png","contentUrl":"https:\/\/vibrationwelding.com\/wp-content\/uploads\/2023\/09\/cropped-cropped-jfortune-logo_\u526f\u672c_\u526f\u672c_\u526f111\u672c_\u526f\u672c-new.png","width":512,"height":171,"caption":"Chinese leading vibration welding machine manufacturer"},"image":{"@id":"http:\/\/vibrationwelding.com\/ar\/#\/schema\/logo\/image\/"}}]}},"_links":{"self":[{"href":"https:\/\/vibrationwelding.com\/de\/wp-json\/wp\/v2\/pages\/16","targetHints":{"allow":["GET"]}}],"collection":[{"href":"https:\/\/vibrationwelding.com\/de\/wp-json\/wp\/v2\/pages"}],"about":[{"href":"https:\/\/vibrationwelding.com\/de\/wp-json\/wp\/v2\/types\/page"}],"author":[{"embeddable":true,"href":"https:\/\/vibrationwelding.com\/de\/wp-json\/wp\/v2\/users\/1"}],"replies":[{"embeddable":true,"href":"https:\/\/vibrationwelding.com\/de\/wp-json\/wp\/v2\/comments?post=16"}],"version-history":[{"count":5,"href":"https:\/\/vibrationwelding.com\/de\/wp-json\/wp\/v2\/pages\/16\/revisions"}],"predecessor-version":[{"id":1003,"href":"https:\/\/vibrationwelding.com\/de\/wp-json\/wp\/v2\/pages\/16\/revisions\/1003"}],"wp:attachment":[{"href":"https:\/\/vibrationwelding.com\/de\/wp-json\/wp\/v2\/media?parent=16"}],"curies":[{"name":"wp","href":"https:\/\/api.w.org\/{rel}","templated":true}]}}