{"id":970,"date":"2024-01-16T03:27:18","date_gmt":"2024-01-16T03:27:18","guid":{"rendered":"https:\/\/vibrationwelding.com\/?page_id=970"},"modified":"2026-05-09T09:43:53","modified_gmt":"2026-05-09T09:43:53","slug":"machine-delivery-inspection","status":"publish","type":"page","link":"https:\/\/vibrationwelding.com\/de\/machine-delivery-inspection\/","title":{"rendered":"Inspektion der Maschinenauslieferung"},"content":{"rendered":"<div data-elementor-type=\"wp-page\" data-elementor-id=\"970\" class=\"elementor elementor-970\" data-elementor-post-type=\"page\">\n\t\t\t\t\t\t<section class=\"elementor-section elementor-top-section elementor-element elementor-element-43e9adb elementor-section-boxed elementor-section-height-default elementor-section-height-default\" data-id=\"43e9adb\" data-element_type=\"section\" data-e-type=\"section\">\n\t\t\t\t\t\t<div class=\"elementor-container elementor-column-gap-default\">\n\t\t\t\t\t<div class=\"elementor-column elementor-col-100 elementor-top-column elementor-element elementor-element-a4647ad\" data-id=\"a4647ad\" data-element_type=\"column\" data-e-type=\"column\">\n\t\t\t<div class=\"elementor-widget-wrap elementor-element-populated\">\n\t\t\t\t\t\t<div class=\"elementor-element elementor-element-2c127ef elementor-widget elementor-widget-heading\" data-id=\"2c127ef\" data-element_type=\"widget\" data-e-type=\"widget\" data-widget_type=\"heading.default\">\n\t\t\t\t<div class=\"elementor-widget-container\">\n\t\t\t\t\t<h2 class=\"elementor-heading-title elementor-size-default\">Umfassende Checkliste f\u00fcr die Auslieferungspr\u00fcfung von Vibrationsschwei\u00dfmaschinen<\/h2>\t\t\t\t<\/div>\n\t\t\t\t<\/div>\n\t\t\t\t<div class=\"elementor-element elementor-element-5d0a7f9 elementor-widget elementor-widget-text-editor\" data-id=\"5d0a7f9\" data-element_type=\"widget\" data-e-type=\"widget\" data-widget_type=\"text-editor.default\">\n\t\t\t\t<div class=\"elementor-widget-container\">\n\t\t\t\t\t\t\t\t\t<p id=\"ember1472\" class=\"ember-view reader-content-blocks__paragraph\">Bevor wir die <a class=\"app-aware-link\" href=\"https:\/\/vibrationwelding.com\/de\/vibration-welding-machine\/\" target=\"_self\" data-test-app-aware-link=\"\">Vibrationsschwei\u00dfger\u00e4t<\/a>Um einen zufriedenstellenden Lieferprozess zu gew\u00e4hrleisten, m\u00fcssen wir oft die Checkliste f\u00fcr die Lieferkontrolle \u00fcberpr\u00fcfen. Diese umfassende Checkliste deckt viele Aspekte der Lieferung ab, um sicherzustellen, dass alle Anforderungen erf\u00fcllt werden und der Kunde seine Ger\u00e4te in bestem Zustand erh\u00e4lt.<\/p><p id=\"ember1473\" class=\"ember-view reader-content-blocks__paragraph\"><strong>Verpackungsl\u00f6sungen:<\/strong><\/p><p id=\"ember1474\" class=\"ember-view reader-content-blocks__paragraph\">\u00dcberpr\u00fcfen Sie, ob die Verpackungsl\u00f6sungen sowohl von den internen Werksteams als auch vom Kunden validiert worden sind. Eine ma\u00dfgeschneiderte Verpackung gew\u00e4hrleistet, dass die Maschine w\u00e4hrend des Transports gut gesch\u00fctzt ist.<\/p><p id=\"ember1475\" class=\"ember-view reader-content-blocks__paragraph\"><strong>Lieferplan:<\/strong><\/p><p class=\"ember-view reader-content-blocks__paragraph\">Stellen Sie sicher, dass es einen klaren und gut dokumentierten Lieferplan gibt, der mit den Anforderungen des Kunden \u00fcbereinstimmt. Dieser Plan sollte Lieferfristen, Standorte und spezielle Lieferanweisungen enthalten.<\/p><figure id=\"attachment_1513\" aria-describedby=\"caption-attachment-1513\" style=\"width: 1024px\" class=\"wp-caption alignnone\"><img fetchpriority=\"high\" decoding=\"async\" class=\"wp-image-1513 size-large\" src=\"http:\/\/vibrationwelding.com\/wp-content\/uploads\/2026\/05\/Vibration-Welding-Cost-1024x1024.jpg\" alt=\"Vibration Welding Cost\" width=\"1024\" height=\"1024\" srcset=\"https:\/\/vibrationwelding.com\/wp-content\/uploads\/2026\/05\/Vibration-Welding-Cost-1024x1024.jpg 1024w, https:\/\/vibrationwelding.com\/wp-content\/uploads\/2026\/05\/Vibration-Welding-Cost-300x300.jpg 300w, https:\/\/vibrationwelding.com\/wp-content\/uploads\/2026\/05\/Vibration-Welding-Cost-150x150.jpg 150w, https:\/\/vibrationwelding.com\/wp-content\/uploads\/2026\/05\/Vibration-Welding-Cost-768x768.jpg 768w, https:\/\/vibrationwelding.com\/wp-content\/uploads\/2026\/05\/Vibration-Welding-Cost-12x12.jpg 12w, https:\/\/vibrationwelding.com\/wp-content\/uploads\/2026\/05\/Vibration-Welding-Cost.jpg 1254w\" sizes=\"(max-width: 1024px) 100vw, 1024px\" \/><figcaption id=\"caption-attachment-1513\" class=\"wp-caption-text\">Vibration Welding Cost<\/figcaption><\/figure><p id=\"ember1477\" class=\"ember-view reader-content-blocks__paragraph\"><strong>Vibration Welder Pre-Acceptance:<\/strong><\/p><p id=\"ember1478\" class=\"ember-view reader-content-blocks__paragraph\">Best\u00e4tigen Sie, dass die <a class=\"app-aware-link\" href=\"https:\/\/vibrationwelding.com\/de\/vibration-welding-machine\/\" target=\"_self\" data-test-app-aware-link=\"\">Vibrationsschwei\u00dfer<\/a> vorab angenommen wurde und alle festgelegten Anforderungen und Qualit\u00e4tsstandards erf\u00fcllt.<\/p><p id=\"ember1480\" class=\"ember-view reader-content-blocks__paragraph\"><strong>Offene Fragen sind abgeschlossen:<\/strong><\/p><p id=\"ember1481\" class=\"ember-view reader-content-blocks__paragraph\">Sicherstellen, dass alle offenen Fragen, die bei der Inspektion vor der Abnahme festgestellt wurden, behandelt, gel\u00f6st und vom Kunden genehmigt wurden.<\/p><p id=\"ember1482\" class=\"ember-view reader-content-blocks__paragraph\"><strong>Logistik und Transport:<\/strong><\/p><p id=\"ember1483\" class=\"ember-view reader-content-blocks__paragraph\">\u00dcberpr\u00fcfen Sie, ob ein bestimmtes Logistik-\/Transportunternehmen f\u00fcr das Projekt ausgew\u00e4hlt wurde. <a class=\"app-aware-link\" href=\"https:\/\/vibrationwelding.com\/de\/vibration-welding-machine\/\" target=\"_self\" data-test-app-aware-link=\"\">Vibrationsschwei\u00dfger\u00e4t<\/a> und dass der Logistikplan best\u00e4tigt wird. Dazu geh\u00f6ren die Festlegung der Transportart und die Sicherstellung der rechtzeitigen Lieferung.<\/p><p id=\"ember1484\" class=\"ember-view reader-content-blocks__paragraph\"><strong>Verpackungswerkzeuge und -materialien:<\/strong><\/p><p id=\"ember1485\" class=\"ember-view reader-content-blocks__paragraph\">Vergewissern Sie sich, dass alle erforderlichen Verpackungswerkzeuge und -materialien entsprechend dem Verpackungsschema vorbereitet sind. Eine ordnungsgem\u00e4\u00dfe Verpackung ist wichtig, um Transportsch\u00e4den zu vermeiden.<\/p><p id=\"ember1486\" class=\"ember-view reader-content-blocks__paragraph\"><strong>Ersatzteile und Komponenten:<\/strong><\/p><p id=\"ember1487\" class=\"ember-view reader-content-blocks__paragraph\">\u00dcberpr\u00fcfen Sie, ob alle Ersatzteile oder Endkomponenten gem\u00e4\u00df dem Verpackungsschema verpackt sind, um sicherzustellen, dass alles, was f\u00fcr den Betrieb erforderlich ist, enthalten ist.<\/p><p id=\"ember1488\" class=\"ember-view reader-content-blocks__paragraph\"><strong>Dokumentation:<\/strong><\/p><p id=\"ember1489\" class=\"ember-view reader-content-blocks__paragraph\">Sicherstellen, dass alle relevanten Dokumente von <a class=\"app-aware-link\" href=\"https:\/\/vibrationwelding.com\/de\/vibration-welding-machine\/\" target=\"_self\" data-test-app-aware-link=\"\">Vibrationsschwei\u00dfger\u00e4te<\/a>einschlie\u00dflich technischer Dokumente, Zollabfertigungsdokumente, Versicherungsdokumente und sonstiger erforderlicher Papiere, werden wie angegeben vorbereitet und verpackt.<\/p><p id=\"ember1490\" class=\"ember-view reader-content-blocks__paragraph\"><strong>Informationen zur Lieferung:<\/strong><\/p><p id=\"ember1491\" class=\"ember-view reader-content-blocks__paragraph\">Benachrichtigung des Kunden \u00fcber alle relevanten Lieferinformationen, einschlie\u00dflich technischer Dokumente und Lieferpl\u00e4ne, und Best\u00e4tigung des Verst\u00e4ndnisses und der Zustimmung des Kunden.<\/p><p id=\"ember1492\" class=\"ember-view reader-content-blocks__paragraph\"><strong>Installation und Fehlersuche:<\/strong><\/p><p id=\"ember1493\" class=\"ember-view reader-content-blocks__paragraph\">Best\u00e4tigen Sie, dass die <a class=\"app-aware-link\" href=\"https:\/\/vibrationwelding.com\/de\/vibration-welding-machine\/\" target=\"_self\" data-test-app-aware-link=\"\">Vibrationsschwei\u00dfer<\/a> der Installations- und Fehlersuchplan f\u00fcr die Anlage des Kunden fertiggestellt und mit dem Kunden vereinbart wurde. Sicherstellen, dass ein qualifiziertes Installationsteam im Werk bereitsteht, um die <a class=\"app-aware-link\" href=\"https:\/\/vibrationwelding.com\/de\/vibration-welding-machine\/\" target=\"_self\" data-test-app-aware-link=\"\">Vibrationsschwei\u00dfger\u00e4t<\/a> wie im Plan vorgesehen.<\/p><p id=\"ember1495\" class=\"ember-view reader-content-blocks__paragraph\"><strong>Anforderungen an die Checkliste f\u00fcr den Versand:<\/strong><\/p><p id=\"ember1496\" class=\"ember-view reader-content-blocks__paragraph\">\u00dcberpr\u00fcfen Sie, ob alle Anforderungen, die in der <a class=\"app-aware-link\" href=\"https:\/\/vibrationwelding.com\/de\/vibration-welding-machine\/\" target=\"_self\" data-test-app-aware-link=\"\">Vibrationsschwei\u00dfer<\/a> Die Checkliste f\u00fcr den Versand wird ausgef\u00fcllt, um sicherzustellen, dass vor dem Versand nichts \u00fcbersehen wird.<\/p><p id=\"ember1497\" class=\"ember-view reader-content-blocks__paragraph\"><strong>Rechtzeitige Lieferung:<\/strong><\/p><p id=\"ember1498\" class=\"ember-view reader-content-blocks__paragraph\">\u00dcberwachen Sie die Sendung, um sicherzustellen, dass der Kunde das Produkt rechtzeitig erh\u00e4lt und dass das Paket w\u00e4hrend des Transports unversehrt und unbesch\u00e4digt bleibt.<\/p><p id=\"ember1499\" class=\"ember-view reader-content-blocks__paragraph\">Durch die sorgf\u00e4ltige \u00dcberpr\u00fcfung jedes einzelnen Punktes auf dieser Checkliste f\u00fcr die Lieferkontrolle k\u00f6nnen wir unseren Kunden versichern, dass ihre <a class=\"app-aware-link\" href=\"https:\/\/vibrationwelding.com\/de\/vibration-welding-machine\/\" target=\"_self\" data-test-app-aware-link=\"\">Vibrationsschwei\u00dfger\u00e4t<\/a> sicher zugestellt werden und ihren Erwartungen und betrieblichen Anforderungen entsprechen.<\/p><p id=\"ember1500\" class=\"ember-view reader-content-blocks__paragraph\">1TP5Vibrationsschwei\u00dfen 1TP5Vibrationsschwei\u00dfger\u00e4t 1TP5Vibrationsschwei\u00dfmaschine 1TP5Vibrationsschwei\u00dfger\u00e4te<\/p>\t\t\t\t\t\t\t\t<\/div>\n\t\t\t\t<\/div>\n\t\t\t\t\t<\/div>\n\t\t<\/div>\n\t\t\t\t\t<\/div>\n\t\t<\/section>\n\t\t\t\t<\/div>","protected":false},"excerpt":{"rendered":"<p>Comprehensive Vibration Welding Machine Delivery Inspection Checklist Before we ship the vibration welding machine, we often need to check the delivery inspection checklist to ensure a satisfying delivery process. This comprehensive checklist covers many aspects of the shipment to ensure that all requirements are met and that the customer receives their equipment in the best [&hellip;]<\/p>\n","protected":false},"author":1,"featured_media":0,"parent":0,"menu_order":0,"comment_status":"closed","ping_status":"closed","template":"","meta":{"nf_dc_page":"","site-sidebar-layout":"no-sidebar","site-content-layout":"page-builder","ast-site-content-layout":"full-width-container","site-content-style":"default","site-sidebar-style":"default","ast-global-header-display":"","ast-banner-title-visibility":"","ast-main-header-display":"","ast-hfb-above-header-display":"","ast-hfb-below-header-display":"","ast-hfb-mobile-header-display":"","site-post-title":"disabled","ast-breadcrumbs-content":"","ast-featured-img":"disabled","footer-sml-layout":"","ast-disable-related-posts":"","theme-transparent-header-meta":"","adv-header-id-meta":"","stick-header-meta":"","header-above-stick-meta":"","header-main-stick-meta":"","header-below-stick-meta":"","astra-migrate-meta-layouts":"set","ast-page-background-enabled":"default","ast-page-background-meta":{"desktop":{"background-color":"var(--ast-global-color-4)","background-image":"","background-repeat":"repeat","background-position":"center center","background-size":"auto","background-attachment":"scroll","background-type":"","background-media":"","overlay-type":"","overlay-color":"","overlay-opacity":"","overlay-gradient":""},"tablet":{"background-color":"","background-image":"","background-repeat":"repeat","background-position":"center center","background-size":"auto","background-attachment":"scroll","background-type":"","background-media":"","overlay-type":"","overlay-color":"","overlay-opacity":"","overlay-gradient":""},"mobile":{"background-color":"","background-image":"","background-repeat":"repeat","background-position":"center center","background-size":"auto","background-attachment":"scroll","background-type":"","background-media":"","overlay-type":"","overlay-color":"","overlay-opacity":"","overlay-gradient":""}},"ast-content-background-meta":{"desktop":{"background-color":"var(--ast-global-color-5)","background-image":"","background-repeat":"repeat","background-position":"center center","background-size":"auto","background-attachment":"scroll","background-type":"","background-media":"","overlay-type":"","overlay-color":"","overlay-opacity":"","overlay-gradient":""},"tablet":{"background-color":"var(--ast-global-color-5)","background-image":"","background-repeat":"repeat","background-position":"center center","background-size":"auto","background-attachment":"scroll","background-type":"","background-media":"","overlay-type":"","overlay-color":"","overlay-opacity":"","overlay-gradient":""},"mobile":{"background-color":"var(--ast-global-color-5)","background-image":"","background-repeat":"repeat","background-position":"center center","background-size":"auto","background-attachment":"scroll","background-type":"","background-media":"","overlay-type":"","overlay-color":"","overlay-opacity":"","overlay-gradient":""}},"footnotes":""},"class_list":["post-970","page","type-page","status-publish","hentry"],"yoast_head":"<!-- This site is optimized with the Yoast SEO plugin v27.5 - https:\/\/yoast.com\/product\/yoast-seo-wordpress\/ -->\n<title>Machine Delivery Inspection - Chinese leading vibration welding machine manufacturer<\/title>\n<meta name=\"description\" content=\"Before we ship the vibration welding machine, we often need to check the delivery inspection checklist to ensure a satisfying delivery process.\" \/>\n<meta name=\"robots\" content=\"index, follow, max-snippet:-1, max-image-preview:large, max-video-preview:-1\" \/>\n<link rel=\"canonical\" href=\"http:\/\/vibrationwelding.com\/de\/machine-delivery-inspection\/\" \/>\n<meta property=\"og:locale\" content=\"de_DE\" \/>\n<meta property=\"og:type\" content=\"article\" \/>\n<meta property=\"og:title\" content=\"Machine Delivery Inspection - Chinese leading vibration welding machine manufacturer\" \/>\n<meta property=\"og:description\" content=\"Before we ship the vibration welding machine, we often need to check the delivery inspection checklist to ensure a satisfying delivery process.\" \/>\n<meta property=\"og:url\" content=\"http:\/\/vibrationwelding.com\/de\/machine-delivery-inspection\/\" \/>\n<meta property=\"og:site_name\" content=\"Chinese leading vibration welding machine manufacturer\" \/>\n<meta property=\"article:modified_time\" content=\"2026-05-09T09:43:53+00:00\" \/>\n<meta property=\"og:image\" content=\"http:\/\/vibrationwelding.com\/wp-content\/uploads\/2026\/05\/Vibration-Welding-Cost-1024x1024.jpg\" \/>\n<meta name=\"twitter:card\" content=\"summary_large_image\" \/>\n<meta name=\"twitter:label1\" content=\"Gesch\u00e4tzte Lesezeit\" \/>\n\t<meta name=\"twitter:data1\" content=\"3\u00a0Minuten\" \/>\n<script type=\"application\/ld+json\" class=\"yoast-schema-graph\">{\"@context\":\"https:\\\/\\\/schema.org\",\"@graph\":[{\"@type\":\"WebPage\",\"@id\":\"http:\\\/\\\/vibrationwelding.com\\\/pt\\\/machine-delivery-inspection\\\/\",\"url\":\"http:\\\/\\\/vibrationwelding.com\\\/pt\\\/machine-delivery-inspection\\\/\",\"name\":\"Machine Delivery Inspection - Chinese leading vibration welding machine manufacturer\",\"isPartOf\":{\"@id\":\"http:\\\/\\\/vibrationwelding.com\\\/ar\\\/#website\"},\"primaryImageOfPage\":{\"@id\":\"http:\\\/\\\/vibrationwelding.com\\\/pt\\\/machine-delivery-inspection\\\/#primaryimage\"},\"image\":{\"@id\":\"http:\\\/\\\/vibrationwelding.com\\\/pt\\\/machine-delivery-inspection\\\/#primaryimage\"},\"thumbnailUrl\":\"http:\\\/\\\/vibrationwelding.com\\\/wp-content\\\/uploads\\\/2026\\\/05\\\/Vibration-Welding-Cost-1024x1024.jpg\",\"datePublished\":\"2024-01-16T03:27:18+00:00\",\"dateModified\":\"2026-05-09T09:43:53+00:00\",\"description\":\"Before we ship the vibration welding machine, we often need to check the delivery inspection checklist to ensure a satisfying delivery process.\",\"breadcrumb\":{\"@id\":\"http:\\\/\\\/vibrationwelding.com\\\/pt\\\/machine-delivery-inspection\\\/#breadcrumb\"},\"inLanguage\":\"de\",\"potentialAction\":[{\"@type\":\"ReadAction\",\"target\":[\"http:\\\/\\\/vibrationwelding.com\\\/pt\\\/machine-delivery-inspection\\\/\"]}]},{\"@type\":\"ImageObject\",\"inLanguage\":\"de\",\"@id\":\"http:\\\/\\\/vibrationwelding.com\\\/pt\\\/machine-delivery-inspection\\\/#primaryimage\",\"url\":\"http:\\\/\\\/vibrationwelding.com\\\/wp-content\\\/uploads\\\/2026\\\/05\\\/Vibration-Welding-Cost-1024x1024.jpg\",\"contentUrl\":\"http:\\\/\\\/vibrationwelding.com\\\/wp-content\\\/uploads\\\/2026\\\/05\\\/Vibration-Welding-Cost-1024x1024.jpg\"},{\"@type\":\"BreadcrumbList\",\"@id\":\"http:\\\/\\\/vibrationwelding.com\\\/pt\\\/machine-delivery-inspection\\\/#breadcrumb\",\"itemListElement\":[{\"@type\":\"ListItem\",\"position\":1,\"name\":\"Home\",\"item\":\"https:\\\/\\\/vibrationwelding.com\\\/\"},{\"@type\":\"ListItem\",\"position\":2,\"name\":\"Machine Delivery Inspection\"}]},{\"@type\":\"WebSite\",\"@id\":\"http:\\\/\\\/vibrationwelding.com\\\/ar\\\/#website\",\"url\":\"http:\\\/\\\/vibrationwelding.com\\\/ar\\\/\",\"name\":\"Chinese leading vibration welding machine manufacturer\",\"description\":\"Chinese leading vibration welding machine manufacturer help customers find the best solution to reduce cost and keep quality with good after sales service.\",\"publisher\":{\"@id\":\"http:\\\/\\\/vibrationwelding.com\\\/ar\\\/#organization\"},\"potentialAction\":[{\"@type\":\"SearchAction\",\"target\":{\"@type\":\"EntryPoint\",\"urlTemplate\":\"http:\\\/\\\/vibrationwelding.com\\\/ar\\\/?s={search_term_string}\"},\"query-input\":{\"@type\":\"PropertyValueSpecification\",\"valueRequired\":true,\"valueName\":\"search_term_string\"}}],\"inLanguage\":\"de\"},{\"@type\":\"Organization\",\"@id\":\"http:\\\/\\\/vibrationwelding.com\\\/ar\\\/#organization\",\"name\":\"Chinese leading vibration welding machine manufacturer\",\"url\":\"http:\\\/\\\/vibrationwelding.com\\\/ar\\\/\",\"logo\":{\"@type\":\"ImageObject\",\"inLanguage\":\"de\",\"@id\":\"http:\\\/\\\/vibrationwelding.com\\\/ar\\\/#\\\/schema\\\/logo\\\/image\\\/\",\"url\":\"https:\\\/\\\/vibrationwelding.com\\\/wp-content\\\/uploads\\\/2023\\\/09\\\/cropped-cropped-jfortune-logo_\u526f\u672c_\u526f\u672c_\u526f111\u672c_\u526f\u672c-new.png\",\"contentUrl\":\"https:\\\/\\\/vibrationwelding.com\\\/wp-content\\\/uploads\\\/2023\\\/09\\\/cropped-cropped-jfortune-logo_\u526f\u672c_\u526f\u672c_\u526f111\u672c_\u526f\u672c-new.png\",\"width\":512,\"height\":171,\"caption\":\"Chinese leading vibration welding machine manufacturer\"},\"image\":{\"@id\":\"http:\\\/\\\/vibrationwelding.com\\\/ar\\\/#\\\/schema\\\/logo\\\/image\\\/\"}}]}<\/script>\n<!-- \/ Yoast SEO plugin. -->","yoast_head_json":{"title":"Inspektion der Maschinenauslieferung - f\u00fchrender chinesischer Hersteller von Vibrationsschwei\u00dfmaschinen","description":"Bevor wir die Vibrationsschwei\u00dfmaschine ausliefern, m\u00fcssen wir oft die Checkliste f\u00fcr die Auslieferungsinspektion \u00fcberpr\u00fcfen, um einen zufriedenstellenden Lieferprozess zu gew\u00e4hrleisten.","robots":{"index":"index","follow":"follow","max-snippet":"max-snippet:-1","max-image-preview":"max-image-preview:large","max-video-preview":"max-video-preview:-1"},"canonical":"http:\/\/vibrationwelding.com\/de\/machine-delivery-inspection\/","og_locale":"de_DE","og_type":"article","og_title":"Machine Delivery Inspection - Chinese leading vibration welding machine manufacturer","og_description":"Before we ship the vibration welding machine, we often need to check the delivery inspection checklist to ensure a satisfying delivery process.","og_url":"http:\/\/vibrationwelding.com\/de\/machine-delivery-inspection\/","og_site_name":"Chinese leading vibration welding machine manufacturer","article_modified_time":"2026-05-09T09:43:53+00:00","og_image":[{"url":"http:\/\/vibrationwelding.com\/wp-content\/uploads\/2026\/05\/Vibration-Welding-Cost-1024x1024.jpg","type":"","width":"","height":""}],"twitter_card":"summary_large_image","twitter_misc":{"Gesch\u00e4tzte Lesezeit":"3\u00a0Minuten"},"schema":{"@context":"https:\/\/schema.org","@graph":[{"@type":"WebPage","@id":"http:\/\/vibrationwelding.com\/pt\/machine-delivery-inspection\/","url":"http:\/\/vibrationwelding.com\/pt\/machine-delivery-inspection\/","name":"Inspektion der Maschinenauslieferung - f\u00fchrender chinesischer Hersteller von Vibrationsschwei\u00dfmaschinen","isPartOf":{"@id":"http:\/\/vibrationwelding.com\/ar\/#website"},"primaryImageOfPage":{"@id":"http:\/\/vibrationwelding.com\/pt\/machine-delivery-inspection\/#primaryimage"},"image":{"@id":"http:\/\/vibrationwelding.com\/pt\/machine-delivery-inspection\/#primaryimage"},"thumbnailUrl":"http:\/\/vibrationwelding.com\/wp-content\/uploads\/2026\/05\/Vibration-Welding-Cost-1024x1024.jpg","datePublished":"2024-01-16T03:27:18+00:00","dateModified":"2026-05-09T09:43:53+00:00","description":"Bevor wir die Vibrationsschwei\u00dfmaschine ausliefern, m\u00fcssen wir oft die Checkliste f\u00fcr die Auslieferungsinspektion \u00fcberpr\u00fcfen, um einen zufriedenstellenden Lieferprozess zu gew\u00e4hrleisten.","breadcrumb":{"@id":"http:\/\/vibrationwelding.com\/pt\/machine-delivery-inspection\/#breadcrumb"},"inLanguage":"de","potentialAction":[{"@type":"ReadAction","target":["http:\/\/vibrationwelding.com\/pt\/machine-delivery-inspection\/"]}]},{"@type":"ImageObject","inLanguage":"de","@id":"http:\/\/vibrationwelding.com\/pt\/machine-delivery-inspection\/#primaryimage","url":"http:\/\/vibrationwelding.com\/wp-content\/uploads\/2026\/05\/Vibration-Welding-Cost-1024x1024.jpg","contentUrl":"http:\/\/vibrationwelding.com\/wp-content\/uploads\/2026\/05\/Vibration-Welding-Cost-1024x1024.jpg"},{"@type":"BreadcrumbList","@id":"http:\/\/vibrationwelding.com\/pt\/machine-delivery-inspection\/#breadcrumb","itemListElement":[{"@type":"ListItem","position":1,"name":"Home","item":"https:\/\/vibrationwelding.com\/"},{"@type":"ListItem","position":2,"name":"Machine Delivery Inspection"}]},{"@type":"WebSite","@id":"http:\/\/vibrationwelding.com\/ar\/#website","url":"http:\/\/vibrationwelding.com\/ar\/","name":"F\u00fchrender chinesischer Hersteller von Vibrationsschwei\u00dfger\u00e4ten","description":"Der f\u00fchrende chinesische Hersteller von Vibrationsschwei\u00dfmaschinen hilft seinen Kunden, die beste L\u00f6sung zu finden, um die Kosten zu senken und die Qualit\u00e4t mit einem guten Kundendienst zu erhalten.","publisher":{"@id":"http:\/\/vibrationwelding.com\/ar\/#organization"},"potentialAction":[{"@type":"SearchAction","target":{"@type":"EntryPoint","urlTemplate":"http:\/\/vibrationwelding.com\/ar\/?s={search_term_string}"},"query-input":{"@type":"PropertyValueSpecification","valueRequired":true,"valueName":"search_term_string"}}],"inLanguage":"de"},{"@type":"Organization","@id":"http:\/\/vibrationwelding.com\/ar\/#organization","name":"F\u00fchrender chinesischer Hersteller von Vibrationsschwei\u00dfger\u00e4ten","url":"http:\/\/vibrationwelding.com\/ar\/","logo":{"@type":"ImageObject","inLanguage":"de","@id":"http:\/\/vibrationwelding.com\/ar\/#\/schema\/logo\/image\/","url":"https:\/\/vibrationwelding.com\/wp-content\/uploads\/2023\/09\/cropped-cropped-jfortune-logo_\u526f\u672c_\u526f\u672c_\u526f111\u672c_\u526f\u672c-new.png","contentUrl":"https:\/\/vibrationwelding.com\/wp-content\/uploads\/2023\/09\/cropped-cropped-jfortune-logo_\u526f\u672c_\u526f\u672c_\u526f111\u672c_\u526f\u672c-new.png","width":512,"height":171,"caption":"Chinese leading vibration welding machine manufacturer"},"image":{"@id":"http:\/\/vibrationwelding.com\/ar\/#\/schema\/logo\/image\/"}}]}},"_links":{"self":[{"href":"https:\/\/vibrationwelding.com\/de\/wp-json\/wp\/v2\/pages\/970","targetHints":{"allow":["GET"]}}],"collection":[{"href":"https:\/\/vibrationwelding.com\/de\/wp-json\/wp\/v2\/pages"}],"about":[{"href":"https:\/\/vibrationwelding.com\/de\/wp-json\/wp\/v2\/types\/page"}],"author":[{"embeddable":true,"href":"https:\/\/vibrationwelding.com\/de\/wp-json\/wp\/v2\/users\/1"}],"replies":[{"embeddable":true,"href":"https:\/\/vibrationwelding.com\/de\/wp-json\/wp\/v2\/comments?post=970"}],"version-history":[{"count":14,"href":"https:\/\/vibrationwelding.com\/de\/wp-json\/wp\/v2\/pages\/970\/revisions"}],"predecessor-version":[{"id":1516,"href":"https:\/\/vibrationwelding.com\/de\/wp-json\/wp\/v2\/pages\/970\/revisions\/1516"}],"wp:attachment":[{"href":"https:\/\/vibrationwelding.com\/de\/wp-json\/wp\/v2\/media?parent=970"}],"curies":[{"name":"wp","href":"https:\/\/api.w.org\/{rel}","templated":true}]}}