{"id":16,"date":"2023-07-04T02:01:17","date_gmt":"2023-07-04T02:01:17","guid":{"rendered":"http:\/\/vibrationwelding.com\/?page_id=16"},"modified":"2024-04-04T06:12:18","modified_gmt":"2024-04-04T06:12:18","slug":"automotive-lighting-welding","status":"publish","type":"page","link":"https:\/\/vibrationwelding.com\/es\/automotive-lighting-welding\/","title":{"rendered":"Soldadura de iluminaci\u00f3n para autom\u00f3viles"},"content":{"rendered":"<div data-elementor-type=\"wp-page\" data-elementor-id=\"16\" class=\"elementor elementor-16\" data-elementor-post-type=\"page\">\n\t\t\t\t\t\t<section class=\"elementor-section elementor-top-section elementor-element elementor-element-ed482b3 elementor-section-boxed elementor-section-height-default elementor-section-height-default\" data-id=\"ed482b3\" data-element_type=\"section\" data-e-type=\"section\">\n\t\t\t\t\t\t<div class=\"elementor-container elementor-column-gap-default\">\n\t\t\t\t\t<div class=\"elementor-column elementor-col-100 elementor-top-column elementor-element elementor-element-aa8f320\" data-id=\"aa8f320\" data-element_type=\"column\" data-e-type=\"column\">\n\t\t\t<div class=\"elementor-widget-wrap elementor-element-populated\">\n\t\t\t\t\t\t<div class=\"elementor-element elementor-element-7587919 elementor-widget elementor-widget-heading\" data-id=\"7587919\" data-element_type=\"widget\" data-e-type=\"widget\" data-widget_type=\"heading.default\">\n\t\t\t\t<div class=\"elementor-widget-container\">\n\t\t\t\t\t<h2 class=\"elementor-heading-title elementor-size-default\">Soluciones de soldadura de pl\u00e1sticos para iluminaci\u00f3n de autom\u00f3viles <\/h2>\t\t\t\t<\/div>\n\t\t\t\t<\/div>\n\t\t\t\t<div class=\"elementor-element elementor-element-87e9c6e elementor-widget elementor-widget-text-editor\" data-id=\"87e9c6e\" data-element_type=\"widget\" data-e-type=\"widget\" data-widget_type=\"text-editor.default\">\n\t\t\t\t<div class=\"elementor-widget-container\">\n\t\t\t\t\t\t\t\t\t<p><img fetchpriority=\"high\" decoding=\"async\" class=\"size-medium wp-image-118 alignright\" src=\"http:\/\/vibrationwelding.com\/wp-content\/uploads\/2023\/07\/Energy-Efficient-Plastic-Vibration-Welding-Technology-300x225.jpg\" alt=\"\" width=\"300\" height=\"225\" srcset=\"https:\/\/vibrationwelding.com\/wp-content\/uploads\/2023\/07\/Energy-Efficient-Plastic-Vibration-Welding-Technology-300x225.jpg 300w, https:\/\/vibrationwelding.com\/wp-content\/uploads\/2023\/07\/Energy-Efficient-Plastic-Vibration-Welding-Technology-1024x768.jpg 1024w, https:\/\/vibrationwelding.com\/wp-content\/uploads\/2023\/07\/Energy-Efficient-Plastic-Vibration-Welding-Technology-768x576.jpg 768w, https:\/\/vibrationwelding.com\/wp-content\/uploads\/2023\/07\/Energy-Efficient-Plastic-Vibration-Welding-Technology.jpg 1440w\" sizes=\"(max-width: 300px) 100vw, 300px\" \/>Los componentes de iluminaci\u00f3n de los autom\u00f3viles est\u00e1n evolucionando hacia dise\u00f1os cada vez m\u00e1s complejos, como los faros traseros, que pueden tener hasta un metro de longitud e integrar a la perfecci\u00f3n delicados sensores, lo que pone de manifiesto la creciente complejidad de estos elementos. Estos veh\u00edculos deben cautivar a los conductores potenciales, satisfaciendo su deseo de innovaci\u00f3n y est\u00e9tica vanguardista. La iluminaci\u00f3n desempe\u00f1a un papel crucial en la consecuci\u00f3n de estos objetivos en los autom\u00f3viles modernos, desde las sofisticadas luces traseras centrales de una sola pieza con intrincadas formas multidimensionales hasta la sutil iluminaci\u00f3n ambiental interior que realza el ambiente del habit\u00e1culo, creando un entorno m\u00e1s acogedor y confortable.<\/p><p>Fabricantes como usted se enfrentan a obst\u00e1culos formidables en la producci\u00f3n de estos conjuntos. Afortunadamente, la tecnolog\u00eda de soldadura de iluminaci\u00f3n de automoci\u00f3n de Jfortune est\u00e1 equipada para hacer frente a estos retos con soluciones tecnol\u00f3gicamente avanzadas adaptadas a las demandas espec\u00edficas de estas aplicaciones. Aplicaciones de iluminaci\u00f3n de automoci\u00f3n cada vez m\u00e1s complejas, posibles gracias a procesos avanzados de soldadura de pl\u00e1sticos.<\/p><p>Las aplicaciones de iluminaci\u00f3n de autom\u00f3viles, que antes eran puramente funcionales, son ahora elementos de estilo y dise\u00f1o, que requieren soldadores que permitan sensores delicados, componentes m\u00e1s grandes con geometr\u00edas complejas y soldaduras sin rebabas, como Jfortune Clean Joining Technologies.<\/p><p><img decoding=\"async\" class=\"size-medium wp-image-999 alignleft\" src=\"http:\/\/vibrationwelding.com\/wp-content\/uploads\/2024\/04\/vibration-welding-equipment-300x185.jpg\" alt=\"\" width=\"300\" height=\"185\" srcset=\"https:\/\/vibrationwelding.com\/wp-content\/uploads\/2024\/04\/vibration-welding-equipment-300x185.jpg 300w, https:\/\/vibrationwelding.com\/wp-content\/uploads\/2024\/04\/vibration-welding-equipment-768x472.jpg 768w, https:\/\/vibrationwelding.com\/wp-content\/uploads\/2024\/04\/vibration-welding-equipment.jpg 829w\" sizes=\"(max-width: 300px) 100vw, 300px\" \/><\/p><p>La soldadura limpia crea uniones sin part\u00edculas y de alta resistencia en ensamblajes est\u00e9ticamente complejos Cuando se trata de superar los retos que plantea la iluminaci\u00f3n de vanguardia en automoci\u00f3n, hay una tecnolog\u00eda, la Clean Vibration Technology, que destaca por su capacidad para crear soldaduras hermosas, libres de \"cabello de \u00e1ngel\", part\u00edculas y rebabas.<\/p><p>\u00a0<\/p><p>\u00a0<\/p><p>Adem\u00e1s, obtendr\u00e1s:<\/p><ul><li>\u00a0Bonos de alta resistencia<\/li><li>\u00a0El cierre herm\u00e9tico impide la entrada de aire y agua<\/li><li>Electr\u00f3nica delicada menos propensa a sufrir da\u00f1os durante el montaje<\/li><li>Capacidad para unir pol\u00edmeros m\u00e1s sensibles y dif\u00edciles<\/li><li>Libertad de dise\u00f1o para formas y contornos complejos\u00a0<\/li><\/ul><p><img decoding=\"async\" class=\"size-medium wp-image-757 alignright\" src=\"http:\/\/vibrationwelding.com\/wp-content\/uploads\/2023\/11\/infrared-cleaning-vibration-welding-300x225.jpg\" alt=\"\" width=\"300\" height=\"225\" srcset=\"https:\/\/vibrationwelding.com\/wp-content\/uploads\/2023\/11\/infrared-cleaning-vibration-welding-300x225.jpg 300w, https:\/\/vibrationwelding.com\/wp-content\/uploads\/2023\/11\/infrared-cleaning-vibration-welding-1024x768.jpg 1024w, https:\/\/vibrationwelding.com\/wp-content\/uploads\/2023\/11\/infrared-cleaning-vibration-welding-768x576.jpg 768w, https:\/\/vibrationwelding.com\/wp-content\/uploads\/2023\/11\/infrared-cleaning-vibration-welding.jpg 1440w\" sizes=\"(max-width: 300px) 100vw, 300px\" \/>\"Limpio\" se ha convertido en el concepto central de la soldadura por vibraci\u00f3n, especialmente en el \u00e1mbito de las exigentes aplicaciones de iluminaci\u00f3n de autom\u00f3viles. La tecnolog\u00eda de vibraci\u00f3n limpia ofrece a los fabricantes notables ventajas. A diferencia de la soldadura por vibraci\u00f3n tradicional, en la que el calor se genera a trav\u00e9s de una intensa fricci\u00f3n entre los dos componentes que se sueldan, \u00e9sta sigue un proceso de dos pasos. En primer lugar, un emisor de infrarrojos de l\u00e1mina met\u00e1lica precalienta las superficies de uni\u00f3n y, a continuaci\u00f3n, las dos piezas se juntan suavemente bajo presi\u00f3n y vibraci\u00f3n para finalizar el proceso de soldadura. La soldadura resultante carece de part\u00edculas y, en determinados materiales, la uni\u00f3n soldada experimenta una tensi\u00f3n reducida, lo que se traduce en una mayor resistencia.<\/p><p><img loading=\"lazy\" decoding=\"async\" class=\"size-medium wp-image-1000 alignleft\" src=\"http:\/\/vibrationwelding.com\/wp-content\/uploads\/2024\/04\/IR-cleaning-vibration-welding-machine-300x152.jpg\" alt=\"\" width=\"300\" height=\"152\" srcset=\"https:\/\/vibrationwelding.com\/wp-content\/uploads\/2024\/04\/IR-cleaning-vibration-welding-machine-300x152.jpg 300w, https:\/\/vibrationwelding.com\/wp-content\/uploads\/2024\/04\/IR-cleaning-vibration-welding-machine-1024x520.jpg 1024w, https:\/\/vibrationwelding.com\/wp-content\/uploads\/2024\/04\/IR-cleaning-vibration-welding-machine-768x390.jpg 768w, https:\/\/vibrationwelding.com\/wp-content\/uploads\/2024\/04\/IR-cleaning-vibration-welding-machine.jpg 1189w\" sizes=\"(max-width: 300px) 100vw, 300px\" \/>Los soldadores de vibraciones limpias para piezas peque\u00f1as a muy grandes han demostrado su eficacia en aplicaciones de iluminaci\u00f3n que requieren una est\u00e9tica superior y un rendimiento robusto.<\/p><ul><li>Especificaciones del emisor adaptadas a las caracter\u00edsticas de absorci\u00f3n de cada material para aumentar la eficiencia energ\u00e9tica<\/li><li>Puede utilizarse para soldar formas complejas de gran tama\u00f1o<\/li><\/ul>\t\t\t\t\t\t\t\t<\/div>\n\t\t\t\t<\/div>\n\t\t\t\t\t<\/div>\n\t\t<\/div>\n\t\t\t\t\t<\/div>\n\t\t<\/section>\n\t\t\t\t<\/div>","protected":false},"excerpt":{"rendered":"<p>Plastic Welding Solutions for Automotive Lighting You are required to create expansive lighting installations that are multi-dimensional and progressively intricate, seamlessly blending aesthetics, elegance, and practicality.Automotive lighting components are evolving into more intricate designs, such as tail lights that can extend up to a meter in length while seamlessly integrating delicate sensors, showcasing the growing [&hellip;]<\/p>\n","protected":false},"author":1,"featured_media":0,"parent":0,"menu_order":0,"comment_status":"closed","ping_status":"closed","template":"","meta":{"nf_dc_page":"","site-sidebar-layout":"no-sidebar","site-content-layout":"page-builder","ast-site-content-layout":"default","site-content-style":"default","site-sidebar-style":"default","ast-global-header-display":"","ast-banner-title-visibility":"","ast-main-header-display":"","ast-hfb-above-header-display":"","ast-hfb-below-header-display":"","ast-hfb-mobile-header-display":"","site-post-title":"disabled","ast-breadcrumbs-content":"","ast-featured-img":"disabled","footer-sml-layout":"","ast-disable-related-posts":"","theme-transparent-header-meta":"","adv-header-id-meta":"","stick-header-meta":"","header-above-stick-meta":"","header-main-stick-meta":"","header-below-stick-meta":"","astra-migrate-meta-layouts":"default","ast-page-background-enabled":"default","ast-page-background-meta":{"desktop":{"background-color":"var(--ast-global-color-4)","background-image":"","background-repeat":"repeat","background-position":"center center","background-size":"auto","background-attachment":"scroll","background-type":"","background-media":"","overlay-type":"","overlay-color":"","overlay-opacity":"","overlay-gradient":""},"tablet":{"background-color":"","background-image":"","background-repeat":"repeat","background-position":"center center","background-size":"auto","background-attachment":"scroll","background-type":"","background-media":"","overlay-type":"","overlay-color":"","overlay-opacity":"","overlay-gradient":""},"mobile":{"background-color":"","background-image":"","background-repeat":"repeat","background-position":"center center","background-size":"auto","background-attachment":"scroll","background-type":"","background-media":"","overlay-type":"","overlay-color":"","overlay-opacity":"","overlay-gradient":""}},"ast-content-background-meta":{"desktop":{"background-color":"var(--ast-global-color-5)","background-image":"","background-repeat":"repeat","background-position":"center center","background-size":"auto","background-attachment":"scroll","background-type":"","background-media":"","overlay-type":"","overlay-color":"","overlay-opacity":"","overlay-gradient":""},"tablet":{"background-color":"var(--ast-global-color-5)","background-image":"","background-repeat":"repeat","background-position":"center center","background-size":"auto","background-attachment":"scroll","background-type":"","background-media":"","overlay-type":"","overlay-color":"","overlay-opacity":"","overlay-gradient":""},"mobile":{"background-color":"var(--ast-global-color-5)","background-image":"","background-repeat":"repeat","background-position":"center center","background-size":"auto","background-attachment":"scroll","background-type":"","background-media":"","overlay-type":"","overlay-color":"","overlay-opacity":"","overlay-gradient":""}},"footnotes":""},"class_list":["post-16","page","type-page","status-publish","hentry"],"yoast_head":"<!-- This site is optimized with the Yoast SEO plugin v27.5 - https:\/\/yoast.com\/product\/yoast-seo-wordpress\/ -->\n<title>Automotive Lighting welding - Chinese leading vibration welding machine manufacturer<\/title>\n<meta name=\"description\" content=\"Jfortune&#039;s advanced automotive lighting welding solutions provides high-strength bonds, hermetic seals, and delicate assembly. Clean Vibration Technology offers particulate-free welds for complex shapes.\" \/>\n<meta name=\"robots\" content=\"index, follow, max-snippet:-1, max-image-preview:large, max-video-preview:-1\" \/>\n<link rel=\"canonical\" href=\"http:\/\/vibrationwelding.com\/es\/automotive-lighting-welding\/\" \/>\n<meta property=\"og:locale\" content=\"es_ES\" \/>\n<meta property=\"og:type\" content=\"article\" \/>\n<meta property=\"og:title\" content=\"Automotive Lighting welding - Chinese leading vibration welding machine manufacturer\" \/>\n<meta property=\"og:description\" content=\"Jfortune&#039;s advanced automotive lighting welding solutions provides high-strength bonds, hermetic seals, and delicate assembly. Clean Vibration Technology offers particulate-free welds for complex shapes.\" \/>\n<meta property=\"og:url\" content=\"http:\/\/vibrationwelding.com\/es\/automotive-lighting-welding\/\" \/>\n<meta property=\"og:site_name\" content=\"Chinese leading vibration welding machine manufacturer\" \/>\n<meta property=\"article:modified_time\" content=\"2024-04-04T06:12:18+00:00\" \/>\n<meta property=\"og:image\" content=\"http:\/\/vibrationwelding.com\/wp-content\/uploads\/2023\/07\/Energy-Efficient-Plastic-Vibration-Welding-Technology-300x225.jpg\" \/>\n<meta name=\"twitter:card\" content=\"summary_large_image\" \/>\n<meta name=\"twitter:label1\" content=\"Tiempo de lectura\" \/>\n\t<meta name=\"twitter:data1\" content=\"3 minutos\" \/>\n<script type=\"application\/ld+json\" class=\"yoast-schema-graph\">{\"@context\":\"https:\\\/\\\/schema.org\",\"@graph\":[{\"@type\":\"WebPage\",\"@id\":\"http:\\\/\\\/vibrationwelding.com\\\/ar\\\/automotive-lighting-welding\\\/\",\"url\":\"http:\\\/\\\/vibrationwelding.com\\\/ar\\\/automotive-lighting-welding\\\/\",\"name\":\"Automotive Lighting welding - Chinese leading vibration welding machine manufacturer\",\"isPartOf\":{\"@id\":\"http:\\\/\\\/vibrationwelding.com\\\/ar\\\/#website\"},\"primaryImageOfPage\":{\"@id\":\"http:\\\/\\\/vibrationwelding.com\\\/ar\\\/automotive-lighting-welding\\\/#primaryimage\"},\"image\":{\"@id\":\"http:\\\/\\\/vibrationwelding.com\\\/ar\\\/automotive-lighting-welding\\\/#primaryimage\"},\"thumbnailUrl\":\"http:\\\/\\\/vibrationwelding.com\\\/wp-content\\\/uploads\\\/2023\\\/07\\\/Energy-Efficient-Plastic-Vibration-Welding-Technology-300x225.jpg\",\"datePublished\":\"2023-07-04T02:01:17+00:00\",\"dateModified\":\"2024-04-04T06:12:18+00:00\",\"description\":\"Jfortune's advanced automotive lighting welding solutions provides high-strength bonds, hermetic seals, and delicate assembly. Clean Vibration Technology offers particulate-free welds for complex shapes.\",\"breadcrumb\":{\"@id\":\"http:\\\/\\\/vibrationwelding.com\\\/ar\\\/automotive-lighting-welding\\\/#breadcrumb\"},\"inLanguage\":\"es\",\"potentialAction\":[{\"@type\":\"ReadAction\",\"target\":[\"http:\\\/\\\/vibrationwelding.com\\\/ar\\\/automotive-lighting-welding\\\/\"]}]},{\"@type\":\"ImageObject\",\"inLanguage\":\"es\",\"@id\":\"http:\\\/\\\/vibrationwelding.com\\\/ar\\\/automotive-lighting-welding\\\/#primaryimage\",\"url\":\"http:\\\/\\\/vibrationwelding.com\\\/wp-content\\\/uploads\\\/2023\\\/07\\\/Energy-Efficient-Plastic-Vibration-Welding-Technology-300x225.jpg\",\"contentUrl\":\"http:\\\/\\\/vibrationwelding.com\\\/wp-content\\\/uploads\\\/2023\\\/07\\\/Energy-Efficient-Plastic-Vibration-Welding-Technology-300x225.jpg\"},{\"@type\":\"BreadcrumbList\",\"@id\":\"http:\\\/\\\/vibrationwelding.com\\\/ar\\\/automotive-lighting-welding\\\/#breadcrumb\",\"itemListElement\":[{\"@type\":\"ListItem\",\"position\":1,\"name\":\"Home\",\"item\":\"https:\\\/\\\/vibrationwelding.com\\\/\"},{\"@type\":\"ListItem\",\"position\":2,\"name\":\"Automotive Lighting welding\"}]},{\"@type\":\"WebSite\",\"@id\":\"http:\\\/\\\/vibrationwelding.com\\\/ar\\\/#website\",\"url\":\"http:\\\/\\\/vibrationwelding.com\\\/ar\\\/\",\"name\":\"Chinese leading vibration welding machine manufacturer\",\"description\":\"Chinese leading vibration welding machine manufacturer help customers find the best solution to reduce cost and keep quality with good after sales service.\",\"publisher\":{\"@id\":\"http:\\\/\\\/vibrationwelding.com\\\/ar\\\/#organization\"},\"potentialAction\":[{\"@type\":\"SearchAction\",\"target\":{\"@type\":\"EntryPoint\",\"urlTemplate\":\"http:\\\/\\\/vibrationwelding.com\\\/ar\\\/?s={search_term_string}\"},\"query-input\":{\"@type\":\"PropertyValueSpecification\",\"valueRequired\":true,\"valueName\":\"search_term_string\"}}],\"inLanguage\":\"es\"},{\"@type\":\"Organization\",\"@id\":\"http:\\\/\\\/vibrationwelding.com\\\/ar\\\/#organization\",\"name\":\"Chinese leading vibration welding machine manufacturer\",\"url\":\"http:\\\/\\\/vibrationwelding.com\\\/ar\\\/\",\"logo\":{\"@type\":\"ImageObject\",\"inLanguage\":\"es\",\"@id\":\"http:\\\/\\\/vibrationwelding.com\\\/ar\\\/#\\\/schema\\\/logo\\\/image\\\/\",\"url\":\"https:\\\/\\\/vibrationwelding.com\\\/wp-content\\\/uploads\\\/2023\\\/09\\\/cropped-cropped-jfortune-logo_\u526f\u672c_\u526f\u672c_\u526f111\u672c_\u526f\u672c-new.png\",\"contentUrl\":\"https:\\\/\\\/vibrationwelding.com\\\/wp-content\\\/uploads\\\/2023\\\/09\\\/cropped-cropped-jfortune-logo_\u526f\u672c_\u526f\u672c_\u526f111\u672c_\u526f\u672c-new.png\",\"width\":512,\"height\":171,\"caption\":\"Chinese leading vibration welding machine manufacturer\"},\"image\":{\"@id\":\"http:\\\/\\\/vibrationwelding.com\\\/ar\\\/#\\\/schema\\\/logo\\\/image\\\/\"}}]}<\/script>\n<!-- \/ Yoast SEO plugin. -->","yoast_head_json":{"title":"Automotive Lighting welding - Fabricante chino l\u00edder de m\u00e1quinas de soldadura por vibraci\u00f3n","description":"Las avanzadas soluciones de soldadura para iluminaci\u00f3n de automoci\u00f3n de Jfortune proporcionan uniones de alta resistencia, cierres herm\u00e9ticos y ensamblajes delicados. La tecnolog\u00eda Clean Vibration ofrece soldaduras sin part\u00edculas para formas complejas.","robots":{"index":"index","follow":"follow","max-snippet":"max-snippet:-1","max-image-preview":"max-image-preview:large","max-video-preview":"max-video-preview:-1"},"canonical":"http:\/\/vibrationwelding.com\/es\/automotive-lighting-welding\/","og_locale":"es_ES","og_type":"article","og_title":"Automotive Lighting welding - Chinese leading vibration welding machine manufacturer","og_description":"Jfortune's advanced automotive lighting welding solutions provides high-strength bonds, hermetic seals, and delicate assembly. Clean Vibration Technology offers particulate-free welds for complex shapes.","og_url":"http:\/\/vibrationwelding.com\/es\/automotive-lighting-welding\/","og_site_name":"Chinese leading vibration welding machine manufacturer","article_modified_time":"2024-04-04T06:12:18+00:00","og_image":[{"url":"http:\/\/vibrationwelding.com\/wp-content\/uploads\/2023\/07\/Energy-Efficient-Plastic-Vibration-Welding-Technology-300x225.jpg","type":"","width":"","height":""}],"twitter_card":"summary_large_image","twitter_misc":{"Tiempo de lectura":"3 minutos"},"schema":{"@context":"https:\/\/schema.org","@graph":[{"@type":"WebPage","@id":"http:\/\/vibrationwelding.com\/ar\/automotive-lighting-welding\/","url":"http:\/\/vibrationwelding.com\/ar\/automotive-lighting-welding\/","name":"Automotive Lighting welding - Fabricante chino l\u00edder de m\u00e1quinas de soldadura por vibraci\u00f3n","isPartOf":{"@id":"http:\/\/vibrationwelding.com\/ar\/#website"},"primaryImageOfPage":{"@id":"http:\/\/vibrationwelding.com\/ar\/automotive-lighting-welding\/#primaryimage"},"image":{"@id":"http:\/\/vibrationwelding.com\/ar\/automotive-lighting-welding\/#primaryimage"},"thumbnailUrl":"http:\/\/vibrationwelding.com\/wp-content\/uploads\/2023\/07\/Energy-Efficient-Plastic-Vibration-Welding-Technology-300x225.jpg","datePublished":"2023-07-04T02:01:17+00:00","dateModified":"2024-04-04T06:12:18+00:00","description":"Las avanzadas soluciones de soldadura para iluminaci\u00f3n de automoci\u00f3n de Jfortune proporcionan uniones de alta resistencia, cierres herm\u00e9ticos y ensamblajes delicados. La tecnolog\u00eda Clean Vibration ofrece soldaduras sin part\u00edculas para formas complejas.","breadcrumb":{"@id":"http:\/\/vibrationwelding.com\/ar\/automotive-lighting-welding\/#breadcrumb"},"inLanguage":"es","potentialAction":[{"@type":"ReadAction","target":["http:\/\/vibrationwelding.com\/ar\/automotive-lighting-welding\/"]}]},{"@type":"ImageObject","inLanguage":"es","@id":"http:\/\/vibrationwelding.com\/ar\/automotive-lighting-welding\/#primaryimage","url":"http:\/\/vibrationwelding.com\/wp-content\/uploads\/2023\/07\/Energy-Efficient-Plastic-Vibration-Welding-Technology-300x225.jpg","contentUrl":"http:\/\/vibrationwelding.com\/wp-content\/uploads\/2023\/07\/Energy-Efficient-Plastic-Vibration-Welding-Technology-300x225.jpg"},{"@type":"BreadcrumbList","@id":"http:\/\/vibrationwelding.com\/ar\/automotive-lighting-welding\/#breadcrumb","itemListElement":[{"@type":"ListItem","position":1,"name":"Home","item":"https:\/\/vibrationwelding.com\/"},{"@type":"ListItem","position":2,"name":"Automotive Lighting welding"}]},{"@type":"WebSite","@id":"http:\/\/vibrationwelding.com\/ar\/#website","url":"http:\/\/vibrationwelding.com\/ar\/","name":"L\u00edder chino en fabricaci\u00f3n de m\u00e1quinas de soldadura por vibraci\u00f3n","description":"El principal fabricante chino de m\u00e1quinas de soldadura por vibraci\u00f3n ayuda a los clientes a encontrar la mejor soluci\u00f3n para reducir costes y mantener la calidad con un buen servicio postventa.","publisher":{"@id":"http:\/\/vibrationwelding.com\/ar\/#organization"},"potentialAction":[{"@type":"SearchAction","target":{"@type":"EntryPoint","urlTemplate":"http:\/\/vibrationwelding.com\/ar\/?s={search_term_string}"},"query-input":{"@type":"PropertyValueSpecification","valueRequired":true,"valueName":"search_term_string"}}],"inLanguage":"es"},{"@type":"Organization","@id":"http:\/\/vibrationwelding.com\/ar\/#organization","name":"L\u00edder chino en fabricaci\u00f3n de m\u00e1quinas de soldadura por vibraci\u00f3n","url":"http:\/\/vibrationwelding.com\/ar\/","logo":{"@type":"ImageObject","inLanguage":"es","@id":"http:\/\/vibrationwelding.com\/ar\/#\/schema\/logo\/image\/","url":"https:\/\/vibrationwelding.com\/wp-content\/uploads\/2023\/09\/cropped-cropped-jfortune-logo_\u526f\u672c_\u526f\u672c_\u526f111\u672c_\u526f\u672c-new.png","contentUrl":"https:\/\/vibrationwelding.com\/wp-content\/uploads\/2023\/09\/cropped-cropped-jfortune-logo_\u526f\u672c_\u526f\u672c_\u526f111\u672c_\u526f\u672c-new.png","width":512,"height":171,"caption":"Chinese leading vibration welding machine manufacturer"},"image":{"@id":"http:\/\/vibrationwelding.com\/ar\/#\/schema\/logo\/image\/"}}]}},"_links":{"self":[{"href":"https:\/\/vibrationwelding.com\/es\/wp-json\/wp\/v2\/pages\/16","targetHints":{"allow":["GET"]}}],"collection":[{"href":"https:\/\/vibrationwelding.com\/es\/wp-json\/wp\/v2\/pages"}],"about":[{"href":"https:\/\/vibrationwelding.com\/es\/wp-json\/wp\/v2\/types\/page"}],"author":[{"embeddable":true,"href":"https:\/\/vibrationwelding.com\/es\/wp-json\/wp\/v2\/users\/1"}],"replies":[{"embeddable":true,"href":"https:\/\/vibrationwelding.com\/es\/wp-json\/wp\/v2\/comments?post=16"}],"version-history":[{"count":5,"href":"https:\/\/vibrationwelding.com\/es\/wp-json\/wp\/v2\/pages\/16\/revisions"}],"predecessor-version":[{"id":1003,"href":"https:\/\/vibrationwelding.com\/es\/wp-json\/wp\/v2\/pages\/16\/revisions\/1003"}],"wp:attachment":[{"href":"https:\/\/vibrationwelding.com\/es\/wp-json\/wp\/v2\/media?parent=16"}],"curies":[{"name":"wp","href":"https:\/\/api.w.org\/{rel}","templated":true}]}}