{"id":970,"date":"2024-01-16T03:27:18","date_gmt":"2024-01-16T03:27:18","guid":{"rendered":"https:\/\/vibrationwelding.com\/?page_id=970"},"modified":"2026-05-09T09:43:53","modified_gmt":"2026-05-09T09:43:53","slug":"machine-delivery-inspection","status":"publish","type":"page","link":"https:\/\/vibrationwelding.com\/es\/machine-delivery-inspection\/","title":{"rendered":"Inspecci\u00f3n de entrega de m\u00e1quinas"},"content":{"rendered":"<div data-elementor-type=\"wp-page\" data-elementor-id=\"970\" class=\"elementor elementor-970\" data-elementor-post-type=\"page\">\n\t\t\t\t\t\t<section class=\"elementor-section elementor-top-section elementor-element elementor-element-43e9adb elementor-section-boxed elementor-section-height-default elementor-section-height-default\" data-id=\"43e9adb\" data-element_type=\"section\" data-e-type=\"section\">\n\t\t\t\t\t\t<div class=\"elementor-container elementor-column-gap-default\">\n\t\t\t\t\t<div class=\"elementor-column elementor-col-100 elementor-top-column elementor-element elementor-element-a4647ad\" data-id=\"a4647ad\" data-element_type=\"column\" data-e-type=\"column\">\n\t\t\t<div class=\"elementor-widget-wrap elementor-element-populated\">\n\t\t\t\t\t\t<div class=\"elementor-element elementor-element-2c127ef elementor-widget elementor-widget-heading\" data-id=\"2c127ef\" data-element_type=\"widget\" data-e-type=\"widget\" data-widget_type=\"heading.default\">\n\t\t\t\t<div class=\"elementor-widget-container\">\n\t\t\t\t\t<h2 class=\"elementor-heading-title elementor-size-default\">Lista completa de comprobaci\u00f3n de la entrega de la m\u00e1quina de soldadura por vibraci\u00f3n<\/h2>\t\t\t\t<\/div>\n\t\t\t\t<\/div>\n\t\t\t\t<div class=\"elementor-element elementor-element-5d0a7f9 elementor-widget elementor-widget-text-editor\" data-id=\"5d0a7f9\" data-element_type=\"widget\" data-e-type=\"widget\" data-widget_type=\"text-editor.default\">\n\t\t\t\t<div class=\"elementor-widget-container\">\n\t\t\t\t\t\t\t\t\t<p id=\"ember1472\" class=\"ember-view reader-content-blocks__paragraph\">Antes de enviar el <a class=\"app-aware-link\" href=\"https:\/\/vibrationwelding.com\/es\/vibration-welding-machine\/\" target=\"_self\" data-test-app-aware-link=\"\">m\u00e1quina de soldadura por vibraci\u00f3n<\/a>A menudo necesitamos comprobar la lista de comprobaci\u00f3n de la inspecci\u00f3n de entrega para garantizar un proceso de entrega satisfactorio. Esta exhaustiva lista de comprobaci\u00f3n abarca muchos aspectos del env\u00edo para garantizar que se cumplen todos los requisitos y que el cliente recibe su equipo en las mejores condiciones.<\/p><p id=\"ember1473\" class=\"ember-view reader-content-blocks__paragraph\"><strong>Soluciones de envasado:<\/strong><\/p><p id=\"ember1474\" class=\"ember-view reader-content-blocks__paragraph\">Verifique si las soluciones de embalaje han sido validadas tanto por los equipos internos de la planta como por el cliente. Un embalaje a medida garantiza que la m\u00e1quina est\u00e9 bien protegida durante el transporte.<\/p><p id=\"ember1475\" class=\"ember-view reader-content-blocks__paragraph\"><strong>Plan de entrega:<\/strong><\/p><p class=\"ember-view reader-content-blocks__paragraph\">Aseg\u00farese de que existe un plan de entrega claro y bien documentado que se ajuste a los requisitos del cliente. Este plan debe incluir plazos de entrega, ubicaciones y cualquier instrucci\u00f3n de entrega espec\u00edfica.<\/p><figure id=\"attachment_1513\" aria-describedby=\"caption-attachment-1513\" style=\"width: 1024px\" class=\"wp-caption alignnone\"><img fetchpriority=\"high\" decoding=\"async\" class=\"wp-image-1513 size-large\" src=\"http:\/\/vibrationwelding.com\/wp-content\/uploads\/2026\/05\/Vibration-Welding-Cost-1024x1024.jpg\" alt=\"Vibration Welding Cost\" width=\"1024\" height=\"1024\" srcset=\"https:\/\/vibrationwelding.com\/wp-content\/uploads\/2026\/05\/Vibration-Welding-Cost-1024x1024.jpg 1024w, https:\/\/vibrationwelding.com\/wp-content\/uploads\/2026\/05\/Vibration-Welding-Cost-300x300.jpg 300w, https:\/\/vibrationwelding.com\/wp-content\/uploads\/2026\/05\/Vibration-Welding-Cost-150x150.jpg 150w, https:\/\/vibrationwelding.com\/wp-content\/uploads\/2026\/05\/Vibration-Welding-Cost-768x768.jpg 768w, https:\/\/vibrationwelding.com\/wp-content\/uploads\/2026\/05\/Vibration-Welding-Cost-12x12.jpg 12w, https:\/\/vibrationwelding.com\/wp-content\/uploads\/2026\/05\/Vibration-Welding-Cost.jpg 1254w\" sizes=\"(max-width: 1024px) 100vw, 1024px\" \/><figcaption id=\"caption-attachment-1513\" class=\"wp-caption-text\">Vibration Welding Cost<\/figcaption><\/figure><p id=\"ember1477\" class=\"ember-view reader-content-blocks__paragraph\"><strong>Preaceptaci\u00f3n de soldador por vibraci\u00f3n:<\/strong><\/p><p id=\"ember1478\" class=\"ember-view reader-content-blocks__paragraph\">Confirme que el <a class=\"app-aware-link\" href=\"https:\/\/vibrationwelding.com\/es\/vibration-welding-machine\/\" target=\"_self\" data-test-app-aware-link=\"\">soldador por vibraci\u00f3n<\/a> ha sido aceptado previamente y que cumple todos los requisitos y normas de calidad especificados.<\/p><p id=\"ember1480\" class=\"ember-view reader-content-blocks__paragraph\"><strong>Las cuestiones pendientes est\u00e1n cerradas:<\/strong><\/p><p id=\"ember1481\" class=\"ember-view reader-content-blocks__paragraph\">Asegurarse de que todos los problemas pendientes identificados durante la inspecci\u00f3n previa a la aceptaci\u00f3n han sido abordados, resueltos y aprobados por el cliente.<\/p><p id=\"ember1482\" class=\"ember-view reader-content-blocks__paragraph\"><strong>Log\u00edstica y transporte:<\/strong><\/p><p id=\"ember1483\" class=\"ember-view reader-content-blocks__paragraph\">Verificar que se ha seleccionado una empresa de log\u00edstica\/transporte designada para el <a class=\"app-aware-link\" href=\"https:\/\/vibrationwelding.com\/es\/vibration-welding-machine\/\" target=\"_self\" data-test-app-aware-link=\"\">m\u00e1quina de soldadura por vibraci\u00f3n<\/a> env\u00edo y que se confirme el plan log\u00edstico. Esto incluye especificar el modo de transporte y garantizar una entrega puntual.<\/p><p id=\"ember1484\" class=\"ember-view reader-content-blocks__paragraph\"><strong>Herramientas y materiales de envasado:<\/strong><\/p><p id=\"ember1485\" class=\"ember-view reader-content-blocks__paragraph\">Confirme que todas las herramientas y materiales de embalaje necesarios est\u00e1n preparados de acuerdo con el esquema de embalaje. Un embalaje adecuado es esencial para evitar da\u00f1os durante el transporte.<\/p><p id=\"ember1486\" class=\"ember-view reader-content-blocks__paragraph\"><strong>Piezas de repuesto y componentes:<\/strong><\/p><p id=\"ember1487\" class=\"ember-view reader-content-blocks__paragraph\">Compruebe que todas las piezas de repuesto o componentes finales est\u00e1n embalados seg\u00fan el esquema de embalaje para garantizar que se incluye todo lo necesario para el funcionamiento.<\/p><p id=\"ember1488\" class=\"ember-view reader-content-blocks__paragraph\"><strong>Documentaci\u00f3n:<\/strong><\/p><p id=\"ember1489\" class=\"ember-view reader-content-blocks__paragraph\">Garantizar que todos los documentos pertinentes de <a class=\"app-aware-link\" href=\"https:\/\/vibrationwelding.com\/es\/vibration-welding-machine\/\" target=\"_self\" data-test-app-aware-link=\"\">equipos de soldadura por vibraci\u00f3n<\/a>La documentaci\u00f3n t\u00e9cnica, los documentos de despacho de aduanas, los documentos de seguro y cualquier otra documentaci\u00f3n necesaria se preparan y embalan seg\u00fan lo especificado.<\/p><p id=\"ember1490\" class=\"ember-view reader-content-blocks__paragraph\"><strong>Informaci\u00f3n sobre la entrega:<\/strong><\/p><p id=\"ember1491\" class=\"ember-view reader-content-blocks__paragraph\">Notificar al cliente toda la informaci\u00f3n de entrega pertinente, incluidos los documentos t\u00e9cnicos y los plazos de entrega, y confirmar su comprensi\u00f3n y acuerdo.<\/p><p id=\"ember1492\" class=\"ember-view reader-content-blocks__paragraph\"><strong>Instalaci\u00f3n y depuraci\u00f3n:<\/strong><\/p><p id=\"ember1493\" class=\"ember-view reader-content-blocks__paragraph\">Confirme que el <a class=\"app-aware-link\" href=\"https:\/\/vibrationwelding.com\/es\/vibration-welding-machine\/\" target=\"_self\" data-test-app-aware-link=\"\">soldador por vibraci\u00f3n<\/a> Se ha ultimado y acordado con el cliente el plan de instalaci\u00f3n y depuraci\u00f3n para la planta del cliente. Asegurarse de que un equipo de instalaci\u00f3n cualificado est\u00e1 preparado en la f\u00e1brica para instalar el <a class=\"app-aware-link\" href=\"https:\/\/vibrationwelding.com\/es\/vibration-welding-machine\/\" target=\"_self\" data-test-app-aware-link=\"\">m\u00e1quina de soldadura por vibraci\u00f3n<\/a> seg\u00fan el plan.<\/p><p id=\"ember1495\" class=\"ember-view reader-content-blocks__paragraph\"><strong>Requisitos de la lista de comprobaci\u00f3n de env\u00edos:<\/strong><\/p><p id=\"ember1496\" class=\"ember-view reader-content-blocks__paragraph\">Compruebe que todos los requisitos enumerados en el <a class=\"app-aware-link\" href=\"https:\/\/vibrationwelding.com\/es\/vibration-welding-machine\/\" target=\"_self\" data-test-app-aware-link=\"\">soldador por vibraci\u00f3n<\/a> Se cumplimenta la lista de comprobaci\u00f3n del env\u00edo, garantizando que no se pasa nada por alto antes del env\u00edo.<\/p><p id=\"ember1497\" class=\"ember-view reader-content-blocks__paragraph\"><strong>Entrega puntual:<\/strong><\/p><p id=\"ember1498\" class=\"ember-view reader-content-blocks__paragraph\">Supervisar el env\u00edo para garantizar que el cliente recibe el producto a tiempo y que el paquete permanece intacto y sin da\u00f1os durante el transporte.<\/p><p id=\"ember1499\" class=\"ember-view reader-content-blocks__paragraph\">Al comprobar meticulosamente cada uno de los puntos de esta lista de comprobaci\u00f3n de entrega, podemos garantizar a nuestros clientes que su <a class=\"app-aware-link\" href=\"https:\/\/vibrationwelding.com\/es\/vibration-welding-machine\/\" target=\"_self\" data-test-app-aware-link=\"\">m\u00e1quina de soldadura por vibraci\u00f3n<\/a> se entregar\u00e1n de forma segura, cumpliendo sus expectativas y requisitos operativos.<\/p><p id=\"ember1500\" class=\"ember-view reader-content-blocks__paragraph\">1TP5Soldadura por vibraci\u00f3n 1TP5Soldadora por vibraci\u00f3n 1TP5M\u00e1quina de soldadura por vibraci\u00f3n 1TP5Equipos de soldadura por vibraci\u00f3n<\/p>\t\t\t\t\t\t\t\t<\/div>\n\t\t\t\t<\/div>\n\t\t\t\t\t<\/div>\n\t\t<\/div>\n\t\t\t\t\t<\/div>\n\t\t<\/section>\n\t\t\t\t<\/div>","protected":false},"excerpt":{"rendered":"<p>Comprehensive Vibration Welding Machine Delivery Inspection Checklist Before we ship the vibration welding machine, we often need to check the delivery inspection checklist to ensure a satisfying delivery process. This comprehensive checklist covers many aspects of the shipment to ensure that all requirements are met and that the customer receives their equipment in the best [&hellip;]<\/p>\n","protected":false},"author":1,"featured_media":0,"parent":0,"menu_order":0,"comment_status":"closed","ping_status":"closed","template":"","meta":{"nf_dc_page":"","site-sidebar-layout":"no-sidebar","site-content-layout":"page-builder","ast-site-content-layout":"full-width-container","site-content-style":"default","site-sidebar-style":"default","ast-global-header-display":"","ast-banner-title-visibility":"","ast-main-header-display":"","ast-hfb-above-header-display":"","ast-hfb-below-header-display":"","ast-hfb-mobile-header-display":"","site-post-title":"disabled","ast-breadcrumbs-content":"","ast-featured-img":"disabled","footer-sml-layout":"","ast-disable-related-posts":"","theme-transparent-header-meta":"","adv-header-id-meta":"","stick-header-meta":"","header-above-stick-meta":"","header-main-stick-meta":"","header-below-stick-meta":"","astra-migrate-meta-layouts":"set","ast-page-background-enabled":"default","ast-page-background-meta":{"desktop":{"background-color":"var(--ast-global-color-4)","background-image":"","background-repeat":"repeat","background-position":"center center","background-size":"auto","background-attachment":"scroll","background-type":"","background-media":"","overlay-type":"","overlay-color":"","overlay-opacity":"","overlay-gradient":""},"tablet":{"background-color":"","background-image":"","background-repeat":"repeat","background-position":"center center","background-size":"auto","background-attachment":"scroll","background-type":"","background-media":"","overlay-type":"","overlay-color":"","overlay-opacity":"","overlay-gradient":""},"mobile":{"background-color":"","background-image":"","background-repeat":"repeat","background-position":"center center","background-size":"auto","background-attachment":"scroll","background-type":"","background-media":"","overlay-type":"","overlay-color":"","overlay-opacity":"","overlay-gradient":""}},"ast-content-background-meta":{"desktop":{"background-color":"var(--ast-global-color-5)","background-image":"","background-repeat":"repeat","background-position":"center center","background-size":"auto","background-attachment":"scroll","background-type":"","background-media":"","overlay-type":"","overlay-color":"","overlay-opacity":"","overlay-gradient":""},"tablet":{"background-color":"var(--ast-global-color-5)","background-image":"","background-repeat":"repeat","background-position":"center center","background-size":"auto","background-attachment":"scroll","background-type":"","background-media":"","overlay-type":"","overlay-color":"","overlay-opacity":"","overlay-gradient":""},"mobile":{"background-color":"var(--ast-global-color-5)","background-image":"","background-repeat":"repeat","background-position":"center center","background-size":"auto","background-attachment":"scroll","background-type":"","background-media":"","overlay-type":"","overlay-color":"","overlay-opacity":"","overlay-gradient":""}},"footnotes":""},"class_list":["post-970","page","type-page","status-publish","hentry"],"yoast_head":"<!-- This site is optimized with the Yoast SEO plugin v27.5 - https:\/\/yoast.com\/product\/yoast-seo-wordpress\/ -->\n<title>Machine Delivery Inspection - Chinese leading vibration welding machine manufacturer<\/title>\n<meta name=\"description\" content=\"Before we ship the vibration welding machine, we often need to check the delivery inspection checklist to ensure a satisfying delivery process.\" \/>\n<meta name=\"robots\" content=\"index, follow, max-snippet:-1, max-image-preview:large, max-video-preview:-1\" \/>\n<link rel=\"canonical\" href=\"http:\/\/vibrationwelding.com\/es\/machine-delivery-inspection\/\" \/>\n<meta property=\"og:locale\" content=\"es_ES\" \/>\n<meta property=\"og:type\" content=\"article\" \/>\n<meta property=\"og:title\" content=\"Machine Delivery Inspection - Chinese leading vibration welding machine manufacturer\" \/>\n<meta property=\"og:description\" content=\"Before we ship the vibration welding machine, we often need to check the delivery inspection checklist to ensure a satisfying delivery process.\" \/>\n<meta property=\"og:url\" content=\"http:\/\/vibrationwelding.com\/es\/machine-delivery-inspection\/\" \/>\n<meta property=\"og:site_name\" content=\"Chinese leading vibration welding machine manufacturer\" \/>\n<meta property=\"article:modified_time\" content=\"2026-05-09T09:43:53+00:00\" \/>\n<meta property=\"og:image\" content=\"http:\/\/vibrationwelding.com\/wp-content\/uploads\/2026\/05\/Vibration-Welding-Cost-1024x1024.jpg\" \/>\n<meta name=\"twitter:card\" content=\"summary_large_image\" \/>\n<meta name=\"twitter:label1\" content=\"Tiempo de lectura\" \/>\n\t<meta name=\"twitter:data1\" content=\"3 minutos\" \/>\n<script type=\"application\/ld+json\" class=\"yoast-schema-graph\">{\"@context\":\"https:\\\/\\\/schema.org\",\"@graph\":[{\"@type\":\"WebPage\",\"@id\":\"http:\\\/\\\/vibrationwelding.com\\\/pt\\\/machine-delivery-inspection\\\/\",\"url\":\"http:\\\/\\\/vibrationwelding.com\\\/pt\\\/machine-delivery-inspection\\\/\",\"name\":\"Machine Delivery Inspection - Chinese leading vibration welding machine manufacturer\",\"isPartOf\":{\"@id\":\"http:\\\/\\\/vibrationwelding.com\\\/ar\\\/#website\"},\"primaryImageOfPage\":{\"@id\":\"http:\\\/\\\/vibrationwelding.com\\\/pt\\\/machine-delivery-inspection\\\/#primaryimage\"},\"image\":{\"@id\":\"http:\\\/\\\/vibrationwelding.com\\\/pt\\\/machine-delivery-inspection\\\/#primaryimage\"},\"thumbnailUrl\":\"http:\\\/\\\/vibrationwelding.com\\\/wp-content\\\/uploads\\\/2026\\\/05\\\/Vibration-Welding-Cost-1024x1024.jpg\",\"datePublished\":\"2024-01-16T03:27:18+00:00\",\"dateModified\":\"2026-05-09T09:43:53+00:00\",\"description\":\"Before we ship the vibration welding machine, we often need to check the delivery inspection checklist to ensure a satisfying delivery process.\",\"breadcrumb\":{\"@id\":\"http:\\\/\\\/vibrationwelding.com\\\/pt\\\/machine-delivery-inspection\\\/#breadcrumb\"},\"inLanguage\":\"es\",\"potentialAction\":[{\"@type\":\"ReadAction\",\"target\":[\"http:\\\/\\\/vibrationwelding.com\\\/pt\\\/machine-delivery-inspection\\\/\"]}]},{\"@type\":\"ImageObject\",\"inLanguage\":\"es\",\"@id\":\"http:\\\/\\\/vibrationwelding.com\\\/pt\\\/machine-delivery-inspection\\\/#primaryimage\",\"url\":\"http:\\\/\\\/vibrationwelding.com\\\/wp-content\\\/uploads\\\/2026\\\/05\\\/Vibration-Welding-Cost-1024x1024.jpg\",\"contentUrl\":\"http:\\\/\\\/vibrationwelding.com\\\/wp-content\\\/uploads\\\/2026\\\/05\\\/Vibration-Welding-Cost-1024x1024.jpg\"},{\"@type\":\"BreadcrumbList\",\"@id\":\"http:\\\/\\\/vibrationwelding.com\\\/pt\\\/machine-delivery-inspection\\\/#breadcrumb\",\"itemListElement\":[{\"@type\":\"ListItem\",\"position\":1,\"name\":\"Home\",\"item\":\"https:\\\/\\\/vibrationwelding.com\\\/\"},{\"@type\":\"ListItem\",\"position\":2,\"name\":\"Machine Delivery Inspection\"}]},{\"@type\":\"WebSite\",\"@id\":\"http:\\\/\\\/vibrationwelding.com\\\/ar\\\/#website\",\"url\":\"http:\\\/\\\/vibrationwelding.com\\\/ar\\\/\",\"name\":\"Chinese leading vibration welding machine manufacturer\",\"description\":\"Chinese leading vibration welding machine manufacturer help customers find the best solution to reduce cost and keep quality with good after sales service.\",\"publisher\":{\"@id\":\"http:\\\/\\\/vibrationwelding.com\\\/ar\\\/#organization\"},\"potentialAction\":[{\"@type\":\"SearchAction\",\"target\":{\"@type\":\"EntryPoint\",\"urlTemplate\":\"http:\\\/\\\/vibrationwelding.com\\\/ar\\\/?s={search_term_string}\"},\"query-input\":{\"@type\":\"PropertyValueSpecification\",\"valueRequired\":true,\"valueName\":\"search_term_string\"}}],\"inLanguage\":\"es\"},{\"@type\":\"Organization\",\"@id\":\"http:\\\/\\\/vibrationwelding.com\\\/ar\\\/#organization\",\"name\":\"Chinese leading vibration welding machine manufacturer\",\"url\":\"http:\\\/\\\/vibrationwelding.com\\\/ar\\\/\",\"logo\":{\"@type\":\"ImageObject\",\"inLanguage\":\"es\",\"@id\":\"http:\\\/\\\/vibrationwelding.com\\\/ar\\\/#\\\/schema\\\/logo\\\/image\\\/\",\"url\":\"https:\\\/\\\/vibrationwelding.com\\\/wp-content\\\/uploads\\\/2023\\\/09\\\/cropped-cropped-jfortune-logo_\u526f\u672c_\u526f\u672c_\u526f111\u672c_\u526f\u672c-new.png\",\"contentUrl\":\"https:\\\/\\\/vibrationwelding.com\\\/wp-content\\\/uploads\\\/2023\\\/09\\\/cropped-cropped-jfortune-logo_\u526f\u672c_\u526f\u672c_\u526f111\u672c_\u526f\u672c-new.png\",\"width\":512,\"height\":171,\"caption\":\"Chinese leading vibration welding machine manufacturer\"},\"image\":{\"@id\":\"http:\\\/\\\/vibrationwelding.com\\\/ar\\\/#\\\/schema\\\/logo\\\/image\\\/\"}}]}<\/script>\n<!-- \/ Yoast SEO plugin. -->","yoast_head_json":{"title":"Inspecci\u00f3n de entrega de la m\u00e1quina - China l\u00edder en la fabricaci\u00f3n de m\u00e1quinas de soldadura por vibraci\u00f3n","description":"Antes de enviar la m\u00e1quina de soldadura por vibraci\u00f3n, a menudo necesitamos comprobar la lista de comprobaci\u00f3n de inspecci\u00f3n de entrega para garantizar un proceso de entrega satisfactorio.","robots":{"index":"index","follow":"follow","max-snippet":"max-snippet:-1","max-image-preview":"max-image-preview:large","max-video-preview":"max-video-preview:-1"},"canonical":"http:\/\/vibrationwelding.com\/es\/machine-delivery-inspection\/","og_locale":"es_ES","og_type":"article","og_title":"Machine Delivery Inspection - Chinese leading vibration welding machine manufacturer","og_description":"Before we ship the vibration welding machine, we often need to check the delivery inspection checklist to ensure a satisfying delivery process.","og_url":"http:\/\/vibrationwelding.com\/es\/machine-delivery-inspection\/","og_site_name":"Chinese leading vibration welding machine manufacturer","article_modified_time":"2026-05-09T09:43:53+00:00","og_image":[{"url":"http:\/\/vibrationwelding.com\/wp-content\/uploads\/2026\/05\/Vibration-Welding-Cost-1024x1024.jpg","type":"","width":"","height":""}],"twitter_card":"summary_large_image","twitter_misc":{"Tiempo de lectura":"3 minutos"},"schema":{"@context":"https:\/\/schema.org","@graph":[{"@type":"WebPage","@id":"http:\/\/vibrationwelding.com\/pt\/machine-delivery-inspection\/","url":"http:\/\/vibrationwelding.com\/pt\/machine-delivery-inspection\/","name":"Inspecci\u00f3n de entrega de la m\u00e1quina - China l\u00edder en la fabricaci\u00f3n de m\u00e1quinas de soldadura por vibraci\u00f3n","isPartOf":{"@id":"http:\/\/vibrationwelding.com\/ar\/#website"},"primaryImageOfPage":{"@id":"http:\/\/vibrationwelding.com\/pt\/machine-delivery-inspection\/#primaryimage"},"image":{"@id":"http:\/\/vibrationwelding.com\/pt\/machine-delivery-inspection\/#primaryimage"},"thumbnailUrl":"http:\/\/vibrationwelding.com\/wp-content\/uploads\/2026\/05\/Vibration-Welding-Cost-1024x1024.jpg","datePublished":"2024-01-16T03:27:18+00:00","dateModified":"2026-05-09T09:43:53+00:00","description":"Antes de enviar la m\u00e1quina de soldadura por vibraci\u00f3n, a menudo necesitamos comprobar la lista de comprobaci\u00f3n de inspecci\u00f3n de entrega para garantizar un proceso de entrega satisfactorio.","breadcrumb":{"@id":"http:\/\/vibrationwelding.com\/pt\/machine-delivery-inspection\/#breadcrumb"},"inLanguage":"es","potentialAction":[{"@type":"ReadAction","target":["http:\/\/vibrationwelding.com\/pt\/machine-delivery-inspection\/"]}]},{"@type":"ImageObject","inLanguage":"es","@id":"http:\/\/vibrationwelding.com\/pt\/machine-delivery-inspection\/#primaryimage","url":"http:\/\/vibrationwelding.com\/wp-content\/uploads\/2026\/05\/Vibration-Welding-Cost-1024x1024.jpg","contentUrl":"http:\/\/vibrationwelding.com\/wp-content\/uploads\/2026\/05\/Vibration-Welding-Cost-1024x1024.jpg"},{"@type":"BreadcrumbList","@id":"http:\/\/vibrationwelding.com\/pt\/machine-delivery-inspection\/#breadcrumb","itemListElement":[{"@type":"ListItem","position":1,"name":"Home","item":"https:\/\/vibrationwelding.com\/"},{"@type":"ListItem","position":2,"name":"Machine Delivery Inspection"}]},{"@type":"WebSite","@id":"http:\/\/vibrationwelding.com\/ar\/#website","url":"http:\/\/vibrationwelding.com\/ar\/","name":"L\u00edder chino en fabricaci\u00f3n de m\u00e1quinas de soldadura por vibraci\u00f3n","description":"El principal fabricante chino de m\u00e1quinas de soldadura por vibraci\u00f3n ayuda a los clientes a encontrar la mejor soluci\u00f3n para reducir costes y mantener la calidad con un buen servicio postventa.","publisher":{"@id":"http:\/\/vibrationwelding.com\/ar\/#organization"},"potentialAction":[{"@type":"SearchAction","target":{"@type":"EntryPoint","urlTemplate":"http:\/\/vibrationwelding.com\/ar\/?s={search_term_string}"},"query-input":{"@type":"PropertyValueSpecification","valueRequired":true,"valueName":"search_term_string"}}],"inLanguage":"es"},{"@type":"Organization","@id":"http:\/\/vibrationwelding.com\/ar\/#organization","name":"L\u00edder chino en fabricaci\u00f3n de m\u00e1quinas de soldadura por vibraci\u00f3n","url":"http:\/\/vibrationwelding.com\/ar\/","logo":{"@type":"ImageObject","inLanguage":"es","@id":"http:\/\/vibrationwelding.com\/ar\/#\/schema\/logo\/image\/","url":"https:\/\/vibrationwelding.com\/wp-content\/uploads\/2023\/09\/cropped-cropped-jfortune-logo_\u526f\u672c_\u526f\u672c_\u526f111\u672c_\u526f\u672c-new.png","contentUrl":"https:\/\/vibrationwelding.com\/wp-content\/uploads\/2023\/09\/cropped-cropped-jfortune-logo_\u526f\u672c_\u526f\u672c_\u526f111\u672c_\u526f\u672c-new.png","width":512,"height":171,"caption":"Chinese leading vibration welding machine manufacturer"},"image":{"@id":"http:\/\/vibrationwelding.com\/ar\/#\/schema\/logo\/image\/"}}]}},"_links":{"self":[{"href":"https:\/\/vibrationwelding.com\/es\/wp-json\/wp\/v2\/pages\/970","targetHints":{"allow":["GET"]}}],"collection":[{"href":"https:\/\/vibrationwelding.com\/es\/wp-json\/wp\/v2\/pages"}],"about":[{"href":"https:\/\/vibrationwelding.com\/es\/wp-json\/wp\/v2\/types\/page"}],"author":[{"embeddable":true,"href":"https:\/\/vibrationwelding.com\/es\/wp-json\/wp\/v2\/users\/1"}],"replies":[{"embeddable":true,"href":"https:\/\/vibrationwelding.com\/es\/wp-json\/wp\/v2\/comments?post=970"}],"version-history":[{"count":14,"href":"https:\/\/vibrationwelding.com\/es\/wp-json\/wp\/v2\/pages\/970\/revisions"}],"predecessor-version":[{"id":1516,"href":"https:\/\/vibrationwelding.com\/es\/wp-json\/wp\/v2\/pages\/970\/revisions\/1516"}],"wp:attachment":[{"href":"https:\/\/vibrationwelding.com\/es\/wp-json\/wp\/v2\/media?parent=970"}],"curies":[{"name":"wp","href":"https:\/\/api.w.org\/{rel}","templated":true}]}}