{"id":16,"date":"2023-07-04T02:01:17","date_gmt":"2023-07-04T02:01:17","guid":{"rendered":"http:\/\/vibrationwelding.com\/?page_id=16"},"modified":"2024-04-04T06:12:18","modified_gmt":"2024-04-04T06:12:18","slug":"automotive-lighting-welding","status":"publish","type":"page","link":"https:\/\/vibrationwelding.com\/pt\/automotive-lighting-welding\/","title":{"rendered":"Soldadura de ilumina\u00e7\u00e3o autom\u00f3vel"},"content":{"rendered":"<div data-elementor-type=\"wp-page\" data-elementor-id=\"16\" class=\"elementor elementor-16\" data-elementor-post-type=\"page\">\n\t\t\t\t\t\t<section class=\"elementor-section elementor-top-section elementor-element elementor-element-ed482b3 elementor-section-boxed elementor-section-height-default elementor-section-height-default\" data-id=\"ed482b3\" data-element_type=\"section\" data-e-type=\"section\">\n\t\t\t\t\t\t<div class=\"elementor-container elementor-column-gap-default\">\n\t\t\t\t\t<div class=\"elementor-column elementor-col-100 elementor-top-column elementor-element elementor-element-aa8f320\" data-id=\"aa8f320\" data-element_type=\"column\" data-e-type=\"column\">\n\t\t\t<div class=\"elementor-widget-wrap elementor-element-populated\">\n\t\t\t\t\t\t<div class=\"elementor-element elementor-element-7587919 elementor-widget elementor-widget-heading\" data-id=\"7587919\" data-element_type=\"widget\" data-e-type=\"widget\" data-widget_type=\"heading.default\">\n\t\t\t\t<div class=\"elementor-widget-container\">\n\t\t\t\t\t<h2 class=\"elementor-heading-title elementor-size-default\">Solu\u00e7\u00f5es de soldadura de pl\u00e1stico para ilumina\u00e7\u00e3o autom\u00f3vel <\/h2>\t\t\t\t<\/div>\n\t\t\t\t<\/div>\n\t\t\t\t<div class=\"elementor-element elementor-element-87e9c6e elementor-widget elementor-widget-text-editor\" data-id=\"87e9c6e\" data-element_type=\"widget\" data-e-type=\"widget\" data-widget_type=\"text-editor.default\">\n\t\t\t\t<div class=\"elementor-widget-container\">\n\t\t\t\t\t\t\t\t\t<p><img fetchpriority=\"high\" decoding=\"async\" class=\"size-medium wp-image-118 alignright\" src=\"http:\/\/vibrationwelding.com\/wp-content\/uploads\/2023\/07\/Energy-Efficient-Plastic-Vibration-Welding-Technology-300x225.jpg\" alt=\"\" width=\"300\" height=\"225\" srcset=\"https:\/\/vibrationwelding.com\/wp-content\/uploads\/2023\/07\/Energy-Efficient-Plastic-Vibration-Welding-Technology-300x225.jpg 300w, https:\/\/vibrationwelding.com\/wp-content\/uploads\/2023\/07\/Energy-Efficient-Plastic-Vibration-Welding-Technology-1024x768.jpg 1024w, https:\/\/vibrationwelding.com\/wp-content\/uploads\/2023\/07\/Energy-Efficient-Plastic-Vibration-Welding-Technology-768x576.jpg 768w, https:\/\/vibrationwelding.com\/wp-content\/uploads\/2023\/07\/Energy-Efficient-Plastic-Vibration-Welding-Technology.jpg 1440w\" sizes=\"(max-width: 300px) 100vw, 300px\" \/>Os componentes de ilumina\u00e7\u00e3o autom\u00f3vel est\u00e3o a evoluir para designs mais complexos, tais como far\u00f3is traseiros que se podem estender at\u00e9 um metro de comprimento enquanto integram sensores delicados, demonstrando a crescente complexidade destes elementos. A sua capacidade de sucesso depende de ajudar os fabricantes de autom\u00f3veis actuais a trazer para o mercado novos designs elegantes e impressionantes. Estes ve\u00edculos devem cativar os potenciais condutores, satisfazendo o seu desejo de inova\u00e7\u00e3o e est\u00e9tica de vanguarda. A ilumina\u00e7\u00e3o desempenha um papel crucial na concretiza\u00e7\u00e3o destes objectivos nos autom\u00f3veis modernos, desde os sofisticados far\u00f3is traseiros centrais de pe\u00e7a \u00fanica com formas multidimensionais intrincadas at\u00e9 \u00e0 subtil ilumina\u00e7\u00e3o interior que melhora o ambiente do cockpit, criando um ambiente mais convidativo e confort\u00e1vel.<\/p><p>Fabricantes como o seu enfrentam obst\u00e1culos formid\u00e1veis na produ\u00e7\u00e3o destes conjuntos. Felizmente, a tecnologia de soldadura de ilumina\u00e7\u00e3o autom\u00f3vel da Jfortune est\u00e1 equipada para enfrentar estes desafios com solu\u00e7\u00f5es tecnologicamente avan\u00e7adas adaptadas \u00e0s exig\u00eancias espec\u00edficas destas aplica\u00e7\u00f5es. Aplica\u00e7\u00f5es de ilumina\u00e7\u00e3o autom\u00f3vel cada vez mais complexas, possibilitadas por processos avan\u00e7ados de soldadura de pl\u00e1sticos.<\/p><p>Outrora puramente funcionais, as aplica\u00e7\u00f5es de ilumina\u00e7\u00e3o autom\u00f3vel s\u00e3o agora elementos de estilo e design, exigindo soldadores que permitam sensores delicados, componentes de maiores dimens\u00f5es com geometrias complexas e soldaduras sem fulgor - como a Jfortune Clean Joining Technologies.<\/p><p><img decoding=\"async\" class=\"size-medium wp-image-999 alignleft\" src=\"http:\/\/vibrationwelding.com\/wp-content\/uploads\/2024\/04\/vibration-welding-equipment-300x185.jpg\" alt=\"\" width=\"300\" height=\"185\" srcset=\"https:\/\/vibrationwelding.com\/wp-content\/uploads\/2024\/04\/vibration-welding-equipment-300x185.jpg 300w, https:\/\/vibrationwelding.com\/wp-content\/uploads\/2024\/04\/vibration-welding-equipment-768x472.jpg 768w, https:\/\/vibrationwelding.com\/wp-content\/uploads\/2024\/04\/vibration-welding-equipment.jpg 829w\" sizes=\"(max-width: 300px) 100vw, 300px\" \/><\/p><p>A soldadura limpa cria liga\u00e7\u00f5es sem part\u00edculas e de elevada resist\u00eancia em conjuntos esteticamente complexos Quando se trata de responder aos desafios colocados pela ilumina\u00e7\u00e3o autom\u00f3vel de ponta, h\u00e1 uma tecnologia - a Tecnologia de Vibra\u00e7\u00e3o Limpa - que se destaca pela sua capacidade de criar soldaduras bonitas, sem \"cabelo de anjo\", part\u00edculas e flash.<\/p><p>\u00a0<\/p><p>\u00a0<\/p><p>Al\u00e9m disso, recebe:<\/p><ul><li>\u00a0Liga\u00e7\u00f5es de alta resist\u00eancia<\/li><li>\u00a0O fecho herm\u00e9tico impede a entrada de ar e \u00e1gua<\/li><li>Eletr\u00f3nica delicada com menor probabilidade de ser danificada durante a montagem<\/li><li>Capacidade para unir pol\u00edmeros mais sens\u00edveis e dif\u00edceis<\/li><li>Liberdade de conce\u00e7\u00e3o para formas e contornos complexos\u00a0<\/li><\/ul><p><img decoding=\"async\" class=\"size-medium wp-image-757 alignright\" src=\"http:\/\/vibrationwelding.com\/wp-content\/uploads\/2023\/11\/infrared-cleaning-vibration-welding-300x225.jpg\" alt=\"\" width=\"300\" height=\"225\" srcset=\"https:\/\/vibrationwelding.com\/wp-content\/uploads\/2023\/11\/infrared-cleaning-vibration-welding-300x225.jpg 300w, https:\/\/vibrationwelding.com\/wp-content\/uploads\/2023\/11\/infrared-cleaning-vibration-welding-1024x768.jpg 1024w, https:\/\/vibrationwelding.com\/wp-content\/uploads\/2023\/11\/infrared-cleaning-vibration-welding-768x576.jpg 768w, https:\/\/vibrationwelding.com\/wp-content\/uploads\/2023\/11\/infrared-cleaning-vibration-welding.jpg 1440w\" sizes=\"(max-width: 300px) 100vw, 300px\" \/>\"Limpo\" surgiu como o conceito central na soldadura por vibra\u00e7\u00e3o, particularmente no dom\u00ednio das exigentes aplica\u00e7\u00f5es de ilumina\u00e7\u00e3o autom\u00f3vel. A tecnologia Clean Vibration oferece aos fabricantes vantagens not\u00e1veis. Ao contr\u00e1rio da soldadura por vibra\u00e7\u00e3o tradicional, em que o calor \u00e9 gerado atrav\u00e9s da fric\u00e7\u00e3o intensa entre os dois componentes que est\u00e3o a ser soldados, esta segue um processo em duas etapas. Primeiro, um emissor de infravermelhos de folha met\u00e1lica pr\u00e9-aquece as superf\u00edcies da junta e, em seguida, as duas partes s\u00e3o suavemente unidas sob press\u00e3o e vibra\u00e7\u00e3o para finalizar o processo de soldadura. A soldadura resultante \u00e9 desprovida de part\u00edculas e, em certos materiais, a junta de soldadura sofre uma tens\u00e3o reduzida, o que resulta numa maior resist\u00eancia.<\/p><p><img loading=\"lazy\" decoding=\"async\" class=\"size-medium wp-image-1000 alignleft\" src=\"http:\/\/vibrationwelding.com\/wp-content\/uploads\/2024\/04\/IR-cleaning-vibration-welding-machine-300x152.jpg\" alt=\"\" width=\"300\" height=\"152\" srcset=\"https:\/\/vibrationwelding.com\/wp-content\/uploads\/2024\/04\/IR-cleaning-vibration-welding-machine-300x152.jpg 300w, https:\/\/vibrationwelding.com\/wp-content\/uploads\/2024\/04\/IR-cleaning-vibration-welding-machine-1024x520.jpg 1024w, https:\/\/vibrationwelding.com\/wp-content\/uploads\/2024\/04\/IR-cleaning-vibration-welding-machine-768x390.jpg 768w, https:\/\/vibrationwelding.com\/wp-content\/uploads\/2024\/04\/IR-cleaning-vibration-welding-machine.jpg 1189w\" sizes=\"(max-width: 300px) 100vw, 300px\" \/>Um portf\u00f3lio abrangente de soldadura por vibra\u00e7\u00e3o limpa para soldadores de pe\u00e7as pequenas a muito grandes foi comprovado em aplica\u00e7\u00f5es de ilumina\u00e7\u00e3o que exigem uma est\u00e9tica superior e um desempenho robusto.<\/p><ul><li>Especifica\u00e7\u00f5es do emissor adaptadas \u00e0s carater\u00edsticas de absor\u00e7\u00e3o de cada material para uma maior efici\u00eancia energ\u00e9tica<\/li><li>Pode ser utilizado para soldar grandes formas complexas<\/li><\/ul>\t\t\t\t\t\t\t\t<\/div>\n\t\t\t\t<\/div>\n\t\t\t\t\t<\/div>\n\t\t<\/div>\n\t\t\t\t\t<\/div>\n\t\t<\/section>\n\t\t\t\t<\/div>","protected":false},"excerpt":{"rendered":"<p>Plastic Welding Solutions for Automotive Lighting You are required to create expansive lighting installations that are multi-dimensional and progressively intricate, seamlessly blending aesthetics, elegance, and practicality.Automotive lighting components are evolving into more intricate designs, such as tail lights that can extend up to a meter in length while seamlessly integrating delicate sensors, showcasing the growing [&hellip;]<\/p>\n","protected":false},"author":1,"featured_media":0,"parent":0,"menu_order":0,"comment_status":"closed","ping_status":"closed","template":"","meta":{"nf_dc_page":"","site-sidebar-layout":"no-sidebar","site-content-layout":"page-builder","ast-site-content-layout":"default","site-content-style":"default","site-sidebar-style":"default","ast-global-header-display":"","ast-banner-title-visibility":"","ast-main-header-display":"","ast-hfb-above-header-display":"","ast-hfb-below-header-display":"","ast-hfb-mobile-header-display":"","site-post-title":"disabled","ast-breadcrumbs-content":"","ast-featured-img":"disabled","footer-sml-layout":"","ast-disable-related-posts":"","theme-transparent-header-meta":"","adv-header-id-meta":"","stick-header-meta":"","header-above-stick-meta":"","header-main-stick-meta":"","header-below-stick-meta":"","astra-migrate-meta-layouts":"default","ast-page-background-enabled":"default","ast-page-background-meta":{"desktop":{"background-color":"var(--ast-global-color-4)","background-image":"","background-repeat":"repeat","background-position":"center center","background-size":"auto","background-attachment":"scroll","background-type":"","background-media":"","overlay-type":"","overlay-color":"","overlay-opacity":"","overlay-gradient":""},"tablet":{"background-color":"","background-image":"","background-repeat":"repeat","background-position":"center center","background-size":"auto","background-attachment":"scroll","background-type":"","background-media":"","overlay-type":"","overlay-color":"","overlay-opacity":"","overlay-gradient":""},"mobile":{"background-color":"","background-image":"","background-repeat":"repeat","background-position":"center center","background-size":"auto","background-attachment":"scroll","background-type":"","background-media":"","overlay-type":"","overlay-color":"","overlay-opacity":"","overlay-gradient":""}},"ast-content-background-meta":{"desktop":{"background-color":"var(--ast-global-color-5)","background-image":"","background-repeat":"repeat","background-position":"center center","background-size":"auto","background-attachment":"scroll","background-type":"","background-media":"","overlay-type":"","overlay-color":"","overlay-opacity":"","overlay-gradient":""},"tablet":{"background-color":"var(--ast-global-color-5)","background-image":"","background-repeat":"repeat","background-position":"center center","background-size":"auto","background-attachment":"scroll","background-type":"","background-media":"","overlay-type":"","overlay-color":"","overlay-opacity":"","overlay-gradient":""},"mobile":{"background-color":"var(--ast-global-color-5)","background-image":"","background-repeat":"repeat","background-position":"center center","background-size":"auto","background-attachment":"scroll","background-type":"","background-media":"","overlay-type":"","overlay-color":"","overlay-opacity":"","overlay-gradient":""}},"footnotes":""},"class_list":["post-16","page","type-page","status-publish","hentry"],"yoast_head":"<!-- This site is optimized with the Yoast SEO plugin v27.5 - https:\/\/yoast.com\/product\/yoast-seo-wordpress\/ -->\n<title>Automotive Lighting welding - Chinese leading vibration welding machine manufacturer<\/title>\n<meta name=\"description\" content=\"Jfortune&#039;s advanced automotive lighting welding solutions provides high-strength bonds, hermetic seals, and delicate assembly. Clean Vibration Technology offers particulate-free welds for complex shapes.\" \/>\n<meta name=\"robots\" content=\"index, follow, max-snippet:-1, max-image-preview:large, max-video-preview:-1\" \/>\n<link rel=\"canonical\" href=\"http:\/\/vibrationwelding.com\/pt\/automotive-lighting-welding\/\" \/>\n<meta property=\"og:locale\" content=\"pt_PT\" \/>\n<meta property=\"og:type\" content=\"article\" \/>\n<meta property=\"og:title\" content=\"Automotive Lighting welding - Chinese leading vibration welding machine manufacturer\" \/>\n<meta property=\"og:description\" content=\"Jfortune&#039;s advanced automotive lighting welding solutions provides high-strength bonds, hermetic seals, and delicate assembly. Clean Vibration Technology offers particulate-free welds for complex shapes.\" \/>\n<meta property=\"og:url\" content=\"http:\/\/vibrationwelding.com\/pt\/automotive-lighting-welding\/\" \/>\n<meta property=\"og:site_name\" content=\"Chinese leading vibration welding machine manufacturer\" \/>\n<meta property=\"article:modified_time\" content=\"2024-04-04T06:12:18+00:00\" \/>\n<meta property=\"og:image\" content=\"http:\/\/vibrationwelding.com\/wp-content\/uploads\/2023\/07\/Energy-Efficient-Plastic-Vibration-Welding-Technology-300x225.jpg\" \/>\n<meta name=\"twitter:card\" content=\"summary_large_image\" \/>\n<meta name=\"twitter:label1\" content=\"Tempo estimado de leitura\" \/>\n\t<meta name=\"twitter:data1\" content=\"3 minutos\" \/>\n<script type=\"application\/ld+json\" class=\"yoast-schema-graph\">{\"@context\":\"https:\\\/\\\/schema.org\",\"@graph\":[{\"@type\":\"WebPage\",\"@id\":\"http:\\\/\\\/vibrationwelding.com\\\/ar\\\/automotive-lighting-welding\\\/\",\"url\":\"http:\\\/\\\/vibrationwelding.com\\\/ar\\\/automotive-lighting-welding\\\/\",\"name\":\"Automotive Lighting welding - Chinese leading vibration welding machine manufacturer\",\"isPartOf\":{\"@id\":\"http:\\\/\\\/vibrationwelding.com\\\/ar\\\/#website\"},\"primaryImageOfPage\":{\"@id\":\"http:\\\/\\\/vibrationwelding.com\\\/ar\\\/automotive-lighting-welding\\\/#primaryimage\"},\"image\":{\"@id\":\"http:\\\/\\\/vibrationwelding.com\\\/ar\\\/automotive-lighting-welding\\\/#primaryimage\"},\"thumbnailUrl\":\"http:\\\/\\\/vibrationwelding.com\\\/wp-content\\\/uploads\\\/2023\\\/07\\\/Energy-Efficient-Plastic-Vibration-Welding-Technology-300x225.jpg\",\"datePublished\":\"2023-07-04T02:01:17+00:00\",\"dateModified\":\"2024-04-04T06:12:18+00:00\",\"description\":\"Jfortune's advanced automotive lighting welding solutions provides high-strength bonds, hermetic seals, and delicate assembly. Clean Vibration Technology offers particulate-free welds for complex shapes.\",\"breadcrumb\":{\"@id\":\"http:\\\/\\\/vibrationwelding.com\\\/ar\\\/automotive-lighting-welding\\\/#breadcrumb\"},\"inLanguage\":\"pt-PT\",\"potentialAction\":[{\"@type\":\"ReadAction\",\"target\":[\"http:\\\/\\\/vibrationwelding.com\\\/ar\\\/automotive-lighting-welding\\\/\"]}]},{\"@type\":\"ImageObject\",\"inLanguage\":\"pt-PT\",\"@id\":\"http:\\\/\\\/vibrationwelding.com\\\/ar\\\/automotive-lighting-welding\\\/#primaryimage\",\"url\":\"http:\\\/\\\/vibrationwelding.com\\\/wp-content\\\/uploads\\\/2023\\\/07\\\/Energy-Efficient-Plastic-Vibration-Welding-Technology-300x225.jpg\",\"contentUrl\":\"http:\\\/\\\/vibrationwelding.com\\\/wp-content\\\/uploads\\\/2023\\\/07\\\/Energy-Efficient-Plastic-Vibration-Welding-Technology-300x225.jpg\"},{\"@type\":\"BreadcrumbList\",\"@id\":\"http:\\\/\\\/vibrationwelding.com\\\/ar\\\/automotive-lighting-welding\\\/#breadcrumb\",\"itemListElement\":[{\"@type\":\"ListItem\",\"position\":1,\"name\":\"Home\",\"item\":\"https:\\\/\\\/vibrationwelding.com\\\/\"},{\"@type\":\"ListItem\",\"position\":2,\"name\":\"Automotive Lighting welding\"}]},{\"@type\":\"WebSite\",\"@id\":\"http:\\\/\\\/vibrationwelding.com\\\/ar\\\/#website\",\"url\":\"http:\\\/\\\/vibrationwelding.com\\\/ar\\\/\",\"name\":\"Chinese leading vibration welding machine manufacturer\",\"description\":\"Chinese leading vibration welding machine manufacturer help customers find the best solution to reduce cost and keep quality with good after sales service.\",\"publisher\":{\"@id\":\"http:\\\/\\\/vibrationwelding.com\\\/ar\\\/#organization\"},\"potentialAction\":[{\"@type\":\"SearchAction\",\"target\":{\"@type\":\"EntryPoint\",\"urlTemplate\":\"http:\\\/\\\/vibrationwelding.com\\\/ar\\\/?s={search_term_string}\"},\"query-input\":{\"@type\":\"PropertyValueSpecification\",\"valueRequired\":true,\"valueName\":\"search_term_string\"}}],\"inLanguage\":\"pt-PT\"},{\"@type\":\"Organization\",\"@id\":\"http:\\\/\\\/vibrationwelding.com\\\/ar\\\/#organization\",\"name\":\"Chinese leading vibration welding machine manufacturer\",\"url\":\"http:\\\/\\\/vibrationwelding.com\\\/ar\\\/\",\"logo\":{\"@type\":\"ImageObject\",\"inLanguage\":\"pt-PT\",\"@id\":\"http:\\\/\\\/vibrationwelding.com\\\/ar\\\/#\\\/schema\\\/logo\\\/image\\\/\",\"url\":\"https:\\\/\\\/vibrationwelding.com\\\/wp-content\\\/uploads\\\/2023\\\/09\\\/cropped-cropped-jfortune-logo_\u526f\u672c_\u526f\u672c_\u526f111\u672c_\u526f\u672c-new.png\",\"contentUrl\":\"https:\\\/\\\/vibrationwelding.com\\\/wp-content\\\/uploads\\\/2023\\\/09\\\/cropped-cropped-jfortune-logo_\u526f\u672c_\u526f\u672c_\u526f111\u672c_\u526f\u672c-new.png\",\"width\":512,\"height\":171,\"caption\":\"Chinese leading vibration welding machine manufacturer\"},\"image\":{\"@id\":\"http:\\\/\\\/vibrationwelding.com\\\/ar\\\/#\\\/schema\\\/logo\\\/image\\\/\"}}]}<\/script>\n<!-- \/ Yoast SEO plugin. -->","yoast_head_json":{"title":"Soldadura de ilumina\u00e7\u00e3o autom\u00f3vel - Fabricante chin\u00eas de m\u00e1quinas de soldadura por vibra\u00e7\u00e3o","description":"As solu\u00e7\u00f5es avan\u00e7adas de soldadura para ilumina\u00e7\u00e3o autom\u00f3vel da Jfortune proporcionam liga\u00e7\u00f5es de elevada resist\u00eancia, veda\u00e7\u00f5es herm\u00e9ticas e montagens delicadas. A tecnologia Clean Vibration oferece soldaduras sem part\u00edculas para formas complexas.","robots":{"index":"index","follow":"follow","max-snippet":"max-snippet:-1","max-image-preview":"max-image-preview:large","max-video-preview":"max-video-preview:-1"},"canonical":"http:\/\/vibrationwelding.com\/pt\/automotive-lighting-welding\/","og_locale":"pt_PT","og_type":"article","og_title":"Automotive Lighting welding - Chinese leading vibration welding machine manufacturer","og_description":"Jfortune's advanced automotive lighting welding solutions provides high-strength bonds, hermetic seals, and delicate assembly. Clean Vibration Technology offers particulate-free welds for complex shapes.","og_url":"http:\/\/vibrationwelding.com\/pt\/automotive-lighting-welding\/","og_site_name":"Chinese leading vibration welding machine manufacturer","article_modified_time":"2024-04-04T06:12:18+00:00","og_image":[{"url":"http:\/\/vibrationwelding.com\/wp-content\/uploads\/2023\/07\/Energy-Efficient-Plastic-Vibration-Welding-Technology-300x225.jpg","type":"","width":"","height":""}],"twitter_card":"summary_large_image","twitter_misc":{"Tempo estimado de leitura":"3 minutos"},"schema":{"@context":"https:\/\/schema.org","@graph":[{"@type":"WebPage","@id":"http:\/\/vibrationwelding.com\/ar\/automotive-lighting-welding\/","url":"http:\/\/vibrationwelding.com\/ar\/automotive-lighting-welding\/","name":"Soldadura de ilumina\u00e7\u00e3o autom\u00f3vel - Fabricante chin\u00eas de m\u00e1quinas de soldadura por vibra\u00e7\u00e3o","isPartOf":{"@id":"http:\/\/vibrationwelding.com\/ar\/#website"},"primaryImageOfPage":{"@id":"http:\/\/vibrationwelding.com\/ar\/automotive-lighting-welding\/#primaryimage"},"image":{"@id":"http:\/\/vibrationwelding.com\/ar\/automotive-lighting-welding\/#primaryimage"},"thumbnailUrl":"http:\/\/vibrationwelding.com\/wp-content\/uploads\/2023\/07\/Energy-Efficient-Plastic-Vibration-Welding-Technology-300x225.jpg","datePublished":"2023-07-04T02:01:17+00:00","dateModified":"2024-04-04T06:12:18+00:00","description":"As solu\u00e7\u00f5es avan\u00e7adas de soldadura para ilumina\u00e7\u00e3o autom\u00f3vel da Jfortune proporcionam liga\u00e7\u00f5es de elevada resist\u00eancia, veda\u00e7\u00f5es herm\u00e9ticas e montagens delicadas. A tecnologia Clean Vibration oferece soldaduras sem part\u00edculas para formas complexas.","breadcrumb":{"@id":"http:\/\/vibrationwelding.com\/ar\/automotive-lighting-welding\/#breadcrumb"},"inLanguage":"pt-PT","potentialAction":[{"@type":"ReadAction","target":["http:\/\/vibrationwelding.com\/ar\/automotive-lighting-welding\/"]}]},{"@type":"ImageObject","inLanguage":"pt-PT","@id":"http:\/\/vibrationwelding.com\/ar\/automotive-lighting-welding\/#primaryimage","url":"http:\/\/vibrationwelding.com\/wp-content\/uploads\/2023\/07\/Energy-Efficient-Plastic-Vibration-Welding-Technology-300x225.jpg","contentUrl":"http:\/\/vibrationwelding.com\/wp-content\/uploads\/2023\/07\/Energy-Efficient-Plastic-Vibration-Welding-Technology-300x225.jpg"},{"@type":"BreadcrumbList","@id":"http:\/\/vibrationwelding.com\/ar\/automotive-lighting-welding\/#breadcrumb","itemListElement":[{"@type":"ListItem","position":1,"name":"Home","item":"https:\/\/vibrationwelding.com\/"},{"@type":"ListItem","position":2,"name":"Automotive Lighting welding"}]},{"@type":"WebSite","@id":"http:\/\/vibrationwelding.com\/ar\/#website","url":"http:\/\/vibrationwelding.com\/ar\/","name":"Fabricante chin\u00eas l\u00edder de m\u00e1quinas de soldadura por vibra\u00e7\u00e3o","description":"O principal fabricante chin\u00eas de m\u00e1quina de solda por vibra\u00e7\u00e3o ajuda os clientes a encontrar a melhor solu\u00e7\u00e3o para reduzir o custo e manter a qualidade com um bom servi\u00e7o p\u00f3s-venda.","publisher":{"@id":"http:\/\/vibrationwelding.com\/ar\/#organization"},"potentialAction":[{"@type":"SearchAction","target":{"@type":"EntryPoint","urlTemplate":"http:\/\/vibrationwelding.com\/ar\/?s={search_term_string}"},"query-input":{"@type":"PropertyValueSpecification","valueRequired":true,"valueName":"search_term_string"}}],"inLanguage":"pt-PT"},{"@type":"Organization","@id":"http:\/\/vibrationwelding.com\/ar\/#organization","name":"Fabricante chin\u00eas l\u00edder de m\u00e1quinas de soldadura por vibra\u00e7\u00e3o","url":"http:\/\/vibrationwelding.com\/ar\/","logo":{"@type":"ImageObject","inLanguage":"pt-PT","@id":"http:\/\/vibrationwelding.com\/ar\/#\/schema\/logo\/image\/","url":"https:\/\/vibrationwelding.com\/wp-content\/uploads\/2023\/09\/cropped-cropped-jfortune-logo_\u526f\u672c_\u526f\u672c_\u526f111\u672c_\u526f\u672c-new.png","contentUrl":"https:\/\/vibrationwelding.com\/wp-content\/uploads\/2023\/09\/cropped-cropped-jfortune-logo_\u526f\u672c_\u526f\u672c_\u526f111\u672c_\u526f\u672c-new.png","width":512,"height":171,"caption":"Chinese leading vibration welding machine manufacturer"},"image":{"@id":"http:\/\/vibrationwelding.com\/ar\/#\/schema\/logo\/image\/"}}]}},"_links":{"self":[{"href":"https:\/\/vibrationwelding.com\/pt\/wp-json\/wp\/v2\/pages\/16","targetHints":{"allow":["GET"]}}],"collection":[{"href":"https:\/\/vibrationwelding.com\/pt\/wp-json\/wp\/v2\/pages"}],"about":[{"href":"https:\/\/vibrationwelding.com\/pt\/wp-json\/wp\/v2\/types\/page"}],"author":[{"embeddable":true,"href":"https:\/\/vibrationwelding.com\/pt\/wp-json\/wp\/v2\/users\/1"}],"replies":[{"embeddable":true,"href":"https:\/\/vibrationwelding.com\/pt\/wp-json\/wp\/v2\/comments?post=16"}],"version-history":[{"count":5,"href":"https:\/\/vibrationwelding.com\/pt\/wp-json\/wp\/v2\/pages\/16\/revisions"}],"predecessor-version":[{"id":1003,"href":"https:\/\/vibrationwelding.com\/pt\/wp-json\/wp\/v2\/pages\/16\/revisions\/1003"}],"wp:attachment":[{"href":"https:\/\/vibrationwelding.com\/pt\/wp-json\/wp\/v2\/media?parent=16"}],"curies":[{"name":"wp","href":"https:\/\/api.w.org\/{rel}","templated":true}]}}