{"id":569,"date":"2023-09-25T13:54:51","date_gmt":"2023-09-25T13:54:51","guid":{"rendered":"https:\/\/vibrationwelding.com\/?page_id=569"},"modified":"2026-05-11T06:01:06","modified_gmt":"2026-05-11T06:01:06","slug":"about-us","status":"publish","type":"page","link":"https:\/\/vibrationwelding.com\/pt\/about-us\/","title":{"rendered":"Sobre n\u00f3s"},"content":{"rendered":"<div data-elementor-type=\"wp-page\" data-elementor-id=\"569\" class=\"elementor elementor-569\" data-elementor-post-type=\"page\">\n\t\t\t\t\t\t<section class=\"elementor-section elementor-top-section elementor-element elementor-element-8098be0 elementor-section-full_width elementor-section-height-min-height elementor-section-height-default elementor-section-items-middle\" data-id=\"8098be0\" data-element_type=\"section\" data-e-type=\"section\" data-settings=\"{&quot;background_background&quot;:&quot;classic&quot;}\">\n\t\t\t\t\t\t\t<div class=\"elementor-background-overlay\"><\/div>\n\t\t\t\t\t\t\t<div class=\"elementor-container elementor-column-gap-default\">\n\t\t\t\t\t<div class=\"elementor-column elementor-col-100 elementor-top-column elementor-element elementor-element-ee02121\" data-id=\"ee02121\" data-element_type=\"column\" data-e-type=\"column\">\n\t\t\t<div class=\"elementor-widget-wrap elementor-element-populated\">\n\t\t\t\t\t\t<div class=\"elementor-element elementor-element-1f6f78e elementor-widget elementor-widget-heading\" data-id=\"1f6f78e\" data-element_type=\"widget\" data-e-type=\"widget\" data-widget_type=\"heading.default\">\n\t\t\t\t<div class=\"elementor-widget-container\">\n\t\t\t\t\t<h2 class=\"elementor-heading-title elementor-size-default\">Sobre n\u00f3s<\/h2>\t\t\t\t<\/div>\n\t\t\t\t<\/div>\n\t\t\t\t<div class=\"elementor-element elementor-element-2f9bc28 elementor-widget elementor-widget-text-editor\" data-id=\"2f9bc28\" data-element_type=\"widget\" data-e-type=\"widget\" data-widget_type=\"text-editor.default\">\n\t\t\t\t<div class=\"elementor-widget-container\">\n\t\t\t\t\t\t\t\t\t<p><strong>Jfortune a soldadura por vibra\u00e7\u00e3o \u00e9 uma ind\u00fastria madura ap\u00f3s todos estes anos de desenvolvimento no mundo<\/strong><\/p>\t\t\t\t\t\t\t\t<\/div>\n\t\t\t\t<\/div>\n\t\t\t\t\t<\/div>\n\t\t<\/div>\n\t\t\t\t\t<\/div>\n\t\t<\/section>\n\t\t\t\t<section class=\"elementor-section elementor-top-section elementor-element elementor-element-1913db5 elementor-section-full_width elementor-section-height-default elementor-section-height-default\" data-id=\"1913db5\" data-element_type=\"section\" data-e-type=\"section\" data-settings=\"{&quot;background_background&quot;:&quot;classic&quot;}\">\n\t\t\t\t\t\t<div class=\"elementor-container elementor-column-gap-default\">\n\t\t\t\t\t<div class=\"elementor-column elementor-col-100 elementor-top-column elementor-element elementor-element-4a82017\" data-id=\"4a82017\" data-element_type=\"column\" data-e-type=\"column\">\n\t\t\t<div class=\"elementor-widget-wrap elementor-element-populated\">\n\t\t\t\t\t\t<div class=\"elementor-element elementor-element-4b395fb elementor-widget elementor-widget-text-editor\" data-id=\"4b395fb\" data-element_type=\"widget\" data-e-type=\"widget\" data-widget_type=\"text-editor.default\">\n\t\t\t\t<div class=\"elementor-widget-container\">\n\t\t\t\t\t\t\t\t\t<p>China Jfortune is the leading Chinese vibration welding machine and toolings manufacturer! China Jfortune has been established in 2008, which is a high-tech enterprise that integrates R&amp;D, design, manufacture, sales and service in the field of plastic welding industry. With years of accumulated rich experience, combined with international advanced plastic welding technology, according to the market need to continuously develop the core competitiveness of new products.<\/p><p>Somos proficientes na conce\u00e7\u00e3o e fabrico de m\u00e1quinas padr\u00e3o e n\u00e3o padr\u00e3o, capazes de personalizar todos os tipos de m\u00e1quinas e equipamentos sob medida para os nossos clientes. A empresa concebe e fabrica uma s\u00e9rie de equipamento de soldadura de pl\u00e1stico que tem sido amplamente utilizado na ind\u00fastria autom\u00f3vel, eletr\u00f3nica, aparelhos el\u00e9ctricos, equipamento m\u00e9dico, tecidos n\u00e3o tecidos, brinquedos e outras ind\u00fastrias, clientes em todo o pa\u00eds. Alguns produtos s\u00e3o exportados para a Europa, Am\u00e9rica, M\u00e9dio Oriente e pa\u00edses do sudeste asi\u00e1tico.<\/p>\t\t\t\t\t\t\t\t<\/div>\n\t\t\t\t<\/div>\n\t\t\t\t\t<\/div>\n\t\t<\/div>\n\t\t\t\t\t<\/div>\n\t\t<\/section>\n\t\t\t\t<\/div>","protected":false},"excerpt":{"rendered":"<p>About Us Jfortune vibration welding is a mature industry after all these years development in the world China Jfortune is the leading Chinese vibration welding machine and toolings manufacturer! China Jfortune has been established in 2008, which is a high-tech enterprise that integrates R&amp;D, design, manufacture, sales and service in the field of plastic welding [&hellip;]<\/p>\n","protected":false},"author":1,"featured_media":0,"parent":0,"menu_order":0,"comment_status":"closed","ping_status":"closed","template":"","meta":{"nf_dc_page":"","site-sidebar-layout":"no-sidebar","site-content-layout":"page-builder","ast-site-content-layout":"full-width-container","site-content-style":"default","site-sidebar-style":"default","ast-global-header-display":"","ast-banner-title-visibility":"","ast-main-header-display":"","ast-hfb-above-header-display":"","ast-hfb-below-header-display":"","ast-hfb-mobile-header-display":"","site-post-title":"disabled","ast-breadcrumbs-content":"","ast-featured-img":"disabled","footer-sml-layout":"","ast-disable-related-posts":"","theme-transparent-header-meta":"","adv-header-id-meta":"","stick-header-meta":"","header-above-stick-meta":"","header-main-stick-meta":"","header-below-stick-meta":"","astra-migrate-meta-layouts":"default","ast-page-background-enabled":"default","ast-page-background-meta":{"desktop":{"background-color":"var(--ast-global-color-4)","background-image":"","background-repeat":"repeat","background-position":"center center","background-size":"auto","background-attachment":"scroll","background-type":"","background-media":"","overlay-type":"","overlay-color":"","overlay-opacity":"","overlay-gradient":""},"tablet":{"background-color":"","background-image":"","background-repeat":"repeat","background-position":"center center","background-size":"auto","background-attachment":"scroll","background-type":"","background-media":"","overlay-type":"","overlay-color":"","overlay-opacity":"","overlay-gradient":""},"mobile":{"background-color":"","background-image":"","background-repeat":"repeat","background-position":"center center","background-size":"auto","background-attachment":"scroll","background-type":"","background-media":"","overlay-type":"","overlay-color":"","overlay-opacity":"","overlay-gradient":""}},"ast-content-background-meta":{"desktop":{"background-color":"var(--ast-global-color-5)","background-image":"","background-repeat":"repeat","background-position":"center center","background-size":"auto","background-attachment":"scroll","background-type":"","background-media":"","overlay-type":"","overlay-color":"","overlay-opacity":"","overlay-gradient":""},"tablet":{"background-color":"var(--ast-global-color-5)","background-image":"","background-repeat":"repeat","background-position":"center center","background-size":"auto","background-attachment":"scroll","background-type":"","background-media":"","overlay-type":"","overlay-color":"","overlay-opacity":"","overlay-gradient":""},"mobile":{"background-color":"var(--ast-global-color-5)","background-image":"","background-repeat":"repeat","background-position":"center center","background-size":"auto","background-attachment":"scroll","background-type":"","background-media":"","overlay-type":"","overlay-color":"","overlay-opacity":"","overlay-gradient":""}},"footnotes":""},"class_list":["post-569","page","type-page","status-publish","hentry"],"yoast_head":"<!-- This site is optimized with the Yoast SEO plugin v27.5 - https:\/\/yoast.com\/product\/yoast-seo-wordpress\/ -->\n<title>About Us - Chinese leading vibration welding machine manufacturer<\/title>\n<meta name=\"robots\" content=\"index, follow, max-snippet:-1, max-image-preview:large, max-video-preview:-1\" \/>\n<link rel=\"canonical\" href=\"https:\/\/vibrationwelding.com\/pt\/about-us\/\" \/>\n<meta property=\"og:locale\" content=\"pt_PT\" \/>\n<meta property=\"og:type\" content=\"article\" \/>\n<meta property=\"og:title\" content=\"About Us - Chinese leading vibration welding machine manufacturer\" \/>\n<meta property=\"og:description\" content=\"About Us Jfortune vibration welding is a mature industry after all these years development in the world China Jfortune is the leading Chinese vibration welding machine and toolings manufacturer! China Jfortune has been established in 2008, which is a high-tech enterprise that integrates R&amp;D, design, manufacture, sales and service in the field of plastic welding [&hellip;]\" \/>\n<meta property=\"og:url\" content=\"https:\/\/vibrationwelding.com\/pt\/about-us\/\" \/>\n<meta property=\"og:site_name\" content=\"Chinese leading vibration welding machine manufacturer\" \/>\n<meta property=\"article:modified_time\" content=\"2026-05-11T06:01:06+00:00\" \/>\n<meta name=\"twitter:card\" content=\"summary_large_image\" \/>\n<meta name=\"twitter:label1\" content=\"Tempo estimado de leitura\" \/>\n\t<meta name=\"twitter:data1\" content=\"1 minuto\" \/>\n<script type=\"application\/ld+json\" class=\"yoast-schema-graph\">{\"@context\":\"https:\\\/\\\/schema.org\",\"@graph\":[{\"@type\":\"WebPage\",\"@id\":\"https:\\\/\\\/vibrationwelding.com\\\/about-us\\\/\",\"url\":\"https:\\\/\\\/vibrationwelding.com\\\/about-us\\\/\",\"name\":\"About Us - Chinese leading vibration welding machine manufacturer\",\"isPartOf\":{\"@id\":\"http:\\\/\\\/vibrationwelding.com\\\/ar\\\/#website\"},\"datePublished\":\"2023-09-25T13:54:51+00:00\",\"dateModified\":\"2026-05-11T06:01:06+00:00\",\"breadcrumb\":{\"@id\":\"https:\\\/\\\/vibrationwelding.com\\\/about-us\\\/#breadcrumb\"},\"inLanguage\":\"pt-PT\",\"potentialAction\":[{\"@type\":\"ReadAction\",\"target\":[\"https:\\\/\\\/vibrationwelding.com\\\/about-us\\\/\"]}]},{\"@type\":\"BreadcrumbList\",\"@id\":\"https:\\\/\\\/vibrationwelding.com\\\/about-us\\\/#breadcrumb\",\"itemListElement\":[{\"@type\":\"ListItem\",\"position\":1,\"name\":\"Home\",\"item\":\"https:\\\/\\\/vibrationwelding.com\\\/\"},{\"@type\":\"ListItem\",\"position\":2,\"name\":\"About Us\"}]},{\"@type\":\"WebSite\",\"@id\":\"http:\\\/\\\/vibrationwelding.com\\\/ar\\\/#website\",\"url\":\"http:\\\/\\\/vibrationwelding.com\\\/ar\\\/\",\"name\":\"Chinese leading vibration welding machine manufacturer\",\"description\":\"Chinese leading vibration welding machine manufacturer help customers find the best solution to reduce cost and keep quality with good after sales service.\",\"publisher\":{\"@id\":\"http:\\\/\\\/vibrationwelding.com\\\/ar\\\/#organization\"},\"potentialAction\":[{\"@type\":\"SearchAction\",\"target\":{\"@type\":\"EntryPoint\",\"urlTemplate\":\"http:\\\/\\\/vibrationwelding.com\\\/ar\\\/?s={search_term_string}\"},\"query-input\":{\"@type\":\"PropertyValueSpecification\",\"valueRequired\":true,\"valueName\":\"search_term_string\"}}],\"inLanguage\":\"pt-PT\"},{\"@type\":\"Organization\",\"@id\":\"http:\\\/\\\/vibrationwelding.com\\\/ar\\\/#organization\",\"name\":\"Chinese leading vibration welding machine manufacturer\",\"url\":\"http:\\\/\\\/vibrationwelding.com\\\/ar\\\/\",\"logo\":{\"@type\":\"ImageObject\",\"inLanguage\":\"pt-PT\",\"@id\":\"http:\\\/\\\/vibrationwelding.com\\\/ar\\\/#\\\/schema\\\/logo\\\/image\\\/\",\"url\":\"https:\\\/\\\/vibrationwelding.com\\\/wp-content\\\/uploads\\\/2023\\\/09\\\/cropped-cropped-jfortune-logo_\u526f\u672c_\u526f\u672c_\u526f111\u672c_\u526f\u672c-new.png\",\"contentUrl\":\"https:\\\/\\\/vibrationwelding.com\\\/wp-content\\\/uploads\\\/2023\\\/09\\\/cropped-cropped-jfortune-logo_\u526f\u672c_\u526f\u672c_\u526f111\u672c_\u526f\u672c-new.png\",\"width\":512,\"height\":171,\"caption\":\"Chinese leading vibration welding machine manufacturer\"},\"image\":{\"@id\":\"http:\\\/\\\/vibrationwelding.com\\\/ar\\\/#\\\/schema\\\/logo\\\/image\\\/\"}}]}<\/script>\n<!-- \/ Yoast SEO plugin. -->","yoast_head_json":{"title":"Sobre n\u00f3s - Fabricante chin\u00eas l\u00edder de m\u00e1quina de solda por vibra\u00e7\u00e3o","robots":{"index":"index","follow":"follow","max-snippet":"max-snippet:-1","max-image-preview":"max-image-preview:large","max-video-preview":"max-video-preview:-1"},"canonical":"https:\/\/vibrationwelding.com\/pt\/about-us\/","og_locale":"pt_PT","og_type":"article","og_title":"About Us - Chinese leading vibration welding machine manufacturer","og_description":"About Us Jfortune vibration welding is a mature industry after all these years development in the world China Jfortune is the leading Chinese vibration welding machine and toolings manufacturer! China Jfortune has been established in 2008, which is a high-tech enterprise that integrates R&amp;D, design, manufacture, sales and service in the field of plastic welding [&hellip;]","og_url":"https:\/\/vibrationwelding.com\/pt\/about-us\/","og_site_name":"Chinese leading vibration welding machine manufacturer","article_modified_time":"2026-05-11T06:01:06+00:00","twitter_card":"summary_large_image","twitter_misc":{"Tempo estimado de leitura":"1 minuto"},"schema":{"@context":"https:\/\/schema.org","@graph":[{"@type":"WebPage","@id":"https:\/\/vibrationwelding.com\/about-us\/","url":"https:\/\/vibrationwelding.com\/about-us\/","name":"Sobre n\u00f3s - Fabricante chin\u00eas l\u00edder de m\u00e1quina de solda por vibra\u00e7\u00e3o","isPartOf":{"@id":"http:\/\/vibrationwelding.com\/ar\/#website"},"datePublished":"2023-09-25T13:54:51+00:00","dateModified":"2026-05-11T06:01:06+00:00","breadcrumb":{"@id":"https:\/\/vibrationwelding.com\/about-us\/#breadcrumb"},"inLanguage":"pt-PT","potentialAction":[{"@type":"ReadAction","target":["https:\/\/vibrationwelding.com\/about-us\/"]}]},{"@type":"BreadcrumbList","@id":"https:\/\/vibrationwelding.com\/about-us\/#breadcrumb","itemListElement":[{"@type":"ListItem","position":1,"name":"Home","item":"https:\/\/vibrationwelding.com\/"},{"@type":"ListItem","position":2,"name":"About Us"}]},{"@type":"WebSite","@id":"http:\/\/vibrationwelding.com\/ar\/#website","url":"http:\/\/vibrationwelding.com\/ar\/","name":"Fabricante chin\u00eas l\u00edder de m\u00e1quinas de soldadura por vibra\u00e7\u00e3o","description":"O principal fabricante chin\u00eas de m\u00e1quina de solda por vibra\u00e7\u00e3o ajuda os clientes a encontrar a melhor solu\u00e7\u00e3o para reduzir o custo e manter a qualidade com um bom servi\u00e7o p\u00f3s-venda.","publisher":{"@id":"http:\/\/vibrationwelding.com\/ar\/#organization"},"potentialAction":[{"@type":"SearchAction","target":{"@type":"EntryPoint","urlTemplate":"http:\/\/vibrationwelding.com\/ar\/?s={search_term_string}"},"query-input":{"@type":"PropertyValueSpecification","valueRequired":true,"valueName":"search_term_string"}}],"inLanguage":"pt-PT"},{"@type":"Organization","@id":"http:\/\/vibrationwelding.com\/ar\/#organization","name":"Fabricante chin\u00eas l\u00edder de m\u00e1quinas de soldadura por vibra\u00e7\u00e3o","url":"http:\/\/vibrationwelding.com\/ar\/","logo":{"@type":"ImageObject","inLanguage":"pt-PT","@id":"http:\/\/vibrationwelding.com\/ar\/#\/schema\/logo\/image\/","url":"https:\/\/vibrationwelding.com\/wp-content\/uploads\/2023\/09\/cropped-cropped-jfortune-logo_\u526f\u672c_\u526f\u672c_\u526f111\u672c_\u526f\u672c-new.png","contentUrl":"https:\/\/vibrationwelding.com\/wp-content\/uploads\/2023\/09\/cropped-cropped-jfortune-logo_\u526f\u672c_\u526f\u672c_\u526f111\u672c_\u526f\u672c-new.png","width":512,"height":171,"caption":"Chinese leading vibration welding machine manufacturer"},"image":{"@id":"http:\/\/vibrationwelding.com\/ar\/#\/schema\/logo\/image\/"}}]}},"_links":{"self":[{"href":"https:\/\/vibrationwelding.com\/pt\/wp-json\/wp\/v2\/pages\/569","targetHints":{"allow":["GET"]}}],"collection":[{"href":"https:\/\/vibrationwelding.com\/pt\/wp-json\/wp\/v2\/pages"}],"about":[{"href":"https:\/\/vibrationwelding.com\/pt\/wp-json\/wp\/v2\/types\/page"}],"author":[{"embeddable":true,"href":"https:\/\/vibrationwelding.com\/pt\/wp-json\/wp\/v2\/users\/1"}],"replies":[{"embeddable":true,"href":"https:\/\/vibrationwelding.com\/pt\/wp-json\/wp\/v2\/comments?post=569"}],"version-history":[{"count":14,"href":"https:\/\/vibrationwelding.com\/pt\/wp-json\/wp\/v2\/pages\/569\/revisions"}],"predecessor-version":[{"id":1519,"href":"https:\/\/vibrationwelding.com\/pt\/wp-json\/wp\/v2\/pages\/569\/revisions\/1519"}],"wp:attachment":[{"href":"https:\/\/vibrationwelding.com\/pt\/wp-json\/wp\/v2\/media?parent=569"}],"curies":[{"name":"wp","href":"https:\/\/api.w.org\/{rel}","templated":true}]}}