{"id":916,"date":"2023-12-20T06:44:04","date_gmt":"2023-12-20T06:44:04","guid":{"rendered":"https:\/\/vibrationwelding.com\/?page_id=916"},"modified":"2023-12-20T06:56:40","modified_gmt":"2023-12-20T06:56:40","slug":"metal-vibration-welding-machine","status":"publish","type":"page","link":"https:\/\/vibrationwelding.com\/pt\/metal-vibration-welding-machine\/","title":{"rendered":"M\u00e1quina de soldadura por vibra\u00e7\u00e3o para metais"},"content":{"rendered":"<div data-elementor-type=\"wp-page\" data-elementor-id=\"916\" class=\"elementor elementor-916\" data-elementor-post-type=\"page\">\n\t\t\t\t\t\t<section class=\"elementor-section elementor-top-section elementor-element elementor-element-d61694d elementor-section-boxed elementor-section-height-default elementor-section-height-default\" data-id=\"d61694d\" data-element_type=\"section\" data-e-type=\"section\">\n\t\t\t\t\t\t<div class=\"elementor-container elementor-column-gap-default\">\n\t\t\t\t\t<div class=\"elementor-column elementor-col-100 elementor-top-column elementor-element elementor-element-0554c3f\" data-id=\"0554c3f\" data-element_type=\"column\" data-e-type=\"column\">\n\t\t\t<div class=\"elementor-widget-wrap elementor-element-populated\">\n\t\t\t\t\t\t<div class=\"elementor-element elementor-element-69d6c35 elementor-widget elementor-widget-heading\" data-id=\"69d6c35\" data-element_type=\"widget\" data-e-type=\"widget\" data-widget_type=\"heading.default\">\n\t\t\t\t<div class=\"elementor-widget-container\">\n\t\t\t\t\t<h2 class=\"elementor-heading-title elementor-size-default\">M\u00e1quina de soldadura por vibra\u00e7\u00e3o para metais<\/h2>\t\t\t\t<\/div>\n\t\t\t\t<\/div>\n\t\t\t\t\t<\/div>\n\t\t<\/div>\n\t\t\t\t\t<\/div>\n\t\t<\/section>\n\t\t\t\t<section class=\"elementor-section elementor-top-section elementor-element elementor-element-7601bee elementor-section-boxed elementor-section-height-default elementor-section-height-default\" data-id=\"7601bee\" data-element_type=\"section\" data-e-type=\"section\">\n\t\t\t\t\t\t<div class=\"elementor-container elementor-column-gap-default\">\n\t\t\t\t\t<div class=\"elementor-column elementor-col-100 elementor-top-column elementor-element elementor-element-a713ace\" data-id=\"a713ace\" data-element_type=\"column\" data-e-type=\"column\">\n\t\t\t<div class=\"elementor-widget-wrap elementor-element-populated\">\n\t\t\t\t\t\t<div class=\"elementor-element elementor-element-1eb9789 elementor-widget elementor-widget-image\" data-id=\"1eb9789\" data-element_type=\"widget\" data-e-type=\"widget\" data-widget_type=\"image.default\">\n\t\t\t\t<div class=\"elementor-widget-container\">\n\t\t\t\t\t\t\t\t\t\t\t\t\t\t\t<img fetchpriority=\"high\" decoding=\"async\" width=\"793\" height=\"495\" src=\"https:\/\/vibrationwelding.com\/wp-content\/uploads\/2023\/12\/Metal-vibration-welding-machine.jpg\" class=\"attachment-large size-large wp-image-923\" alt=\"M\u00e1quina de soldar por vibra\u00e7\u00e3o para metais\" srcset=\"https:\/\/vibrationwelding.com\/wp-content\/uploads\/2023\/12\/Metal-vibration-welding-machine.jpg 793w, https:\/\/vibrationwelding.com\/wp-content\/uploads\/2023\/12\/Metal-vibration-welding-machine-300x187.jpg 300w, https:\/\/vibrationwelding.com\/wp-content\/uploads\/2023\/12\/Metal-vibration-welding-machine-768x479.jpg 768w\" sizes=\"(max-width: 793px) 100vw, 793px\" \/>\t\t\t\t\t\t\t\t\t\t\t\t\t\t\t<\/div>\n\t\t\t\t<\/div>\n\t\t\t\t\t<\/div>\n\t\t<\/div>\n\t\t\t\t\t<\/div>\n\t\t<\/section>\n\t\t\t\t<section class=\"elementor-section elementor-top-section elementor-element elementor-element-b183c9d elementor-section-boxed elementor-section-height-default elementor-section-height-default\" data-id=\"b183c9d\" data-element_type=\"section\" data-e-type=\"section\">\n\t\t\t\t\t\t<div class=\"elementor-container elementor-column-gap-default\">\n\t\t\t\t\t<div class=\"elementor-column elementor-col-50 elementor-top-column elementor-element elementor-element-6784b1e\" data-id=\"6784b1e\" data-element_type=\"column\" data-e-type=\"column\">\n\t\t\t<div class=\"elementor-widget-wrap elementor-element-populated\">\n\t\t\t\t\t\t<div class=\"elementor-element elementor-element-7dd1764 elementor-widget elementor-widget-text-editor\" data-id=\"7dd1764\" data-element_type=\"widget\" data-e-type=\"widget\" data-widget_type=\"text-editor.default\">\n\t\t\t\t<div class=\"elementor-widget-container\">\n\t\t\t\t\t\t\t\t\t<p>Esta m\u00e1quina de solda por vibra\u00e7\u00e3o de metal pode economizar 30% custo em compara\u00e7\u00e3o com as mesmas m\u00e1quinas de fun\u00e7\u00e3o: Especificamente concebida para a soldadura e conce\u00e7\u00e3o de produtos de cobre e alum\u00ednio, diferentes pe\u00e7as met\u00e1licas podem partilhar a mesma m\u00e1quina de soldar, uma vez que pode ser r\u00e1pida a mudar a produ\u00e7\u00e3o de acess\u00f3rios, carga e descarga autom\u00e1ticas, pode fazer uma m\u00e9dia de 10s\/set, e melhorar efetivamente a efici\u00eancia da produ\u00e7\u00e3o e a efici\u00eancia do trabalho, reduzindo os custos de produ\u00e7\u00e3o.<br \/>O que \u00e9 que acha deste tipo de m\u00e1quina?<\/p>\t\t\t\t\t\t\t\t<\/div>\n\t\t\t\t<\/div>\n\t\t\t\t\t<\/div>\n\t\t<\/div>\n\t\t\t\t<div class=\"elementor-column elementor-col-50 elementor-top-column elementor-element elementor-element-8624f2d\" data-id=\"8624f2d\" data-element_type=\"column\" data-e-type=\"column\">\n\t\t\t<div class=\"elementor-widget-wrap elementor-element-populated\">\n\t\t\t\t\t\t<div class=\"elementor-element elementor-element-ecfcdc6 elementor-widget elementor-widget-image\" data-id=\"ecfcdc6\" data-element_type=\"widget\" data-e-type=\"widget\" data-widget_type=\"image.default\">\n\t\t\t\t<div class=\"elementor-widget-container\">\n\t\t\t\t\t\t\t\t\t\t\t\t\t\t\t<img decoding=\"async\" width=\"1004\" height=\"580\" src=\"https:\/\/vibrationwelding.com\/wp-content\/uploads\/2023\/12\/1702437577087.png\" class=\"attachment-large size-large wp-image-925\" alt=\"\" srcset=\"https:\/\/vibrationwelding.com\/wp-content\/uploads\/2023\/12\/1702437577087.png 1004w, https:\/\/vibrationwelding.com\/wp-content\/uploads\/2023\/12\/1702437577087-300x173.png 300w, https:\/\/vibrationwelding.com\/wp-content\/uploads\/2023\/12\/1702437577087-768x444.png 768w\" sizes=\"(max-width: 1004px) 100vw, 1004px\" \/>\t\t\t\t\t\t\t\t\t\t\t\t\t\t\t<\/div>\n\t\t\t\t<\/div>\n\t\t\t\t\t<\/div>\n\t\t<\/div>\n\t\t\t\t\t<\/div>\n\t\t<\/section>\n\t\t\t\t<\/div>","protected":false},"excerpt":{"rendered":"<p>Metal Vibration Welding Machine This metal vibration welding machine can save 30% cost compared same function machines: Specifically designed for copper and aluminum products welding and design, different metal parts can share the same welding machine, as it can be quick to change the fixture production, automatic loading and unloading, can do an average of [&hellip;]<\/p>\n","protected":false},"author":1,"featured_media":0,"parent":0,"menu_order":0,"comment_status":"closed","ping_status":"closed","template":"","meta":{"nf_dc_page":"","site-sidebar-layout":"no-sidebar","site-content-layout":"page-builder","ast-site-content-layout":"full-width-container","site-content-style":"default","site-sidebar-style":"default","ast-global-header-display":"","ast-banner-title-visibility":"","ast-main-header-display":"","ast-hfb-above-header-display":"","ast-hfb-below-header-display":"","ast-hfb-mobile-header-display":"","site-post-title":"disabled","ast-breadcrumbs-content":"","ast-featured-img":"disabled","footer-sml-layout":"","ast-disable-related-posts":"","theme-transparent-header-meta":"","adv-header-id-meta":"","stick-header-meta":"","header-above-stick-meta":"","header-main-stick-meta":"","header-below-stick-meta":"","astra-migrate-meta-layouts":"set","ast-page-background-enabled":"default","ast-page-background-meta":{"desktop":{"background-color":"var(--ast-global-color-4)","background-image":"","background-repeat":"repeat","background-position":"center center","background-size":"auto","background-attachment":"scroll","background-type":"","background-media":"","overlay-type":"","overlay-color":"","overlay-opacity":"","overlay-gradient":""},"tablet":{"background-color":"","background-image":"","background-repeat":"repeat","background-position":"center center","background-size":"auto","background-attachment":"scroll","background-type":"","background-media":"","overlay-type":"","overlay-color":"","overlay-opacity":"","overlay-gradient":""},"mobile":{"background-color":"","background-image":"","background-repeat":"repeat","background-position":"center center","background-size":"auto","background-attachment":"scroll","background-type":"","background-media":"","overlay-type":"","overlay-color":"","overlay-opacity":"","overlay-gradient":""}},"ast-content-background-meta":{"desktop":{"background-color":"var(--ast-global-color-5)","background-image":"","background-repeat":"repeat","background-position":"center center","background-size":"auto","background-attachment":"scroll","background-type":"","background-media":"","overlay-type":"","overlay-color":"","overlay-opacity":"","overlay-gradient":""},"tablet":{"background-color":"var(--ast-global-color-5)","background-image":"","background-repeat":"repeat","background-position":"center center","background-size":"auto","background-attachment":"scroll","background-type":"","background-media":"","overlay-type":"","overlay-color":"","overlay-opacity":"","overlay-gradient":""},"mobile":{"background-color":"var(--ast-global-color-5)","background-image":"","background-repeat":"repeat","background-position":"center center","background-size":"auto","background-attachment":"scroll","background-type":"","background-media":"","overlay-type":"","overlay-color":"","overlay-opacity":"","overlay-gradient":""}},"footnotes":""},"class_list":["post-916","page","type-page","status-publish","hentry"],"yoast_head":"<!-- This site is optimized with the Yoast SEO plugin v27.5 - https:\/\/yoast.com\/product\/yoast-seo-wordpress\/ -->\n<title>Metal Vibration Welding Machine - Chinese leading vibration welding machine manufacturer<\/title>\n<meta name=\"description\" content=\"This metal vibration welding machine can save 30% cost compared same function machines: Specifically designed for copper and aluminum products welding and design, different metal parts can share the same welding machine.\" \/>\n<meta name=\"robots\" content=\"index, follow, max-snippet:-1, max-image-preview:large, max-video-preview:-1\" \/>\n<link rel=\"canonical\" href=\"https:\/\/vibrationwelding.com\/pt\/metal-vibration-welding-machine\/\" \/>\n<meta property=\"og:locale\" content=\"pt_PT\" \/>\n<meta property=\"og:type\" content=\"article\" \/>\n<meta property=\"og:title\" content=\"Metal Vibration Welding Machine - Chinese leading vibration welding machine manufacturer\" \/>\n<meta property=\"og:description\" content=\"This metal vibration welding machine can save 30% cost compared same function machines: Specifically designed for copper and aluminum products welding and design, different metal parts can share the same welding machine.\" \/>\n<meta property=\"og:url\" content=\"https:\/\/vibrationwelding.com\/pt\/metal-vibration-welding-machine\/\" \/>\n<meta property=\"og:site_name\" content=\"Chinese leading vibration welding machine manufacturer\" \/>\n<meta property=\"article:modified_time\" content=\"2023-12-20T06:56:40+00:00\" \/>\n<meta property=\"og:image\" content=\"http:\/\/vibrationwelding.com\/wp-content\/uploads\/2023\/12\/Metal-vibration-welding-machine.jpg\" \/>\n<meta name=\"twitter:card\" content=\"summary_large_image\" \/>\n<meta name=\"twitter:label1\" content=\"Tempo estimado de leitura\" \/>\n\t<meta name=\"twitter:data1\" content=\"1 minuto\" \/>\n<script type=\"application\/ld+json\" class=\"yoast-schema-graph\">{\"@context\":\"https:\\\/\\\/schema.org\",\"@graph\":[{\"@type\":\"WebPage\",\"@id\":\"https:\\\/\\\/vibrationwelding.com\\\/ja\\\/metal-vibration-welding-machine\\\/\",\"url\":\"https:\\\/\\\/vibrationwelding.com\\\/ja\\\/metal-vibration-welding-machine\\\/\",\"name\":\"Metal Vibration Welding Machine - Chinese leading vibration welding machine manufacturer\",\"isPartOf\":{\"@id\":\"http:\\\/\\\/vibrationwelding.com\\\/ar\\\/#website\"},\"primaryImageOfPage\":{\"@id\":\"https:\\\/\\\/vibrationwelding.com\\\/ja\\\/metal-vibration-welding-machine\\\/#primaryimage\"},\"image\":{\"@id\":\"https:\\\/\\\/vibrationwelding.com\\\/ja\\\/metal-vibration-welding-machine\\\/#primaryimage\"},\"thumbnailUrl\":\"http:\\\/\\\/vibrationwelding.com\\\/wp-content\\\/uploads\\\/2023\\\/12\\\/Metal-vibration-welding-machine.jpg\",\"datePublished\":\"2023-12-20T06:44:04+00:00\",\"dateModified\":\"2023-12-20T06:56:40+00:00\",\"description\":\"This metal vibration welding machine can save 30% cost compared same function machines: Specifically designed for copper and aluminum products welding and design, different metal parts can share the same welding machine.\",\"breadcrumb\":{\"@id\":\"https:\\\/\\\/vibrationwelding.com\\\/ja\\\/metal-vibration-welding-machine\\\/#breadcrumb\"},\"inLanguage\":\"pt-PT\",\"potentialAction\":[{\"@type\":\"ReadAction\",\"target\":[\"https:\\\/\\\/vibrationwelding.com\\\/ja\\\/metal-vibration-welding-machine\\\/\"]}]},{\"@type\":\"ImageObject\",\"inLanguage\":\"pt-PT\",\"@id\":\"https:\\\/\\\/vibrationwelding.com\\\/ja\\\/metal-vibration-welding-machine\\\/#primaryimage\",\"url\":\"http:\\\/\\\/vibrationwelding.com\\\/wp-content\\\/uploads\\\/2023\\\/12\\\/Metal-vibration-welding-machine.jpg\",\"contentUrl\":\"http:\\\/\\\/vibrationwelding.com\\\/wp-content\\\/uploads\\\/2023\\\/12\\\/Metal-vibration-welding-machine.jpg\"},{\"@type\":\"BreadcrumbList\",\"@id\":\"https:\\\/\\\/vibrationwelding.com\\\/ja\\\/metal-vibration-welding-machine\\\/#breadcrumb\",\"itemListElement\":[{\"@type\":\"ListItem\",\"position\":1,\"name\":\"Home\",\"item\":\"https:\\\/\\\/vibrationwelding.com\\\/\"},{\"@type\":\"ListItem\",\"position\":2,\"name\":\"Metal Vibration Welding Machine\"}]},{\"@type\":\"WebSite\",\"@id\":\"http:\\\/\\\/vibrationwelding.com\\\/ar\\\/#website\",\"url\":\"http:\\\/\\\/vibrationwelding.com\\\/ar\\\/\",\"name\":\"Chinese leading vibration welding machine manufacturer\",\"description\":\"Chinese leading vibration welding machine manufacturer help customers find the best solution to reduce cost and keep quality with good after sales service.\",\"publisher\":{\"@id\":\"http:\\\/\\\/vibrationwelding.com\\\/ar\\\/#organization\"},\"potentialAction\":[{\"@type\":\"SearchAction\",\"target\":{\"@type\":\"EntryPoint\",\"urlTemplate\":\"http:\\\/\\\/vibrationwelding.com\\\/ar\\\/?s={search_term_string}\"},\"query-input\":{\"@type\":\"PropertyValueSpecification\",\"valueRequired\":true,\"valueName\":\"search_term_string\"}}],\"inLanguage\":\"pt-PT\"},{\"@type\":\"Organization\",\"@id\":\"http:\\\/\\\/vibrationwelding.com\\\/ar\\\/#organization\",\"name\":\"Chinese leading vibration welding machine manufacturer\",\"url\":\"http:\\\/\\\/vibrationwelding.com\\\/ar\\\/\",\"logo\":{\"@type\":\"ImageObject\",\"inLanguage\":\"pt-PT\",\"@id\":\"http:\\\/\\\/vibrationwelding.com\\\/ar\\\/#\\\/schema\\\/logo\\\/image\\\/\",\"url\":\"https:\\\/\\\/vibrationwelding.com\\\/wp-content\\\/uploads\\\/2023\\\/09\\\/cropped-cropped-jfortune-logo_\u526f\u672c_\u526f\u672c_\u526f111\u672c_\u526f\u672c-new.png\",\"contentUrl\":\"https:\\\/\\\/vibrationwelding.com\\\/wp-content\\\/uploads\\\/2023\\\/09\\\/cropped-cropped-jfortune-logo_\u526f\u672c_\u526f\u672c_\u526f111\u672c_\u526f\u672c-new.png\",\"width\":512,\"height\":171,\"caption\":\"Chinese leading vibration welding machine manufacturer\"},\"image\":{\"@id\":\"http:\\\/\\\/vibrationwelding.com\\\/ar\\\/#\\\/schema\\\/logo\\\/image\\\/\"}}]}<\/script>\n<!-- \/ Yoast SEO plugin. -->","yoast_head_json":{"title":"M\u00e1quina de solda por vibra\u00e7\u00e3o para metal - Fabricante chin\u00eas l\u00edder de m\u00e1quina de solda por vibra\u00e7\u00e3o","description":"Esta m\u00e1quina de soldadura por vibra\u00e7\u00e3o de metal pode poupar 30% custos em compara\u00e7\u00e3o com m\u00e1quinas com a mesma fun\u00e7\u00e3o: Especificamente concebida para a soldadura e conce\u00e7\u00e3o de produtos de cobre e alum\u00ednio, diferentes pe\u00e7as met\u00e1licas podem partilhar a mesma m\u00e1quina de soldar.","robots":{"index":"index","follow":"follow","max-snippet":"max-snippet:-1","max-image-preview":"max-image-preview:large","max-video-preview":"max-video-preview:-1"},"canonical":"https:\/\/vibrationwelding.com\/pt\/metal-vibration-welding-machine\/","og_locale":"pt_PT","og_type":"article","og_title":"Metal Vibration Welding Machine - Chinese leading vibration welding machine manufacturer","og_description":"This metal vibration welding machine can save 30% cost compared same function machines: Specifically designed for copper and aluminum products welding and design, different metal parts can share the same welding machine.","og_url":"https:\/\/vibrationwelding.com\/pt\/metal-vibration-welding-machine\/","og_site_name":"Chinese leading vibration welding machine manufacturer","article_modified_time":"2023-12-20T06:56:40+00:00","og_image":[{"url":"http:\/\/vibrationwelding.com\/wp-content\/uploads\/2023\/12\/Metal-vibration-welding-machine.jpg","type":"","width":"","height":""}],"twitter_card":"summary_large_image","twitter_misc":{"Tempo estimado de leitura":"1 minuto"},"schema":{"@context":"https:\/\/schema.org","@graph":[{"@type":"WebPage","@id":"https:\/\/vibrationwelding.com\/ja\/metal-vibration-welding-machine\/","url":"https:\/\/vibrationwelding.com\/ja\/metal-vibration-welding-machine\/","name":"M\u00e1quina de solda por vibra\u00e7\u00e3o para metal - Fabricante chin\u00eas l\u00edder de m\u00e1quina de solda por vibra\u00e7\u00e3o","isPartOf":{"@id":"http:\/\/vibrationwelding.com\/ar\/#website"},"primaryImageOfPage":{"@id":"https:\/\/vibrationwelding.com\/ja\/metal-vibration-welding-machine\/#primaryimage"},"image":{"@id":"https:\/\/vibrationwelding.com\/ja\/metal-vibration-welding-machine\/#primaryimage"},"thumbnailUrl":"http:\/\/vibrationwelding.com\/wp-content\/uploads\/2023\/12\/Metal-vibration-welding-machine.jpg","datePublished":"2023-12-20T06:44:04+00:00","dateModified":"2023-12-20T06:56:40+00:00","description":"Esta m\u00e1quina de soldadura por vibra\u00e7\u00e3o de metal pode poupar 30% custos em compara\u00e7\u00e3o com m\u00e1quinas com a mesma fun\u00e7\u00e3o: Especificamente concebida para a soldadura e conce\u00e7\u00e3o de produtos de cobre e alum\u00ednio, diferentes pe\u00e7as met\u00e1licas podem partilhar a mesma m\u00e1quina de soldar.","breadcrumb":{"@id":"https:\/\/vibrationwelding.com\/ja\/metal-vibration-welding-machine\/#breadcrumb"},"inLanguage":"pt-PT","potentialAction":[{"@type":"ReadAction","target":["https:\/\/vibrationwelding.com\/ja\/metal-vibration-welding-machine\/"]}]},{"@type":"ImageObject","inLanguage":"pt-PT","@id":"https:\/\/vibrationwelding.com\/ja\/metal-vibration-welding-machine\/#primaryimage","url":"http:\/\/vibrationwelding.com\/wp-content\/uploads\/2023\/12\/Metal-vibration-welding-machine.jpg","contentUrl":"http:\/\/vibrationwelding.com\/wp-content\/uploads\/2023\/12\/Metal-vibration-welding-machine.jpg"},{"@type":"BreadcrumbList","@id":"https:\/\/vibrationwelding.com\/ja\/metal-vibration-welding-machine\/#breadcrumb","itemListElement":[{"@type":"ListItem","position":1,"name":"Home","item":"https:\/\/vibrationwelding.com\/"},{"@type":"ListItem","position":2,"name":"Metal Vibration Welding Machine"}]},{"@type":"WebSite","@id":"http:\/\/vibrationwelding.com\/ar\/#website","url":"http:\/\/vibrationwelding.com\/ar\/","name":"Fabricante chin\u00eas l\u00edder de m\u00e1quinas de soldadura por vibra\u00e7\u00e3o","description":"O principal fabricante chin\u00eas de m\u00e1quina de solda por vibra\u00e7\u00e3o ajuda os clientes a encontrar a melhor solu\u00e7\u00e3o para reduzir o custo e manter a qualidade com um bom servi\u00e7o p\u00f3s-venda.","publisher":{"@id":"http:\/\/vibrationwelding.com\/ar\/#organization"},"potentialAction":[{"@type":"SearchAction","target":{"@type":"EntryPoint","urlTemplate":"http:\/\/vibrationwelding.com\/ar\/?s={search_term_string}"},"query-input":{"@type":"PropertyValueSpecification","valueRequired":true,"valueName":"search_term_string"}}],"inLanguage":"pt-PT"},{"@type":"Organization","@id":"http:\/\/vibrationwelding.com\/ar\/#organization","name":"Fabricante chin\u00eas l\u00edder de m\u00e1quinas de soldadura por vibra\u00e7\u00e3o","url":"http:\/\/vibrationwelding.com\/ar\/","logo":{"@type":"ImageObject","inLanguage":"pt-PT","@id":"http:\/\/vibrationwelding.com\/ar\/#\/schema\/logo\/image\/","url":"https:\/\/vibrationwelding.com\/wp-content\/uploads\/2023\/09\/cropped-cropped-jfortune-logo_\u526f\u672c_\u526f\u672c_\u526f111\u672c_\u526f\u672c-new.png","contentUrl":"https:\/\/vibrationwelding.com\/wp-content\/uploads\/2023\/09\/cropped-cropped-jfortune-logo_\u526f\u672c_\u526f\u672c_\u526f111\u672c_\u526f\u672c-new.png","width":512,"height":171,"caption":"Chinese leading vibration welding machine manufacturer"},"image":{"@id":"http:\/\/vibrationwelding.com\/ar\/#\/schema\/logo\/image\/"}}]}},"_links":{"self":[{"href":"https:\/\/vibrationwelding.com\/pt\/wp-json\/wp\/v2\/pages\/916","targetHints":{"allow":["GET"]}}],"collection":[{"href":"https:\/\/vibrationwelding.com\/pt\/wp-json\/wp\/v2\/pages"}],"about":[{"href":"https:\/\/vibrationwelding.com\/pt\/wp-json\/wp\/v2\/types\/page"}],"author":[{"embeddable":true,"href":"https:\/\/vibrationwelding.com\/pt\/wp-json\/wp\/v2\/users\/1"}],"replies":[{"embeddable":true,"href":"https:\/\/vibrationwelding.com\/pt\/wp-json\/wp\/v2\/comments?post=916"}],"version-history":[{"count":5,"href":"https:\/\/vibrationwelding.com\/pt\/wp-json\/wp\/v2\/pages\/916\/revisions"}],"predecessor-version":[{"id":928,"href":"https:\/\/vibrationwelding.com\/pt\/wp-json\/wp\/v2\/pages\/916\/revisions\/928"}],"wp:attachment":[{"href":"https:\/\/vibrationwelding.com\/pt\/wp-json\/wp\/v2\/media?parent=916"}],"curies":[{"name":"wp","href":"https:\/\/api.w.org\/{rel}","templated":true}]}}