{"id":970,"date":"2024-01-16T03:27:18","date_gmt":"2024-01-16T03:27:18","guid":{"rendered":"https:\/\/vibrationwelding.com\/?page_id=970"},"modified":"2026-05-09T09:43:53","modified_gmt":"2026-05-09T09:43:53","slug":"machine-delivery-inspection","status":"publish","type":"page","link":"https:\/\/vibrationwelding.com\/pt\/machine-delivery-inspection\/","title":{"rendered":"Inspe\u00e7\u00e3o de entrega da m\u00e1quina"},"content":{"rendered":"<div data-elementor-type=\"wp-page\" data-elementor-id=\"970\" class=\"elementor elementor-970\" data-elementor-post-type=\"page\">\n\t\t\t\t\t\t<section class=\"elementor-section elementor-top-section elementor-element elementor-element-43e9adb elementor-section-boxed elementor-section-height-default elementor-section-height-default\" data-id=\"43e9adb\" data-element_type=\"section\" data-e-type=\"section\">\n\t\t\t\t\t\t<div class=\"elementor-container elementor-column-gap-default\">\n\t\t\t\t\t<div class=\"elementor-column elementor-col-100 elementor-top-column elementor-element elementor-element-a4647ad\" data-id=\"a4647ad\" data-element_type=\"column\" data-e-type=\"column\">\n\t\t\t<div class=\"elementor-widget-wrap elementor-element-populated\">\n\t\t\t\t\t\t<div class=\"elementor-element elementor-element-2c127ef elementor-widget elementor-widget-heading\" data-id=\"2c127ef\" data-element_type=\"widget\" data-e-type=\"widget\" data-widget_type=\"heading.default\">\n\t\t\t\t<div class=\"elementor-widget-container\">\n\t\t\t\t\t<h2 class=\"elementor-heading-title elementor-size-default\">Lista de verifica\u00e7\u00e3o completa da inspe\u00e7\u00e3o de entrega da m\u00e1quina de soldadura por vibra\u00e7\u00e3o<\/h2>\t\t\t\t<\/div>\n\t\t\t\t<\/div>\n\t\t\t\t<div class=\"elementor-element elementor-element-5d0a7f9 elementor-widget elementor-widget-text-editor\" data-id=\"5d0a7f9\" data-element_type=\"widget\" data-e-type=\"widget\" data-widget_type=\"text-editor.default\">\n\t\t\t\t<div class=\"elementor-widget-container\">\n\t\t\t\t\t\t\t\t\t<p id=\"ember1472\" class=\"ember-view reader-content-blocks__paragraph\">Antes de enviarmos o <a class=\"app-aware-link\" href=\"https:\/\/vibrationwelding.com\/pt\/vibration-welding-machine\/\" target=\"_self\" data-test-app-aware-link=\"\">m\u00e1quina de soldar por vibra\u00e7\u00e3o<\/a>Para garantir um processo de entrega satisfat\u00f3rio, \u00e9 frequentemente necess\u00e1rio verificar a lista de verifica\u00e7\u00e3o de inspe\u00e7\u00e3o da entrega. Esta lista de verifica\u00e7\u00e3o abrangente cobre muitos aspectos da expedi\u00e7\u00e3o para garantir que todos os requisitos s\u00e3o cumpridos e que o cliente recebe o seu equipamento nas melhores condi\u00e7\u00f5es.<\/p><p id=\"ember1473\" class=\"ember-view reader-content-blocks__paragraph\"><strong>Solu\u00e7\u00f5es de embalagem:<\/strong><\/p><p id=\"ember1474\" class=\"ember-view reader-content-blocks__paragraph\">Verificar se as solu\u00e7\u00f5es de embalagem foram validadas pelas equipas internas da f\u00e1brica e pelo cliente. A embalagem personalizada garante que a m\u00e1quina est\u00e1 bem protegida durante o transporte.<\/p><p id=\"ember1475\" class=\"ember-view reader-content-blocks__paragraph\"><strong>Plano de execu\u00e7\u00e3o:<\/strong><\/p><p class=\"ember-view reader-content-blocks__paragraph\">Assegurar a exist\u00eancia de um plano de entrega claro e bem documentado que esteja de acordo com os requisitos do cliente. Este plano deve abranger os prazos de entrega, as localiza\u00e7\u00f5es e quaisquer instru\u00e7\u00f5es de entrega espec\u00edficas.<\/p><figure id=\"attachment_1513\" aria-describedby=\"caption-attachment-1513\" style=\"width: 1024px\" class=\"wp-caption alignnone\"><img fetchpriority=\"high\" decoding=\"async\" class=\"wp-image-1513 size-large\" src=\"http:\/\/vibrationwelding.com\/wp-content\/uploads\/2026\/05\/Vibration-Welding-Cost-1024x1024.jpg\" alt=\"Vibration Welding Cost\" width=\"1024\" height=\"1024\" srcset=\"https:\/\/vibrationwelding.com\/wp-content\/uploads\/2026\/05\/Vibration-Welding-Cost-1024x1024.jpg 1024w, https:\/\/vibrationwelding.com\/wp-content\/uploads\/2026\/05\/Vibration-Welding-Cost-300x300.jpg 300w, https:\/\/vibrationwelding.com\/wp-content\/uploads\/2026\/05\/Vibration-Welding-Cost-150x150.jpg 150w, https:\/\/vibrationwelding.com\/wp-content\/uploads\/2026\/05\/Vibration-Welding-Cost-768x768.jpg 768w, https:\/\/vibrationwelding.com\/wp-content\/uploads\/2026\/05\/Vibration-Welding-Cost-12x12.jpg 12w, https:\/\/vibrationwelding.com\/wp-content\/uploads\/2026\/05\/Vibration-Welding-Cost.jpg 1254w\" sizes=\"(max-width: 1024px) 100vw, 1024px\" \/><figcaption id=\"caption-attachment-1513\" class=\"wp-caption-text\">Vibration Welding Cost<\/figcaption><\/figure><p id=\"ember1477\" class=\"ember-view reader-content-blocks__paragraph\"><strong>Pr\u00e9-aceita\u00e7\u00e3o do soldador por vibra\u00e7\u00e3o:<\/strong><\/p><p id=\"ember1478\" class=\"ember-view reader-content-blocks__paragraph\">Confirmar que o <a class=\"app-aware-link\" href=\"https:\/\/vibrationwelding.com\/pt\/vibration-welding-machine\/\" target=\"_self\" data-test-app-aware-link=\"\">soldador por vibra\u00e7\u00e3o<\/a> foi pr\u00e9-aceite e que cumpre todos os requisitos e normas de qualidade especificados.<\/p><p id=\"ember1480\" class=\"ember-view reader-content-blocks__paragraph\"><strong>As quest\u00f5es pendentes est\u00e3o encerradas:<\/strong><\/p><p id=\"ember1481\" class=\"ember-view reader-content-blocks__paragraph\">Assegurar que todas as quest\u00f5es pendentes identificadas durante a inspe\u00e7\u00e3o de pr\u00e9-aceita\u00e7\u00e3o foram abordadas, resolvidas e aprovadas pelo cliente.<\/p><p id=\"ember1482\" class=\"ember-view reader-content-blocks__paragraph\"><strong>Log\u00edstica e transportes:<\/strong><\/p><p id=\"ember1483\" class=\"ember-view reader-content-blocks__paragraph\">Verificar se foi selecionada uma empresa de log\u00edstica\/transporte designada para o <a class=\"app-aware-link\" href=\"https:\/\/vibrationwelding.com\/pt\/vibration-welding-machine\/\" target=\"_self\" data-test-app-aware-link=\"\">m\u00e1quina de soldar por vibra\u00e7\u00e3o<\/a> e que o plano log\u00edstico seja confirmado. Tal inclui a especifica\u00e7\u00e3o do modo de transporte e a garantia de uma entrega atempada.<\/p><p id=\"ember1484\" class=\"ember-view reader-content-blocks__paragraph\"><strong>Ferramentas e materiais de embalagem:<\/strong><\/p><p id=\"ember1485\" class=\"ember-view reader-content-blocks__paragraph\">Confirmar que todas as ferramentas e materiais de embalagem necess\u00e1rios est\u00e3o preparados de acordo com o esquema de embalagem. Uma embalagem correta \u00e9 essencial para evitar danos durante o transporte.<\/p><p id=\"ember1486\" class=\"ember-view reader-content-blocks__paragraph\"><strong>Pe\u00e7as sobressalentes e componentes:<\/strong><\/p><p id=\"ember1487\" class=\"ember-view reader-content-blocks__paragraph\">Verificar se todas as pe\u00e7as sobressalentes ou componentes finais est\u00e3o embalados de acordo com o esquema de embalagem para garantir que tudo o que \u00e9 necess\u00e1rio para o funcionamento est\u00e1 inclu\u00eddo.<\/p><p id=\"ember1488\" class=\"ember-view reader-content-blocks__paragraph\"><strong>Documenta\u00e7\u00e3o:<\/strong><\/p><p id=\"ember1489\" class=\"ember-view reader-content-blocks__paragraph\">Assegurar que todos os documentos relevantes de <a class=\"app-aware-link\" href=\"https:\/\/vibrationwelding.com\/pt\/vibration-welding-machine\/\" target=\"_self\" data-test-app-aware-link=\"\">equipamento de soldadura por vibra\u00e7\u00e3o<\/a>Os documentos t\u00e9cnicos, os documentos de desalfandegamento, os documentos de seguro e qualquer outra documenta\u00e7\u00e3o necess\u00e1ria s\u00e3o preparados e embalados conforme especificado.<\/p><p id=\"ember1490\" class=\"ember-view reader-content-blocks__paragraph\"><strong>Informa\u00e7\u00f5es de entrega:<\/strong><\/p><p id=\"ember1491\" class=\"ember-view reader-content-blocks__paragraph\">Notificar o cliente de todas as informa\u00e7\u00f5es de entrega relevantes, incluindo documentos t\u00e9cnicos e calend\u00e1rios de entrega, e confirmar a sua compreens\u00e3o e acordo.<\/p><p id=\"ember1492\" class=\"ember-view reader-content-blocks__paragraph\"><strong>Instala\u00e7\u00e3o e depura\u00e7\u00e3o:<\/strong><\/p><p id=\"ember1493\" class=\"ember-view reader-content-blocks__paragraph\">Confirmar que o <a class=\"app-aware-link\" href=\"https:\/\/vibrationwelding.com\/pt\/vibration-welding-machine\/\" target=\"_self\" data-test-app-aware-link=\"\">soldador por vibra\u00e7\u00e3o<\/a> O plano de instala\u00e7\u00e3o e depura\u00e7\u00e3o para a f\u00e1brica do cliente foi finalizado e acordado com o cliente. Assegurar que uma equipa de instala\u00e7\u00e3o qualificada est\u00e1 pronta na f\u00e1brica para instalar o <a class=\"app-aware-link\" href=\"https:\/\/vibrationwelding.com\/pt\/vibration-welding-machine\/\" target=\"_self\" data-test-app-aware-link=\"\">m\u00e1quina de soldar por vibra\u00e7\u00e3o<\/a> de acordo com o plano.<\/p><p id=\"ember1495\" class=\"ember-view reader-content-blocks__paragraph\"><strong>Requisitos da lista de controlo da expedi\u00e7\u00e3o:<\/strong><\/p><p id=\"ember1496\" class=\"ember-view reader-content-blocks__paragraph\">Verificar se todos os requisitos enumerados no <a class=\"app-aware-link\" href=\"https:\/\/vibrationwelding.com\/pt\/vibration-welding-machine\/\" target=\"_self\" data-test-app-aware-link=\"\">soldador por vibra\u00e7\u00e3o<\/a> A lista de controlo da expedi\u00e7\u00e3o \u00e9 preenchida, garantindo que nada \u00e9 esquecido antes da expedi\u00e7\u00e3o.<\/p><p id=\"ember1497\" class=\"ember-view reader-content-blocks__paragraph\"><strong>Entrega atempada:<\/strong><\/p><p id=\"ember1498\" class=\"ember-view reader-content-blocks__paragraph\">Monitorizar a expedi\u00e7\u00e3o para garantir que o cliente recebe o produto a tempo e que a embalagem permanece intacta e sem danos durante o transporte.<\/p><p id=\"ember1499\" class=\"ember-view reader-content-blocks__paragraph\">Ao verificar meticulosamente cada item desta lista de verifica\u00e7\u00e3o de inspe\u00e7\u00e3o da entrega, podemos garantir aos nossos clientes que os seus <a class=\"app-aware-link\" href=\"https:\/\/vibrationwelding.com\/pt\/vibration-welding-machine\/\" target=\"_self\" data-test-app-aware-link=\"\">m\u00e1quina de soldar por vibra\u00e7\u00e3o<\/a> ser\u00e3o entregues em seguran\u00e7a, satisfazendo as suas expectativas e requisitos operacionais.<\/p><p id=\"ember1500\" class=\"ember-view reader-content-blocks__paragraph\">1TP5Soldadura por vibra\u00e7\u00e3o 1TP5Soldadura por vibra\u00e7\u00e3o 1TP5M\u00e1quina de soldadura por vibra\u00e7\u00e3o 1TP5Equipamento de soldadura por vibra\u00e7\u00e3o<\/p>\t\t\t\t\t\t\t\t<\/div>\n\t\t\t\t<\/div>\n\t\t\t\t\t<\/div>\n\t\t<\/div>\n\t\t\t\t\t<\/div>\n\t\t<\/section>\n\t\t\t\t<\/div>","protected":false},"excerpt":{"rendered":"<p>Comprehensive Vibration Welding Machine Delivery Inspection Checklist Before we ship the vibration welding machine, we often need to check the delivery inspection checklist to ensure a satisfying delivery process. This comprehensive checklist covers many aspects of the shipment to ensure that all requirements are met and that the customer receives their equipment in the best [&hellip;]<\/p>\n","protected":false},"author":1,"featured_media":0,"parent":0,"menu_order":0,"comment_status":"closed","ping_status":"closed","template":"","meta":{"nf_dc_page":"","site-sidebar-layout":"no-sidebar","site-content-layout":"page-builder","ast-site-content-layout":"full-width-container","site-content-style":"default","site-sidebar-style":"default","ast-global-header-display":"","ast-banner-title-visibility":"","ast-main-header-display":"","ast-hfb-above-header-display":"","ast-hfb-below-header-display":"","ast-hfb-mobile-header-display":"","site-post-title":"disabled","ast-breadcrumbs-content":"","ast-featured-img":"disabled","footer-sml-layout":"","ast-disable-related-posts":"","theme-transparent-header-meta":"","adv-header-id-meta":"","stick-header-meta":"","header-above-stick-meta":"","header-main-stick-meta":"","header-below-stick-meta":"","astra-migrate-meta-layouts":"set","ast-page-background-enabled":"default","ast-page-background-meta":{"desktop":{"background-color":"var(--ast-global-color-4)","background-image":"","background-repeat":"repeat","background-position":"center center","background-size":"auto","background-attachment":"scroll","background-type":"","background-media":"","overlay-type":"","overlay-color":"","overlay-opacity":"","overlay-gradient":""},"tablet":{"background-color":"","background-image":"","background-repeat":"repeat","background-position":"center center","background-size":"auto","background-attachment":"scroll","background-type":"","background-media":"","overlay-type":"","overlay-color":"","overlay-opacity":"","overlay-gradient":""},"mobile":{"background-color":"","background-image":"","background-repeat":"repeat","background-position":"center center","background-size":"auto","background-attachment":"scroll","background-type":"","background-media":"","overlay-type":"","overlay-color":"","overlay-opacity":"","overlay-gradient":""}},"ast-content-background-meta":{"desktop":{"background-color":"var(--ast-global-color-5)","background-image":"","background-repeat":"repeat","background-position":"center center","background-size":"auto","background-attachment":"scroll","background-type":"","background-media":"","overlay-type":"","overlay-color":"","overlay-opacity":"","overlay-gradient":""},"tablet":{"background-color":"var(--ast-global-color-5)","background-image":"","background-repeat":"repeat","background-position":"center center","background-size":"auto","background-attachment":"scroll","background-type":"","background-media":"","overlay-type":"","overlay-color":"","overlay-opacity":"","overlay-gradient":""},"mobile":{"background-color":"var(--ast-global-color-5)","background-image":"","background-repeat":"repeat","background-position":"center center","background-size":"auto","background-attachment":"scroll","background-type":"","background-media":"","overlay-type":"","overlay-color":"","overlay-opacity":"","overlay-gradient":""}},"footnotes":""},"class_list":["post-970","page","type-page","status-publish","hentry"],"yoast_head":"<!-- This site is optimized with the Yoast SEO plugin v27.5 - https:\/\/yoast.com\/product\/yoast-seo-wordpress\/ -->\n<title>Machine Delivery Inspection - Chinese leading vibration welding machine manufacturer<\/title>\n<meta name=\"description\" content=\"Before we ship the vibration welding machine, we often need to check the delivery inspection checklist to ensure a satisfying delivery process.\" \/>\n<meta name=\"robots\" content=\"index, follow, max-snippet:-1, max-image-preview:large, max-video-preview:-1\" \/>\n<link rel=\"canonical\" href=\"http:\/\/vibrationwelding.com\/pt\/machine-delivery-inspection\/\" \/>\n<meta property=\"og:locale\" content=\"pt_PT\" \/>\n<meta property=\"og:type\" content=\"article\" \/>\n<meta property=\"og:title\" content=\"Machine Delivery Inspection - Chinese leading vibration welding machine manufacturer\" \/>\n<meta property=\"og:description\" content=\"Before we ship the vibration welding machine, we often need to check the delivery inspection checklist to ensure a satisfying delivery process.\" \/>\n<meta property=\"og:url\" content=\"http:\/\/vibrationwelding.com\/pt\/machine-delivery-inspection\/\" \/>\n<meta property=\"og:site_name\" content=\"Chinese leading vibration welding machine manufacturer\" \/>\n<meta property=\"article:modified_time\" content=\"2026-05-09T09:43:53+00:00\" \/>\n<meta property=\"og:image\" content=\"http:\/\/vibrationwelding.com\/wp-content\/uploads\/2026\/05\/Vibration-Welding-Cost-1024x1024.jpg\" \/>\n<meta name=\"twitter:card\" content=\"summary_large_image\" \/>\n<meta name=\"twitter:label1\" content=\"Tempo estimado de leitura\" \/>\n\t<meta name=\"twitter:data1\" content=\"3 minutos\" \/>\n<script type=\"application\/ld+json\" class=\"yoast-schema-graph\">{\"@context\":\"https:\\\/\\\/schema.org\",\"@graph\":[{\"@type\":\"WebPage\",\"@id\":\"http:\\\/\\\/vibrationwelding.com\\\/pt\\\/machine-delivery-inspection\\\/\",\"url\":\"http:\\\/\\\/vibrationwelding.com\\\/pt\\\/machine-delivery-inspection\\\/\",\"name\":\"Machine Delivery Inspection - Chinese leading vibration welding machine manufacturer\",\"isPartOf\":{\"@id\":\"http:\\\/\\\/vibrationwelding.com\\\/ar\\\/#website\"},\"primaryImageOfPage\":{\"@id\":\"http:\\\/\\\/vibrationwelding.com\\\/pt\\\/machine-delivery-inspection\\\/#primaryimage\"},\"image\":{\"@id\":\"http:\\\/\\\/vibrationwelding.com\\\/pt\\\/machine-delivery-inspection\\\/#primaryimage\"},\"thumbnailUrl\":\"http:\\\/\\\/vibrationwelding.com\\\/wp-content\\\/uploads\\\/2026\\\/05\\\/Vibration-Welding-Cost-1024x1024.jpg\",\"datePublished\":\"2024-01-16T03:27:18+00:00\",\"dateModified\":\"2026-05-09T09:43:53+00:00\",\"description\":\"Before we ship the vibration welding machine, we often need to check the delivery inspection checklist to ensure a satisfying delivery process.\",\"breadcrumb\":{\"@id\":\"http:\\\/\\\/vibrationwelding.com\\\/pt\\\/machine-delivery-inspection\\\/#breadcrumb\"},\"inLanguage\":\"pt-PT\",\"potentialAction\":[{\"@type\":\"ReadAction\",\"target\":[\"http:\\\/\\\/vibrationwelding.com\\\/pt\\\/machine-delivery-inspection\\\/\"]}]},{\"@type\":\"ImageObject\",\"inLanguage\":\"pt-PT\",\"@id\":\"http:\\\/\\\/vibrationwelding.com\\\/pt\\\/machine-delivery-inspection\\\/#primaryimage\",\"url\":\"http:\\\/\\\/vibrationwelding.com\\\/wp-content\\\/uploads\\\/2026\\\/05\\\/Vibration-Welding-Cost-1024x1024.jpg\",\"contentUrl\":\"http:\\\/\\\/vibrationwelding.com\\\/wp-content\\\/uploads\\\/2026\\\/05\\\/Vibration-Welding-Cost-1024x1024.jpg\"},{\"@type\":\"BreadcrumbList\",\"@id\":\"http:\\\/\\\/vibrationwelding.com\\\/pt\\\/machine-delivery-inspection\\\/#breadcrumb\",\"itemListElement\":[{\"@type\":\"ListItem\",\"position\":1,\"name\":\"Home\",\"item\":\"https:\\\/\\\/vibrationwelding.com\\\/\"},{\"@type\":\"ListItem\",\"position\":2,\"name\":\"Machine Delivery Inspection\"}]},{\"@type\":\"WebSite\",\"@id\":\"http:\\\/\\\/vibrationwelding.com\\\/ar\\\/#website\",\"url\":\"http:\\\/\\\/vibrationwelding.com\\\/ar\\\/\",\"name\":\"Chinese leading vibration welding machine manufacturer\",\"description\":\"Chinese leading vibration welding machine manufacturer help customers find the best solution to reduce cost and keep quality with good after sales service.\",\"publisher\":{\"@id\":\"http:\\\/\\\/vibrationwelding.com\\\/ar\\\/#organization\"},\"potentialAction\":[{\"@type\":\"SearchAction\",\"target\":{\"@type\":\"EntryPoint\",\"urlTemplate\":\"http:\\\/\\\/vibrationwelding.com\\\/ar\\\/?s={search_term_string}\"},\"query-input\":{\"@type\":\"PropertyValueSpecification\",\"valueRequired\":true,\"valueName\":\"search_term_string\"}}],\"inLanguage\":\"pt-PT\"},{\"@type\":\"Organization\",\"@id\":\"http:\\\/\\\/vibrationwelding.com\\\/ar\\\/#organization\",\"name\":\"Chinese leading vibration welding machine manufacturer\",\"url\":\"http:\\\/\\\/vibrationwelding.com\\\/ar\\\/\",\"logo\":{\"@type\":\"ImageObject\",\"inLanguage\":\"pt-PT\",\"@id\":\"http:\\\/\\\/vibrationwelding.com\\\/ar\\\/#\\\/schema\\\/logo\\\/image\\\/\",\"url\":\"https:\\\/\\\/vibrationwelding.com\\\/wp-content\\\/uploads\\\/2023\\\/09\\\/cropped-cropped-jfortune-logo_\u526f\u672c_\u526f\u672c_\u526f111\u672c_\u526f\u672c-new.png\",\"contentUrl\":\"https:\\\/\\\/vibrationwelding.com\\\/wp-content\\\/uploads\\\/2023\\\/09\\\/cropped-cropped-jfortune-logo_\u526f\u672c_\u526f\u672c_\u526f111\u672c_\u526f\u672c-new.png\",\"width\":512,\"height\":171,\"caption\":\"Chinese leading vibration welding machine manufacturer\"},\"image\":{\"@id\":\"http:\\\/\\\/vibrationwelding.com\\\/ar\\\/#\\\/schema\\\/logo\\\/image\\\/\"}}]}<\/script>\n<!-- \/ Yoast SEO plugin. -->","yoast_head_json":{"title":"Inspe\u00e7\u00e3o da entrega da m\u00e1quina - Fabricante chin\u00eas l\u00edder de m\u00e1quinas de soldadura por vibra\u00e7\u00e3o","description":"Antes de enviarmos a m\u00e1quina de soldar por vibra\u00e7\u00e3o, precisamos frequentemente de verificar a lista de verifica\u00e7\u00e3o de inspe\u00e7\u00e3o da entrega para garantir um processo de entrega satisfat\u00f3rio.","robots":{"index":"index","follow":"follow","max-snippet":"max-snippet:-1","max-image-preview":"max-image-preview:large","max-video-preview":"max-video-preview:-1"},"canonical":"http:\/\/vibrationwelding.com\/pt\/machine-delivery-inspection\/","og_locale":"pt_PT","og_type":"article","og_title":"Machine Delivery Inspection - Chinese leading vibration welding machine manufacturer","og_description":"Before we ship the vibration welding machine, we often need to check the delivery inspection checklist to ensure a satisfying delivery process.","og_url":"http:\/\/vibrationwelding.com\/pt\/machine-delivery-inspection\/","og_site_name":"Chinese leading vibration welding machine manufacturer","article_modified_time":"2026-05-09T09:43:53+00:00","og_image":[{"url":"http:\/\/vibrationwelding.com\/wp-content\/uploads\/2026\/05\/Vibration-Welding-Cost-1024x1024.jpg","type":"","width":"","height":""}],"twitter_card":"summary_large_image","twitter_misc":{"Tempo estimado de leitura":"3 minutos"},"schema":{"@context":"https:\/\/schema.org","@graph":[{"@type":"WebPage","@id":"http:\/\/vibrationwelding.com\/pt\/machine-delivery-inspection\/","url":"http:\/\/vibrationwelding.com\/pt\/machine-delivery-inspection\/","name":"Inspe\u00e7\u00e3o da entrega da m\u00e1quina - Fabricante chin\u00eas l\u00edder de m\u00e1quinas de soldadura por vibra\u00e7\u00e3o","isPartOf":{"@id":"http:\/\/vibrationwelding.com\/ar\/#website"},"primaryImageOfPage":{"@id":"http:\/\/vibrationwelding.com\/pt\/machine-delivery-inspection\/#primaryimage"},"image":{"@id":"http:\/\/vibrationwelding.com\/pt\/machine-delivery-inspection\/#primaryimage"},"thumbnailUrl":"http:\/\/vibrationwelding.com\/wp-content\/uploads\/2026\/05\/Vibration-Welding-Cost-1024x1024.jpg","datePublished":"2024-01-16T03:27:18+00:00","dateModified":"2026-05-09T09:43:53+00:00","description":"Antes de enviarmos a m\u00e1quina de soldar por vibra\u00e7\u00e3o, precisamos frequentemente de verificar a lista de verifica\u00e7\u00e3o de inspe\u00e7\u00e3o da entrega para garantir um processo de entrega satisfat\u00f3rio.","breadcrumb":{"@id":"http:\/\/vibrationwelding.com\/pt\/machine-delivery-inspection\/#breadcrumb"},"inLanguage":"pt-PT","potentialAction":[{"@type":"ReadAction","target":["http:\/\/vibrationwelding.com\/pt\/machine-delivery-inspection\/"]}]},{"@type":"ImageObject","inLanguage":"pt-PT","@id":"http:\/\/vibrationwelding.com\/pt\/machine-delivery-inspection\/#primaryimage","url":"http:\/\/vibrationwelding.com\/wp-content\/uploads\/2026\/05\/Vibration-Welding-Cost-1024x1024.jpg","contentUrl":"http:\/\/vibrationwelding.com\/wp-content\/uploads\/2026\/05\/Vibration-Welding-Cost-1024x1024.jpg"},{"@type":"BreadcrumbList","@id":"http:\/\/vibrationwelding.com\/pt\/machine-delivery-inspection\/#breadcrumb","itemListElement":[{"@type":"ListItem","position":1,"name":"Home","item":"https:\/\/vibrationwelding.com\/"},{"@type":"ListItem","position":2,"name":"Machine Delivery Inspection"}]},{"@type":"WebSite","@id":"http:\/\/vibrationwelding.com\/ar\/#website","url":"http:\/\/vibrationwelding.com\/ar\/","name":"Fabricante chin\u00eas l\u00edder de m\u00e1quinas de soldadura por vibra\u00e7\u00e3o","description":"O principal fabricante chin\u00eas de m\u00e1quina de solda por vibra\u00e7\u00e3o ajuda os clientes a encontrar a melhor solu\u00e7\u00e3o para reduzir o custo e manter a qualidade com um bom servi\u00e7o p\u00f3s-venda.","publisher":{"@id":"http:\/\/vibrationwelding.com\/ar\/#organization"},"potentialAction":[{"@type":"SearchAction","target":{"@type":"EntryPoint","urlTemplate":"http:\/\/vibrationwelding.com\/ar\/?s={search_term_string}"},"query-input":{"@type":"PropertyValueSpecification","valueRequired":true,"valueName":"search_term_string"}}],"inLanguage":"pt-PT"},{"@type":"Organization","@id":"http:\/\/vibrationwelding.com\/ar\/#organization","name":"Fabricante chin\u00eas l\u00edder de m\u00e1quinas de soldadura por vibra\u00e7\u00e3o","url":"http:\/\/vibrationwelding.com\/ar\/","logo":{"@type":"ImageObject","inLanguage":"pt-PT","@id":"http:\/\/vibrationwelding.com\/ar\/#\/schema\/logo\/image\/","url":"https:\/\/vibrationwelding.com\/wp-content\/uploads\/2023\/09\/cropped-cropped-jfortune-logo_\u526f\u672c_\u526f\u672c_\u526f111\u672c_\u526f\u672c-new.png","contentUrl":"https:\/\/vibrationwelding.com\/wp-content\/uploads\/2023\/09\/cropped-cropped-jfortune-logo_\u526f\u672c_\u526f\u672c_\u526f111\u672c_\u526f\u672c-new.png","width":512,"height":171,"caption":"Chinese leading vibration welding machine manufacturer"},"image":{"@id":"http:\/\/vibrationwelding.com\/ar\/#\/schema\/logo\/image\/"}}]}},"_links":{"self":[{"href":"https:\/\/vibrationwelding.com\/pt\/wp-json\/wp\/v2\/pages\/970","targetHints":{"allow":["GET"]}}],"collection":[{"href":"https:\/\/vibrationwelding.com\/pt\/wp-json\/wp\/v2\/pages"}],"about":[{"href":"https:\/\/vibrationwelding.com\/pt\/wp-json\/wp\/v2\/types\/page"}],"author":[{"embeddable":true,"href":"https:\/\/vibrationwelding.com\/pt\/wp-json\/wp\/v2\/users\/1"}],"replies":[{"embeddable":true,"href":"https:\/\/vibrationwelding.com\/pt\/wp-json\/wp\/v2\/comments?post=970"}],"version-history":[{"count":14,"href":"https:\/\/vibrationwelding.com\/pt\/wp-json\/wp\/v2\/pages\/970\/revisions"}],"predecessor-version":[{"id":1516,"href":"https:\/\/vibrationwelding.com\/pt\/wp-json\/wp\/v2\/pages\/970\/revisions\/1516"}],"wp:attachment":[{"href":"https:\/\/vibrationwelding.com\/pt\/wp-json\/wp\/v2\/media?parent=970"}],"curies":[{"name":"wp","href":"https:\/\/api.w.org\/{rel}","templated":true}]}}